{"id":763032,"date":"2025-08-28T10:28:20","date_gmt":"2025-08-28T07:28:20","guid":{"rendered":"https:\/\/roveyayinevi.com.tr\/index.php\/urun\/percy-jackson-ve-yunan-tanrilari\/"},"modified":"2026-04-15T03:28:33","modified_gmt":"2026-04-15T00:28:33","slug":"percy-jackson-ve-yunan-tanrilari","status":"publish","type":"product","link":"https:\/\/roveyayinevi.com.tr\/index.php\/urun\/percy-jackson-ve-yunan-tanrilari\/","title":{"rendered":"Percy Jackson ve Yunan Tanr\u0131lar\u0131"},"content":{"rendered":"<p>New Yorklu bir yay\u0131nc\u0131 Yunan tanr\u0131lar\u0131 hakk\u0131nda bildi\u011fim her \u015feyi k\u00e2\u011f\u0131da d\u00f6kmemi isteyince \u201cBunu ismimi kullanmadan yapsam olur mu? Olimposlular\u0131 \u00f6fkeden tekrar delirtmek istemem de,\u201d falan oldum. Ancak Yunan tanr\u0131lar\u0131n\u0131 yak\u0131ndan tan\u0131mak ve g\u00fcn olur da bir g\u00fcn kar\u015f\u0131n\u0131za dikiliverirlerse ne yapman\u0131z gerekti\u011fini bilmek hayatta kalman\u0131za yard\u0131mc\u0131 olacaksa bu da benden size k\u0131yak olsun. Percy Jackson ve Yunan Tanr\u0131lar\u0131 i\u015fte b\u00f6yle ba\u015fl\u0131yor. T\u00fcrkiye\u2019de ve d\u00fcnyada milyonlar\u0131n soluk solu\u011fa okudu\u011fu Percy Jackson ve Olimposlular serisinin ba\u015fkahraman\u0131 Percy, Yunan Mitolojisi\u2019nin temellerini anlat\u0131rken, sevenlerinin \u00e7ok \u00f6zledi\u011fi o alayc\u0131 diliyle klasik efsanelere bamba\u015fka bir tat kat\u0131yor. Yunan efsanelerine g\u00f6re evrenin nas\u0131l yarat\u0131ld\u0131\u011f\u0131n\u0131, tanr\u0131lar\u0131n ve tanr\u0131\u00e7alar\u0131n nas\u0131l varl\u0131klar oldu\u011funu ve Zeus\u2019tan Apollo\u2019ya, Ares\u2019ten Afrodit\u2019e kadar tek tek hepsinin yapt\u0131klar\u0131n\u0131 laf\u0131n\u0131 esirgemeden bir bir anlat\u0131yor. Percy\u2019nin deyi\u015fiyle, \u201cE\u011fer yalan dolana, ihanete ve yamyaml\u0131\u011fa bay\u0131l\u0131yorsan\u0131z bu kitap tam size g\u00f6re, \u00e7\u00fcnk\u00fc elinizdeki kitapta bunlar\u0131n Alt\u0131n \u00c7a\u011f\u2019\u0131 anlat\u0131l\u0131yor.\u201d <\/p>\n","protected":false},"excerpt":{"rendered":"<p>New Yorklu bir yay\u0131nc\u0131 Yunan tanr\u0131lar\u0131 hakk\u0131nda bildi\u011fim her \u015feyi k\u00e2\u011f\u0131da d\u00f6kmemi isteyince \u201cBunu ismimi kullanmadan yapsam olur mu? Olimposlular\u0131 \u00f6fkeden tekrar delirtmek istemem de,\u201d falan<span class=\"excerpt-hellip\"> [\u2026]<\/span><\/p>\n","protected":false},"featured_media":0,"template":"","meta":{"_monsterinsights_skip_tracking":false,"_monsterinsights_sitenote_active":false,"_monsterinsights_sitenote_note":"","_monsterinsights_sitenote_category":0},"product_brand":[],"product_cat":[12291,14777],"product_tag":[],"class_list":{"0":"post-763032","1":"product","2":"type-product","3":"status-publish","5":"product_cat-edebiyat","6":"product_cat-fantastik","7":"pa_cilt-ciltsiz","8":"pa_tur-kitap","9":"pa_yayinevi-x-libris","10":"pa_yazar-rick-riordan","12":"first","13":"instock","14":"sale","15":"shipping-taxable","16":"purchasable","17":"product-type-simple"},"_links":{"self":[{"href":"https:\/\/roveyayinevi.com.tr\/index.php\/wp-json\/wp\/v2\/product\/763032","targetHints":{"allow":["GET"]}}],"collection":[{"href":"https:\/\/roveyayinevi.com.tr\/index.php\/wp-json\/wp\/v2\/product"}],"about":[{"href":"https:\/\/roveyayinevi.com.tr\/index.php\/wp-json\/wp\/v2\/types\/product"}],"wp:attachment":[{"href":"https:\/\/roveyayinevi.com.tr\/index.php\/wp-json\/wp\/v2\/media?parent=763032"}],"wp:term":[{"taxonomy":"product_brand","embeddable":true,"href":"https:\/\/roveyayinevi.com.tr\/index.php\/wp-json\/wp\/v2\/product_brand?post=763032"},{"taxonomy":"product_cat","embeddable":true,"href":"https:\/\/roveyayinevi.com.tr\/index.php\/wp-json\/wp\/v2\/product_cat?post=763032"},{"taxonomy":"product_tag","embeddable":true,"href":"https:\/\/roveyayinevi.com.tr\/index.php\/wp-json\/wp\/v2\/product_tag?post=763032"}],"curies":[{"name":"wp","href":"https:\/\/api.w.org\/{rel}","templated":true}]}}