{"id":763031,"date":"2025-08-28T10:28:19","date_gmt":"2025-08-28T07:28:19","guid":{"rendered":"https:\/\/roveyayinevi.com.tr\/index.php\/urun\/finans-bilgeligi\/"},"modified":"2026-04-15T03:28:33","modified_gmt":"2026-04-15T00:28:33","slug":"finans-bilgeligi","status":"publish","type":"product","link":"https:\/\/roveyayinevi.com.tr\/index.php\/urun\/finans-bilgeligi\/","title":{"rendered":"Finans Bilgeli\u011fi"},"content":{"rendered":"<p>&#8220;Modern finansa \u00e7ok farkl\u0131 bir perspektiften bak\u0131\u015f.\u201d  \u2014 Oliver Hart, 2016 Nobel Ekonomi \u00d6d\u00fcl\u00fc   Harvard profes\u00f6r\u00fc Mihir A. Desai, 2015 y\u0131l\u0131nda mezun olacak \u00f6\u011frencilerine farkl\u0131 bir \u201cson ders\u201d anlatmaya karar vermi\u015fti. Al\u0131\u015f\u0131ld\u0131k ve s\u0131k\u0131c\u0131 bir ders yerine finans\u0131n i\u00e7indeki bilgeli\u011fi g\u00f6rmelerini sa\u011flayabilecek bir dersti bu. Edebiyattan, tarihten, felsefeden, hatta pop\u00fcler k\u00fclt\u00fcrden \u00f6rneklerle finans\u0131n ve piyasalar\u0131n alt\u0131nda yatan de\u011ferleri ke\u015ffetmenin yolunu g\u00f6steriyordu.   Bu kitap finans biliminin temel fikirlerini al\u0131\u015f\u0131lmad\u0131k bir bi\u00e7imde anlat\u0131yor. Jane Austen ve Anthony Trollope\u2019la risk y\u00f6netimini; Jeff Koons\u2019la kald\u0131ra\u00e7 kullanmay\u0131; Mel Brooks\u2019un Yap\u0131mc\u0131lar m\u00fczikaliyle vek\u00e2let sorumlulu\u011funu; AOL-Time Warner\u2019la \u015firket evliliklerini ve Tolstoy\u2019la h\u0131rs\u0131n sonu\u00e7lar\u0131n\u0131 a\u00e7\u0131kl\u0131yor.   Finans Bilgeli\u011fi, d\u00fcnyan\u0131n en karma\u015f\u0131k g\u00f6r\u00fcnen i\u015flerinden birini herkesin anlayabilece\u011fi bir bi\u00e7imde anlatmakla kalm\u0131yor, finans\u0131n felsefesini de a\u00e7\u0131kl\u0131yor. <\/p>\n","protected":false},"excerpt":{"rendered":"<p>&#8220;Modern finansa \u00e7ok farkl\u0131 bir perspektiften bak\u0131\u015f.\u201d \u2014 Oliver Hart, 2016 Nobel Ekonomi \u00d6d\u00fcl\u00fc Harvard profes\u00f6r\u00fc Mihir A. Desai, 2015 y\u0131l\u0131nda mezun olacak \u00f6\u011frencilerine farkl\u0131 bir<span class=\"excerpt-hellip\"> [\u2026]<\/span><\/p>\n","protected":false},"featured_media":0,"template":"","meta":{"_monsterinsights_skip_tracking":false,"_monsterinsights_sitenote_active":false,"_monsterinsights_sitenote_note":"","_monsterinsights_sitenote_category":0},"product_brand":[],"product_cat":[13043,17647],"product_tag":[],"class_list":{"0":"post-763031","1":"product","2":"type-product","3":"status-publish","5":"product_cat-ekonomi","6":"product_cat-is-dunyasi","7":"pa_cilt-ciltsiz","8":"pa_tur-kitap","9":"pa_yayinevi-ceo-plus","10":"pa_yazar-mihir-a-desai","12":"first","13":"instock","14":"sale","15":"shipping-taxable","16":"purchasable","17":"product-type-simple"},"_links":{"self":[{"href":"https:\/\/roveyayinevi.com.tr\/index.php\/wp-json\/wp\/v2\/product\/763031","targetHints":{"allow":["GET"]}}],"collection":[{"href":"https:\/\/roveyayinevi.com.tr\/index.php\/wp-json\/wp\/v2\/product"}],"about":[{"href":"https:\/\/roveyayinevi.com.tr\/index.php\/wp-json\/wp\/v2\/types\/product"}],"wp:attachment":[{"href":"https:\/\/roveyayinevi.com.tr\/index.php\/wp-json\/wp\/v2\/media?parent=763031"}],"wp:term":[{"taxonomy":"product_brand","embeddable":true,"href":"https:\/\/roveyayinevi.com.tr\/index.php\/wp-json\/wp\/v2\/product_brand?post=763031"},{"taxonomy":"product_cat","embeddable":true,"href":"https:\/\/roveyayinevi.com.tr\/index.php\/wp-json\/wp\/v2\/product_cat?post=763031"},{"taxonomy":"product_tag","embeddable":true,"href":"https:\/\/roveyayinevi.com.tr\/index.php\/wp-json\/wp\/v2\/product_tag?post=763031"}],"curies":[{"name":"wp","href":"https:\/\/api.w.org\/{rel}","templated":true}]}}