{"id":763020,"date":"2025-08-28T10:27:49","date_gmt":"2025-08-28T07:27:49","guid":{"rendered":"https:\/\/roveyayinevi.com.tr\/index.php\/urun\/ejderha-ve-gizemli-kule\/"},"modified":"2026-04-15T03:28:32","modified_gmt":"2026-04-15T00:28:32","slug":"ejderha-ve-gizemli-kule","status":"publish","type":"product","link":"https:\/\/roveyayinevi.com.tr\/index.php\/urun\/ejderha-ve-gizemli-kule\/","title":{"rendered":"Ejderha ve Gizemli Kule"},"content":{"rendered":"<p>Iss\u0131z bir orman\u0131n derinliklerinde, gizem dolu bir kule ve i\u00e7inde ya\u015fanan ola\u011fan\u00fcst\u00fc olaylar&#8230; Sakin bir hayat s\u00fcren, yak\u0131n dostlar \u015e\u00f6valye ve Ejderha&#8217;n\u0131n d\u00fcnyas\u0131, Kral D\u00fc\u011fmecik&#8217;ten gelen esrarengiz bir mektupla alt\u00fcst olur. Prenses B\u00f6r\u00fc&#8217;n\u00fcn ac\u0131mas\u0131z bir Trol taraf\u0131ndan ka\u00e7\u0131r\u0131lmas\u0131, kahramanlar\u0131m\u0131z\u0131 tehlikelerle dolu bir yolculu\u011fa s\u00fcr\u00fckler. Gizemli ormanlar, b\u00fcy\u00fcl\u00fc yarat\u0131klar, beklenmedik olaylar ve s\u0131ra d\u0131\u015f\u0131 bir Prenses&#8230; Her ad\u0131mda yeni bir s\u00fcrpriz onlar\u0131 bekliyor! Peki, \u015e\u00f6valye ve Ejderha, bu zorlu g\u00f6revde ba\u015far\u0131l\u0131 olabilecek mi?<\/p>\n","protected":false},"excerpt":{"rendered":"<p>Iss\u0131z bir orman\u0131n derinliklerinde, gizem dolu bir kule ve i\u00e7inde ya\u015fanan ola\u011fan\u00fcst\u00fc olaylar&#8230; Sakin bir hayat s\u00fcren, yak\u0131n dostlar \u015e\u00f6valye ve Ejderha&#8217;n\u0131n d\u00fcnyas\u0131, Kral D\u00fc\u011fmecik&#8217;ten gelen<span class=\"excerpt-hellip\"> [\u2026]<\/span><\/p>\n","protected":false},"featured_media":0,"template":"","meta":{"_monsterinsights_skip_tracking":false,"_monsterinsights_sitenote_active":false,"_monsterinsights_sitenote_note":"","_monsterinsights_sitenote_category":0},"product_brand":[],"product_cat":[12274,12284],"product_tag":[],"class_list":{"0":"post-763020","1":"product","2":"type-product","3":"status-publish","5":"product_cat-cocuk-ve-genclik-kitaplari","6":"product_cat-hikayeler","7":"pa_cilt-ciltsiz","8":"pa_tur-kitap","9":"pa_yayinevi-timas-cocuk","10":"pa_yazar-sevde-tuba-okcu","12":"first","13":"instock","14":"sale","15":"shipping-taxable","16":"purchasable","17":"product-type-simple"},"_links":{"self":[{"href":"https:\/\/roveyayinevi.com.tr\/index.php\/wp-json\/wp\/v2\/product\/763020","targetHints":{"allow":["GET"]}}],"collection":[{"href":"https:\/\/roveyayinevi.com.tr\/index.php\/wp-json\/wp\/v2\/product"}],"about":[{"href":"https:\/\/roveyayinevi.com.tr\/index.php\/wp-json\/wp\/v2\/types\/product"}],"wp:attachment":[{"href":"https:\/\/roveyayinevi.com.tr\/index.php\/wp-json\/wp\/v2\/media?parent=763020"}],"wp:term":[{"taxonomy":"product_brand","embeddable":true,"href":"https:\/\/roveyayinevi.com.tr\/index.php\/wp-json\/wp\/v2\/product_brand?post=763020"},{"taxonomy":"product_cat","embeddable":true,"href":"https:\/\/roveyayinevi.com.tr\/index.php\/wp-json\/wp\/v2\/product_cat?post=763020"},{"taxonomy":"product_tag","embeddable":true,"href":"https:\/\/roveyayinevi.com.tr\/index.php\/wp-json\/wp\/v2\/product_tag?post=763020"}],"curies":[{"name":"wp","href":"https:\/\/api.w.org\/{rel}","templated":true}]}}