{"id":763016,"date":"2025-08-28T10:27:39","date_gmt":"2025-08-28T07:27:39","guid":{"rendered":"https:\/\/roveyayinevi.com.tr\/index.php\/urun\/ali-kuscu-sonmeyen-bilim-gunesi\/"},"modified":"2026-04-15T03:28:32","modified_gmt":"2026-04-15T00:28:32","slug":"ali-kuscu-sonmeyen-bilim-gunesi","status":"publish","type":"product","link":"https:\/\/roveyayinevi.com.tr\/index.php\/urun\/ali-kuscu-sonmeyen-bilim-gunesi\/","title":{"rendered":"Ali Ku\u015f\u00e7u &#8211; S\u00f6nmeyen Bilim G\u00fcne\u015fi"},"content":{"rendered":"<p>Kristof Kolomb Amerika\u2019y\u0131; Newton, Evrensel Ku\u0308tle C\u0327ekim Kanunu\u2019nu kes\u0327fettiyse Galilei,  Du\u0308nya\u2019n\u0131n do\u0308ndu\u0308g\u0306u\u0308nu\u0308 ifade ettiyse Kopernik, Gu\u0308nes\u0327 Sistemi\u2019nin varl\u0131g\u0306\u0131n\u0131 ortaya koyduysa, ilk yapay uydu Sputnik-1 uzaya f\u0131rlat\u0131ld\u0131ysa, Yuri Gagarin uzaya c\u0327\u0131kan ilk insan olduysa, Neil Arsmtrong Ay\u2019a ilk ad\u0131m\u0131 att\u0131ysa, bugu\u0308n uzayda v\u0131z\u0131r v\u0131z\u0131r uydular do\u0308nu\u0308yorsa ve karadeliklerin fotog\u0306raf\u0131 c\u0327ekiliyorsa bunda Ali Kus\u0327c\u0327u\u2019nun ve \u00f6l\u00fcms\u00fcz eserinin b\u00fcy\u00fck katk\u0131s\u0131 vard\u0131r. Ali Kus\u0327c\u0327u, go\u0308kyu\u0308zu\u0308n\u00fcn kap\u0131lar\u0131n\u0131 a\u00e7m\u0131\u015f, uzay\u0131n s\u0131rlar\u0131n\u0131 \u00e7\u00f6zm\u00fc\u015f ve  roketlerin yak\u0131t\u0131n\u0131 \u201cbilimiyle\u201d doldurmus\u0327tur. Astronomi tarihinin en tan\u0131nm\u0131s\u0327 isimlerinden Ali Kus\u0327c\u0327u\u2019nun \u201cbilim dolu\u201d hayat\u0131na ilham verici harika bir yolculuk i\u00e7in haz\u0131r m\u0131s\u0131n\u0131z?<\/p>\n","protected":false},"excerpt":{"rendered":"<p>Kristof Kolomb Amerika\u2019y\u0131; Newton, Evrensel Ku\u0308tle C\u0327ekim Kanunu\u2019nu kes\u0327fettiyse Galilei, Du\u0308nya\u2019n\u0131n do\u0308ndu\u0308g\u0306u\u0308nu\u0308 ifade ettiyse Kopernik, Gu\u0308nes\u0327 Sistemi\u2019nin varl\u0131g\u0306\u0131n\u0131 ortaya koyduysa, ilk yapay uydu Sputnik-1 uzaya f\u0131rlat\u0131ld\u0131ysa,<span class=\"excerpt-hellip\"> [\u2026]<\/span><\/p>\n","protected":false},"featured_media":0,"template":"","meta":{"_monsterinsights_skip_tracking":false,"_monsterinsights_sitenote_active":false,"_monsterinsights_sitenote_note":"","_monsterinsights_sitenote_category":0},"product_brand":[],"product_cat":[13829,12274],"product_tag":[],"class_list":{"0":"post-763016","1":"product","2":"type-product","3":"status-publish","5":"product_cat-bilimsel-kitaplar","6":"product_cat-cocuk-ve-genclik-kitaplari","7":"pa_cilt-ciltsiz","8":"pa_tur-kitap","9":"pa_yayinevi-eglenceli-bilgi-yayinlari","10":"pa_yazar-metin-ozdamarlar","12":"first","13":"instock","14":"sale","15":"shipping-taxable","16":"purchasable","17":"product-type-simple"},"_links":{"self":[{"href":"https:\/\/roveyayinevi.com.tr\/index.php\/wp-json\/wp\/v2\/product\/763016","targetHints":{"allow":["GET"]}}],"collection":[{"href":"https:\/\/roveyayinevi.com.tr\/index.php\/wp-json\/wp\/v2\/product"}],"about":[{"href":"https:\/\/roveyayinevi.com.tr\/index.php\/wp-json\/wp\/v2\/types\/product"}],"wp:attachment":[{"href":"https:\/\/roveyayinevi.com.tr\/index.php\/wp-json\/wp\/v2\/media?parent=763016"}],"wp:term":[{"taxonomy":"product_brand","embeddable":true,"href":"https:\/\/roveyayinevi.com.tr\/index.php\/wp-json\/wp\/v2\/product_brand?post=763016"},{"taxonomy":"product_cat","embeddable":true,"href":"https:\/\/roveyayinevi.com.tr\/index.php\/wp-json\/wp\/v2\/product_cat?post=763016"},{"taxonomy":"product_tag","embeddable":true,"href":"https:\/\/roveyayinevi.com.tr\/index.php\/wp-json\/wp\/v2\/product_tag?post=763016"}],"curies":[{"name":"wp","href":"https:\/\/api.w.org\/{rel}","templated":true}]}}