{"id":763014,"date":"2025-08-28T10:27:35","date_gmt":"2025-08-28T07:27:35","guid":{"rendered":"https:\/\/roveyayinevi.com.tr\/index.php\/urun\/abherul-asikin\/"},"modified":"2026-04-15T03:28:32","modified_gmt":"2026-04-15T00:28:32","slug":"abherul-asikin","status":"publish","type":"product","link":"https:\/\/roveyayinevi.com.tr\/index.php\/urun\/abherul-asikin\/","title":{"rendered":"Abher\u00fcl A\u015f\u0131k\u0131n"},"content":{"rendered":"<p>\u015e\u00fcphesiz ki iman edip salih ameller i\u015fleyenler i\u00e7in Rahman, kalplerde ebedi bir sevgi yaratacakt\u0131r. Bu sevgi, M\u00fcminlerin y\u00fcreklerindeki derin muhabbetin ta kendisidir. Ey Allah\u0131m, kalplerimizi yak\u0131nl\u0131\u011f\u0131n\u0131n nuruyla ayd\u0131nlat, ruhlar\u0131m\u0131z\u0131 l\u00fctfunla ferahlat, g\u00f6zlerimizi muhabbetinle parlat ve kulaklar\u0131m\u0131z\u0131 m\u00fcnacaat\u0131n\u0131n lezzetiyle doldur.Ruzbih\u00e2n-i Bakl\u00ee&#8217;nin a\u015fk\u0131 ve \u00e2\u015f\u0131klar\u0131n h\u00e2llerini anlatt\u0131\u011f\u0131 eserine verdi\u011fi &#8220;abher&#8221; ismi, nergis \u00e7i\u00e7e\u011finin metaforik anlam\u0131na delalet eder. Nergis, g\u00f6z \u015feklinde oldu\u011fu i\u00e7in tasavvufi metinlerde genellikle m\u00fc\u015fahede ve g\u00f6rme (didar) mazmunu olarak kullan\u0131l\u0131r. M\u00fcellif, bu esere &#8220;\u00c2\u015f\u0131klar\u0131n Abheri&#8221; ismini vererek, eserini ilahi a\u015fk ve m\u00fc\u015fahede yolunda y\u00fcr\u00fcyen saliklere ithaf etmi\u015ftir.Ruzbih\u00e2n-i Bakl\u00ee&#8217;nin eserlerinin her bir sayfas\u0131nda ilahi a\u015fk\u0131n co\u015fkusunu, a\u015fk yolunda \u00e7ekilen \u00e7ilelerin y\u00fcceli\u011fini ve bu yolda y\u00fcr\u00fcyen \u00e2\u015f\u0131klar\u0131n samimi dualar\u0131n\u0131 bulmak m\u00fcmk\u00fcnd\u00fcr. Bu eser de okuyucusunu manevi bir yolculu\u011fa \u00e7\u0131kar\u0131rken, kalbindeki ilahi a\u015fk \u00e7era\u011f\u0131n\u0131n fitilini ate\u015fleyecektir.Sufi Kitap olarak, eserleri daha \u00f6nce dilimize aktar\u0131lamam\u0131\u015f, 13. y\u00fczy\u0131l irfan sahas\u0131n\u0131n k\u0131ymetli isimlerinden, d\u00f6neminde kendi ad\u0131yla an\u0131lan tarikat kuracak kadar ilmi derinlik sahibi, \u00e2lim ve mutasavv\u0131f Ruzbih\u00e2n-\u0131 Bakl\u00ee&#8217;nin tasavvuf alan\u0131ndaki \u00f6nc\u00fc eserlerini T\u00fcrk\u00e7eye kazand\u0131rmaya devam edece\u011fiz. Onun eserleri, ilahi a\u015fk\u0131n derinliklerine dalmak isteyen her okuyucuya ilham kayna\u011f\u0131 olacakt\u0131r.<\/p>\n","protected":false},"excerpt":{"rendered":"<p>\u015e\u00fcphesiz ki iman edip salih ameller i\u015fleyenler i\u00e7in Rahman, kalplerde ebedi bir sevgi yaratacakt\u0131r. Bu sevgi, M\u00fcminlerin y\u00fcreklerindeki derin muhabbetin ta kendisidir. Ey Allah\u0131m, kalplerimizi yak\u0131nl\u0131\u011f\u0131n\u0131n<span class=\"excerpt-hellip\"> [\u2026]<\/span><\/p>\n","protected":false},"featured_media":0,"template":"","meta":{"_monsterinsights_skip_tracking":false,"_monsterinsights_sitenote_active":false,"_monsterinsights_sitenote_note":"","_monsterinsights_sitenote_category":0},"product_brand":[],"product_cat":[12718,12719,15238],"product_tag":[],"class_list":{"0":"post-763014","1":"product","2":"type-product","3":"status-publish","5":"product_cat-din","6":"product_cat-islam","7":"product_cat-tasavvuf","8":"pa_cilt-ciltsiz","9":"pa_tur-kitap","10":"pa_yayinevi-sufi-kitap","11":"pa_yazar-ruzbihan-bakli","13":"first","14":"instock","15":"sale","16":"shipping-taxable","17":"purchasable","18":"product-type-simple"},"_links":{"self":[{"href":"https:\/\/roveyayinevi.com.tr\/index.php\/wp-json\/wp\/v2\/product\/763014","targetHints":{"allow":["GET"]}}],"collection":[{"href":"https:\/\/roveyayinevi.com.tr\/index.php\/wp-json\/wp\/v2\/product"}],"about":[{"href":"https:\/\/roveyayinevi.com.tr\/index.php\/wp-json\/wp\/v2\/types\/product"}],"wp:attachment":[{"href":"https:\/\/roveyayinevi.com.tr\/index.php\/wp-json\/wp\/v2\/media?parent=763014"}],"wp:term":[{"taxonomy":"product_brand","embeddable":true,"href":"https:\/\/roveyayinevi.com.tr\/index.php\/wp-json\/wp\/v2\/product_brand?post=763014"},{"taxonomy":"product_cat","embeddable":true,"href":"https:\/\/roveyayinevi.com.tr\/index.php\/wp-json\/wp\/v2\/product_cat?post=763014"},{"taxonomy":"product_tag","embeddable":true,"href":"https:\/\/roveyayinevi.com.tr\/index.php\/wp-json\/wp\/v2\/product_tag?post=763014"}],"curies":[{"name":"wp","href":"https:\/\/api.w.org\/{rel}","templated":true}]}}