{"id":763013,"date":"2025-08-28T10:27:34","date_gmt":"2025-08-28T07:27:34","guid":{"rendered":"https:\/\/roveyayinevi.com.tr\/index.php\/urun\/dilek-cesur-4-kitap-takim\/"},"modified":"2026-04-15T03:28:32","modified_gmt":"2026-04-15T00:28:32","slug":"dilek-cesur-4-kitap-takim","status":"publish","type":"product","link":"https:\/\/roveyayinevi.com.tr\/index.php\/urun\/dilek-cesur-4-kitap-takim\/","title":{"rendered":"Dilek Cesur (4 Kitap Tak\u0131m)"},"content":{"rendered":"<p>\u2022 Seni Anl\u0131yorum \u00c7ocuk \u2022 Seni Anl\u0131yorum Anne \u2022 Susma Konu\u015f \u00c7ocuk \u2022 Sab\u0131rl\u0131 Aileler Merhametki \u00c7ocuklar Yeti\u015ftirir<\/p>\n","protected":false},"excerpt":{"rendered":"<p>\u2022 Seni Anl\u0131yorum \u00c7ocuk \u2022 Seni Anl\u0131yorum Anne \u2022 Susma Konu\u015f \u00c7ocuk \u2022 Sab\u0131rl\u0131 Aileler Merhametki \u00c7ocuklar Yeti\u015ftirir<\/p>\n","protected":false},"featured_media":0,"template":"","meta":{"_monsterinsights_skip_tracking":false,"_monsterinsights_sitenote_active":false,"_monsterinsights_sitenote_note":"","_monsterinsights_sitenote_category":0},"product_brand":[],"product_cat":[12831,12324],"product_tag":[],"class_list":{"0":"post-763013","1":"product","2":"type-product","3":"status-publish","5":"product_cat-aile-ve-cocuk","6":"product_cat-sosyoloji","7":"pa_cilt-ciltsiz","8":"pa_tur-kitap","9":"pa_yayinevi-yediveren-yayinlari","10":"pa_yazar-dilek-cesur","12":"first","13":"instock","14":"sale","15":"shipping-taxable","16":"purchasable","17":"product-type-simple"},"_links":{"self":[{"href":"https:\/\/roveyayinevi.com.tr\/index.php\/wp-json\/wp\/v2\/product\/763013","targetHints":{"allow":["GET"]}}],"collection":[{"href":"https:\/\/roveyayinevi.com.tr\/index.php\/wp-json\/wp\/v2\/product"}],"about":[{"href":"https:\/\/roveyayinevi.com.tr\/index.php\/wp-json\/wp\/v2\/types\/product"}],"wp:attachment":[{"href":"https:\/\/roveyayinevi.com.tr\/index.php\/wp-json\/wp\/v2\/media?parent=763013"}],"wp:term":[{"taxonomy":"product_brand","embeddable":true,"href":"https:\/\/roveyayinevi.com.tr\/index.php\/wp-json\/wp\/v2\/product_brand?post=763013"},{"taxonomy":"product_cat","embeddable":true,"href":"https:\/\/roveyayinevi.com.tr\/index.php\/wp-json\/wp\/v2\/product_cat?post=763013"},{"taxonomy":"product_tag","embeddable":true,"href":"https:\/\/roveyayinevi.com.tr\/index.php\/wp-json\/wp\/v2\/product_tag?post=763013"}],"curies":[{"name":"wp","href":"https:\/\/api.w.org\/{rel}","templated":true}]}}