{"id":763010,"date":"2025-08-28T10:27:27","date_gmt":"2025-08-28T07:27:27","guid":{"rendered":"https:\/\/roveyayinevi.com.tr\/index.php\/urun\/altmis-oyku\/"},"modified":"2026-04-15T03:28:32","modified_gmt":"2026-04-15T00:28:32","slug":"altmis-oyku","status":"publish","type":"product","link":"https:\/\/roveyayinevi.com.tr\/index.php\/urun\/altmis-oyku\/","title":{"rendered":"Altm\u0131\u015f \u00d6yk\u00fc"},"content":{"rendered":"<p>Altm\u0131\u015f \u00d6yk\u00fc, Dino Buzzati\u2019nin masals\u0131 ve gizemli d\u00fcnyas\u0131na k\u0131sa bir bak\u0131\u015f gibidir. G\u00fcndelik hayat\u0131n birer yans\u0131mas\u0131 olan bu \u00f6yk\u00fclerde olay \u00f6rg\u00fcs\u00fc aniden canlan\u0131r, atmosfer ger\u00e7ek\u00fcst\u00fc bir hal al\u0131r ve \u015fa\u015f\u0131rt\u0131c\u0131 olaylar ger\u00e7ekle\u015fir: Brahms\u2019\u0131n senfonisini y\u00f6netmek i\u00e7in haz\u0131rlanm\u0131\u015f d\u00e2hi maestronun seyircisi aniden salonu terk eder; bir \u00e2\u015f\u0131k, sevdi\u011fi kad\u0131na mektup yazarken toplant\u0131 talepleriyle, telefon g\u00f6r\u00fc\u015fmeleriyle b\u00f6l\u00fcn\u00fcr; mesaisine yeti\u015fmeye \u00e7al\u0131\u015f\u0131rken arabas\u0131na park yeri arayan bir adam \u015fehirden gittik\u00e7e uzakla\u015f\u0131r; efsanelere konu olmu\u015f ejderhay\u0131 g\u00f6rmek i\u00e7in bir Kont ke\u015fif gezisine \u00e7\u0131kar.Buzzati her zaman oldu\u011fu gibi insanl\u0131k hallerine odaklan\u0131r; varolu\u015fun gizemi, insan\u0131n kader kar\u015f\u0131s\u0131ndaki huzursuzlu\u011fu, \u00f6l\u00fcm, yaln\u0131zl\u0131k, hastal\u0131k gibi motifleri karanl\u0131k ormanlarla, bilinmez \u015fehirlerle, \u0131ss\u0131z da\u011flarla bulu\u015fturur.Italo Calvino\u2019nun &#8220;zamana en iyi dayanm\u0131\u015f yazarlar\u0131m\u0131zdan biri&#8221; olarak nitelendirdi\u011fi, yirminci y\u00fczy\u0131l edebiyat\u0131n\u0131n tart\u0131\u015fmas\u0131z en iyi isimlerinden olan Dino Buzzati\u2019den ya\u015fam\u0131n anlam\u0131n\u0131 d\u00fc\u015f\u00fcnd\u00fcrecek \u00f6yk\u00fcler\u2026 \u201cGelecek nesillerin asla unutmayaca\u011f\u0131 isimler vard\u0131r \u015f\u00fcphesiz. Dino Buzzati de bunlardan biri.\u201d Jorge Luis Borges<\/p>\n","protected":false},"excerpt":{"rendered":"<p>Altm\u0131\u015f \u00d6yk\u00fc, Dino Buzzati\u2019nin masals\u0131 ve gizemli d\u00fcnyas\u0131na k\u0131sa bir bak\u0131\u015f gibidir. G\u00fcndelik hayat\u0131n birer yans\u0131mas\u0131 olan bu \u00f6yk\u00fclerde olay \u00f6rg\u00fcs\u00fc aniden canlan\u0131r, atmosfer ger\u00e7ek\u00fcst\u00fc bir<span class=\"excerpt-hellip\"> [\u2026]<\/span><\/p>\n","protected":false},"featured_media":0,"template":"","meta":{"_monsterinsights_skip_tracking":false,"_monsterinsights_sitenote_active":false,"_monsterinsights_sitenote_note":"","_monsterinsights_sitenote_category":0},"product_brand":[],"product_cat":[12291,18202],"product_tag":[],"class_list":{"0":"post-763010","1":"product","2":"type-product","3":"status-publish","5":"product_cat-edebiyat","6":"product_cat-hikaye","7":"pa_cilt-ciltsiz","8":"pa_tur-kitap","9":"pa_yayinevi-timas-yayinlari","10":"pa_yazar-dino-buzzati","12":"first","13":"instock","14":"sale","15":"shipping-taxable","16":"purchasable","17":"product-type-simple"},"_links":{"self":[{"href":"https:\/\/roveyayinevi.com.tr\/index.php\/wp-json\/wp\/v2\/product\/763010","targetHints":{"allow":["GET"]}}],"collection":[{"href":"https:\/\/roveyayinevi.com.tr\/index.php\/wp-json\/wp\/v2\/product"}],"about":[{"href":"https:\/\/roveyayinevi.com.tr\/index.php\/wp-json\/wp\/v2\/types\/product"}],"wp:attachment":[{"href":"https:\/\/roveyayinevi.com.tr\/index.php\/wp-json\/wp\/v2\/media?parent=763010"}],"wp:term":[{"taxonomy":"product_brand","embeddable":true,"href":"https:\/\/roveyayinevi.com.tr\/index.php\/wp-json\/wp\/v2\/product_brand?post=763010"},{"taxonomy":"product_cat","embeddable":true,"href":"https:\/\/roveyayinevi.com.tr\/index.php\/wp-json\/wp\/v2\/product_cat?post=763010"},{"taxonomy":"product_tag","embeddable":true,"href":"https:\/\/roveyayinevi.com.tr\/index.php\/wp-json\/wp\/v2\/product_tag?post=763010"}],"curies":[{"name":"wp","href":"https:\/\/api.w.org\/{rel}","templated":true}]}}