{"id":763007,"date":"2025-08-28T10:27:20","date_gmt":"2025-08-28T07:27:20","guid":{"rendered":"https:\/\/roveyayinevi.com.tr\/index.php\/urun\/gunesin-battigi-yerden-ay-dogar-zeynep-alkan-1-geliyor\/"},"modified":"2026-01-30T03:56:37","modified_gmt":"2026-01-30T00:56:37","slug":"gunesin-battigi-yerden-ay-dogar-zeynep-alkan-1-geliyor","status":"publish","type":"product","link":"https:\/\/roveyayinevi.com.tr\/index.php\/urun\/gunesin-battigi-yerden-ay-dogar-zeynep-alkan-1-geliyor\/","title":{"rendered":"G\u00fcne\u015fin Batt\u0131\u011f\u0131 Yerden Ay Do\u011far Zeynep Alkan -1 Geliyor"},"content":{"rendered":"<p>Zeynep Alkan \u015fehit komando Ahmet Alkan ile \u015fehit tabip Y\u00fczba\u015f\u0131 Nazl\u0131 Alkan\u0131n k\u0131zlar\u0131d\u0131r. Zeynep Alkan\u2019\u0131n satranc\u0131 sava\u015f sanat\u0131na \u00e7evirerek \u00fclkesi ve d\u00fcnya bar\u0131\u015f\u0131 i\u00e7in k\u00fc\u00e7\u00fck ya\u015fta yapt\u0131klar\u0131n\u0131 anlatan hayat hikayesidir. <\/p>\n","protected":false},"excerpt":{"rendered":"<p>Zeynep Alkan \u015fehit komando Ahmet Alkan ile \u015fehit tabip Y\u00fczba\u015f\u0131 Nazl\u0131 Alkan\u0131n k\u0131zlar\u0131d\u0131r. Zeynep Alkan\u2019\u0131n satranc\u0131 sava\u015f sanat\u0131na \u00e7evirerek \u00fclkesi ve d\u00fcnya bar\u0131\u015f\u0131 i\u00e7in k\u00fc\u00e7\u00fck ya\u015fta<span class=\"excerpt-hellip\"> [\u2026]<\/span><\/p>\n","protected":false},"featured_media":0,"template":"","meta":{"_monsterinsights_skip_tracking":false,"_monsterinsights_sitenote_active":false,"_monsterinsights_sitenote_note":"","_monsterinsights_sitenote_category":0},"product_brand":[],"product_cat":[12291,12711],"product_tag":[],"class_list":{"0":"post-763007","1":"product","2":"type-product","3":"status-publish","5":"product_cat-edebiyat","6":"product_cat-roman-oyku","7":"pa_cilt-ciltsiz","8":"pa_tur-kitap","9":"pa_yayinevi-vova-yayinlari","10":"pa_yazar-semih-dede","12":"first","13":"instock","14":"sale","15":"shipping-taxable","16":"purchasable","17":"product-type-simple"},"_links":{"self":[{"href":"https:\/\/roveyayinevi.com.tr\/index.php\/wp-json\/wp\/v2\/product\/763007","targetHints":{"allow":["GET"]}}],"collection":[{"href":"https:\/\/roveyayinevi.com.tr\/index.php\/wp-json\/wp\/v2\/product"}],"about":[{"href":"https:\/\/roveyayinevi.com.tr\/index.php\/wp-json\/wp\/v2\/types\/product"}],"wp:attachment":[{"href":"https:\/\/roveyayinevi.com.tr\/index.php\/wp-json\/wp\/v2\/media?parent=763007"}],"wp:term":[{"taxonomy":"product_brand","embeddable":true,"href":"https:\/\/roveyayinevi.com.tr\/index.php\/wp-json\/wp\/v2\/product_brand?post=763007"},{"taxonomy":"product_cat","embeddable":true,"href":"https:\/\/roveyayinevi.com.tr\/index.php\/wp-json\/wp\/v2\/product_cat?post=763007"},{"taxonomy":"product_tag","embeddable":true,"href":"https:\/\/roveyayinevi.com.tr\/index.php\/wp-json\/wp\/v2\/product_tag?post=763007"}],"curies":[{"name":"wp","href":"https:\/\/api.w.org\/{rel}","templated":true}]}}