{"id":763006,"date":"2025-08-28T10:27:19","date_gmt":"2025-08-28T07:27:19","guid":{"rendered":"https:\/\/roveyayinevi.com.tr\/index.php\/urun\/eksioglu-tarihi\/"},"modified":"2026-04-15T03:28:32","modified_gmt":"2026-04-15T00:28:32","slug":"eksioglu-tarihi","status":"publish","type":"product","link":"https:\/\/roveyayinevi.com.tr\/index.php\/urun\/eksioglu-tarihi\/","title":{"rendered":"Ek\u015fio\u011flu Tarihi"},"content":{"rendered":"<p>\u201cGe\u00e7mi\u015fler gelece\u011fe, suyun suya benzemesinden daha ziy\u00e2de benzer.\u201d (\u0130bn Hald\u00fbn) Her insan k\u00f6kleriyle ba\u011flant\u0131 kurma, aidiyet duyma ihtiyac\u0131 i\u00e7indedir. Bizi biz yapan yaln\u0131zca kendi tecr\u00fcbelerimiz de\u011fildir. Atalar\u0131m\u0131z\u0131n ya\u015fad\u0131klar\u0131 ve sahip olduklar\u0131 nitelikler, kim oldu\u011fumuzu ve eylemlerimizi belirler. Onlar\u0131n deneyimleriyle \u00f6r\u00fcl\u00fc aile tarihleri, hem o aileye mensup \u00fcyelerin ki\u015fisel tarihlerini hem de \u00fclke tarihini \u015fekillendirir. Maziye \u00e7evrilen merakl\u0131 bir bak\u0131\u015fla fark edilenler, ya\u015fananlar\u0131 daha iyi anlamay\u0131 ve sonraki nesillerin \u00f6n\u00fcndeki engelleri kald\u0131rabilmeyi, dolay\u0131s\u0131yla iyi bir gelece\u011fin in\u015fas\u0131n\u0131 kolayla\u015ft\u0131r\u0131r.   T\u00fcm bunlar elinizdeki kitab\u0131n meydana gelme sebebidir. Y\u0131llard\u0131r \u00fclke \u00e7ap\u0131nda b\u00fcy\u00fck i\u015fler yapan bir m\u00fcteahhit olarak \u0130mdat Ek\u015fi, elde etti\u011fi ba\u015far\u0131lara ra\u011fmen firmalar\u0131na kurumsal bir nitelik kazand\u0131rmakta ni\u00e7in zorland\u0131klar\u0131 sorusunun \u00fczerinde durup bu sorunun nedenlerini bulmak amac\u0131yla aile tarihini ke\u015ffetmeye y\u00f6neldi. Atalar\u0131n\u0131n izini s\u00fcrerek Rize-\u0130kizdere-Tulump\u0131nar\u2019dan Ek\u015fi Ali\u2019nin 1460 tarihinde kurdu\u011fu Trabzon-Kondu\u2019ya kadar ula\u015ft\u0131. Osmanl\u0131 ar\u015fivlerinden, tarih\u00ee eserlerden, toplant\u0131 kay\u0131tlar\u0131ndan, \u015fecerelerden, mezar ta\u015flar\u0131ndan edindi\u011fi bilgilerle giderek daha kapsaml\u0131 h\u00e2le gelen ara\u015ft\u0131rmas\u0131nda, 11. y\u00fczy\u0131la kadar uzand\u0131. Vard\u0131\u011f\u0131 Sivas-Divri\u011fi\u2019deki eserler, Ek\u015fio\u011fullar\u0131n\u0131n oradaki mevcudiyetini g\u00f6sterir nitelikteydi. Elindeki ipu\u00e7lar\u0131n\u0131 bir araya getirerek ailenin Meng\u00fcceklilerle aras\u0131ndaki ili\u015fkiyi ortaya koyup Anadolu\u2019daki bin y\u0131ll\u0131k imar ve in\u015faat ge\u00e7mi\u015flerini de g\u00fcn y\u00fcz\u00fcne \u00e7\u0131kard\u0131. \u00c7izgi d\u0131\u015f\u0131 bir \u015fahsiyet olan \u0130mdat Ek\u015fi, bu \u00e7al\u0131\u015fmas\u0131yla Ek\u015fi Ali\u2019nin nesli olan y\u00fcz binlerce ki\u015filik Ek\u015fio\u011flu s\u00fclalesinin tarihine \u0131\u015f\u0131k tutuyor. \u00d6te yandan \u00f6zelde ailenin genetik kodlar\u0131n\u0131 de\u015fifre ederken genelde de vurucu tespitleriyle \u00fclke tarihine farkl\u0131 bir perspektiften bakmam\u0131z\u0131 sa\u011fl\u0131yor.<\/p>\n","protected":false},"excerpt":{"rendered":"<p>\u201cGe\u00e7mi\u015fler gelece\u011fe, suyun suya benzemesinden daha ziy\u00e2de benzer.\u201d (\u0130bn Hald\u00fbn) Her insan k\u00f6kleriyle ba\u011flant\u0131 kurma, aidiyet duyma ihtiyac\u0131 i\u00e7indedir. Bizi biz yapan yaln\u0131zca kendi tecr\u00fcbelerimiz de\u011fildir.<span class=\"excerpt-hellip\"> [\u2026]<\/span><\/p>\n","protected":false},"featured_media":0,"template":"","meta":{"_monsterinsights_skip_tracking":false,"_monsterinsights_sitenote_active":false,"_monsterinsights_sitenote_note":"","_monsterinsights_sitenote_category":0},"product_brand":[],"product_cat":[12304],"product_tag":[],"class_list":{"0":"post-763006","1":"product","2":"type-product","3":"status-publish","5":"product_cat-tarih","6":"pa_cilt-ciltsiz","7":"pa_tur-kitap","8":"pa_yayinevi-profil-kitap","9":"pa_yazar-imdat-eksi","11":"first","12":"instock","13":"sale","14":"shipping-taxable","15":"purchasable","16":"product-type-simple"},"_links":{"self":[{"href":"https:\/\/roveyayinevi.com.tr\/index.php\/wp-json\/wp\/v2\/product\/763006","targetHints":{"allow":["GET"]}}],"collection":[{"href":"https:\/\/roveyayinevi.com.tr\/index.php\/wp-json\/wp\/v2\/product"}],"about":[{"href":"https:\/\/roveyayinevi.com.tr\/index.php\/wp-json\/wp\/v2\/types\/product"}],"wp:attachment":[{"href":"https:\/\/roveyayinevi.com.tr\/index.php\/wp-json\/wp\/v2\/media?parent=763006"}],"wp:term":[{"taxonomy":"product_brand","embeddable":true,"href":"https:\/\/roveyayinevi.com.tr\/index.php\/wp-json\/wp\/v2\/product_brand?post=763006"},{"taxonomy":"product_cat","embeddable":true,"href":"https:\/\/roveyayinevi.com.tr\/index.php\/wp-json\/wp\/v2\/product_cat?post=763006"},{"taxonomy":"product_tag","embeddable":true,"href":"https:\/\/roveyayinevi.com.tr\/index.php\/wp-json\/wp\/v2\/product_tag?post=763006"}],"curies":[{"name":"wp","href":"https:\/\/api.w.org\/{rel}","templated":true}]}}