{"id":763005,"date":"2025-08-28T10:27:18","date_gmt":"2025-08-28T07:27:18","guid":{"rendered":"https:\/\/roveyayinevi.com.tr\/index.php\/urun\/kibar-olma-gercek-ol\/"},"modified":"2026-04-15T03:28:32","modified_gmt":"2026-04-15T00:28:32","slug":"kibar-olma-gercek-ol","status":"publish","type":"product","link":"https:\/\/roveyayinevi.com.tr\/index.php\/urun\/kibar-olma-gercek-ol\/","title":{"rendered":"Kibar Olma Ger\u00e7ek Ol"},"content":{"rendered":"<p>Kendimize olan tutkumuzla ba\u015fkas\u0131na olan \u015fefkatimizi dengelemek&#8230;Marshall Rosenberg, bu kitab\u0131n \u00f6ns\u00f6z\u00fcnde \u015f\u00f6yle diyor: \u201c\u00c7at\u0131\u015fma korkusuyla kendimizi \u201ckibar insan maskesi\u201d ard\u0131nda saklamaya devam etti\u011fimiz s\u00fcrece, hi\u00e7birimiz ne kadar \u00f6zel oldu\u011fumuzu fark edemeyiz.Bu kitapta aktar\u0131lan \u015eiddetsiz \u0130leti\u015fim ilkeleri ve becerileri, bu korkuyu yenmemize; kutsal bir insan olman\u0131n \u00f6z\u00fcnde yatan anla\u015f\u0131lmas\u0131 g\u00fc\u00e7, gizli ve \u00f6nemli sebebi deneyimlemeye ba\u015flamam\u0131za yard\u0131mc\u0131 olabilir. Bu ger\u00e7ek kutsall\u0131\u011f\u0131 ne kadar \u00e7ok benimsersek, hepim<\/p>\n","protected":false},"excerpt":{"rendered":"<p>Kendimize olan tutkumuzla ba\u015fkas\u0131na olan \u015fefkatimizi dengelemek&#8230;Marshall Rosenberg, bu kitab\u0131n \u00f6ns\u00f6z\u00fcnde \u015f\u00f6yle diyor: \u201c\u00c7at\u0131\u015fma korkusuyla kendimizi \u201ckibar insan maskesi\u201d ard\u0131nda saklamaya devam etti\u011fimiz s\u00fcrece, hi\u00e7birimiz ne<span class=\"excerpt-hellip\"> [\u2026]<\/span><\/p>\n","protected":false},"featured_media":0,"template":"","meta":{"_monsterinsights_skip_tracking":false,"_monsterinsights_sitenote_active":false,"_monsterinsights_sitenote_note":"","_monsterinsights_sitenote_category":0},"product_brand":[],"product_cat":[12357],"product_tag":[],"class_list":{"0":"post-763005","1":"product","2":"type-product","3":"status-publish","5":"product_cat-psikoloji","6":"pa_cilt-ciltsiz","7":"pa_tur-kitap","8":"pa_yayinevi-kalpten-yayincilik","9":"pa_yazar-kelly-bryson","11":"first","12":"instock","13":"sale","14":"shipping-taxable","15":"purchasable","16":"product-type-simple"},"_links":{"self":[{"href":"https:\/\/roveyayinevi.com.tr\/index.php\/wp-json\/wp\/v2\/product\/763005","targetHints":{"allow":["GET"]}}],"collection":[{"href":"https:\/\/roveyayinevi.com.tr\/index.php\/wp-json\/wp\/v2\/product"}],"about":[{"href":"https:\/\/roveyayinevi.com.tr\/index.php\/wp-json\/wp\/v2\/types\/product"}],"wp:attachment":[{"href":"https:\/\/roveyayinevi.com.tr\/index.php\/wp-json\/wp\/v2\/media?parent=763005"}],"wp:term":[{"taxonomy":"product_brand","embeddable":true,"href":"https:\/\/roveyayinevi.com.tr\/index.php\/wp-json\/wp\/v2\/product_brand?post=763005"},{"taxonomy":"product_cat","embeddable":true,"href":"https:\/\/roveyayinevi.com.tr\/index.php\/wp-json\/wp\/v2\/product_cat?post=763005"},{"taxonomy":"product_tag","embeddable":true,"href":"https:\/\/roveyayinevi.com.tr\/index.php\/wp-json\/wp\/v2\/product_tag?post=763005"}],"curies":[{"name":"wp","href":"https:\/\/api.w.org\/{rel}","templated":true}]}}