{"id":763004,"date":"2025-08-28T10:27:16","date_gmt":"2025-08-28T07:27:16","guid":{"rendered":"https:\/\/roveyayinevi.com.tr\/index.php\/urun\/toplumsal-donusumun-kalbi\/"},"modified":"2026-04-15T03:28:32","modified_gmt":"2026-04-15T00:28:32","slug":"toplumsal-donusumun-kalbi","status":"publish","type":"product","link":"https:\/\/roveyayinevi.com.tr\/index.php\/urun\/toplumsal-donusumun-kalbi\/","title":{"rendered":"Toplumsal D\u00f6n\u00fc\u015f\u00fcm\u00fcn Kalbi"},"content":{"rendered":"<p>D\u00fcnyan\u0131zda bir fark yaratman\u0131n yolu&#8230; Ar\u0131lar ve \u00e7i\u00e7ekler ya\u015fam\u0131 zenginle\u015ftiren \u00f6rg\u00fctlenmelere \u00f6rnektir. Onlar birbirlerinin ihtiya\u00e7lar\u0131n\u0131 kar\u015f\u0131l\u0131yorlar. Bunu su\u00e7luluktan, g\u00f6rev bilinci ya da mecburiyetten de\u011fil, do\u011fall\u0131kla, do\u011fal bir sistemin i\u00e7inde yap\u0131yorlar. Ar\u0131 \u00e7i\u00e7ekten nektar\u0131n\u0131 al\u0131rken \u00e7i\u00e7e\u011fe polen yay\u0131yor.\u201cYa\u015fam\u0131 zenginle\u015ftiren yap\u0131lar\u0131n \u2013 bizim yaratt\u0131\u011f\u0131m\u0131z\u0131 ve par\u00e7as\u0131 oldu\u011fumuzu g\u00f6rmeyi arzuetti\u011fim yap\u0131lar\u0131n \u2013 vizyonu ya\u015fama hizmet etmektir. \u0130ster aile, ister \u00e7al\u0131\u015fma ekibi, ister iktidar olsun, bir kurumun ya\u015fama hizmet eder nitelikte oldu\u011funu nereden bilece\u011fiz? Bunu, \u015fu soruyu sorarak bulabiliriz: Bu kurumun amac\u0131, o kuruma dahil olan ve faaliyetlerinden etkilenen insanlar\u0131n ihtiya\u00e7lar\u0131n\u0131 kar\u015f\u0131lamak ve ya\u015famlar\u0131n\u0131 zenginle\u015ftirmek midir?\u201d\u201cAsla insanlara \u00fczerinizde, sizi boyun e\u011fmeye ya da ba\u015fkald\u0131r\u0131ya y\u00f6neltecek g\u00fcc\u00fc kullanma iznini vermeyin. Boyun e\u011fmeniz de ba\u015fkald\u0131rman\u0131z da o ki\u015fiye sizin \u00fczerinde g\u00fc\u00e7 verir. Ger\u00e7ekten \u00f6zg\u00fcr oldu\u011funuzda, ya\u015fam\u0131n\u0131z\u0131n her an\u0131nda neyi se\u00e7iyorsan\u0131z onu yapabilece\u011finizin fark\u0131ndao lursunuz. Size hi\u00e7 kimse hi\u00e7bir \u015fey yapt\u0131ramaz.\u201dBu kitap\u00e7\u0131kta d\u00fcnyan\u0131zda bir fark yaratman\u0131n yolu hakk\u0131nda Marshall Rosenberg\u2019in d\u00fc\u015f\u00fcnce ve yakla\u015f\u0131mlar\u0131n\u0131 bulacaks\u0131n\u0131z.<\/p>\n","protected":false},"excerpt":{"rendered":"<p>D\u00fcnyan\u0131zda bir fark yaratman\u0131n yolu&#8230; Ar\u0131lar ve \u00e7i\u00e7ekler ya\u015fam\u0131 zenginle\u015ftiren \u00f6rg\u00fctlenmelere \u00f6rnektir. Onlar birbirlerinin ihtiya\u00e7lar\u0131n\u0131 kar\u015f\u0131l\u0131yorlar. Bunu su\u00e7luluktan, g\u00f6rev bilinci ya da mecburiyetten de\u011fil, do\u011fall\u0131kla, do\u011fal<span class=\"excerpt-hellip\"> [\u2026]<\/span><\/p>\n","protected":false},"featured_media":0,"template":"","meta":{"_monsterinsights_skip_tracking":false,"_monsterinsights_sitenote_active":false,"_monsterinsights_sitenote_note":"","_monsterinsights_sitenote_category":0},"product_brand":[],"product_cat":[12357],"product_tag":[],"class_list":{"0":"post-763004","1":"product","2":"type-product","3":"status-publish","5":"product_cat-psikoloji","6":"pa_cilt-ciltsiz","7":"pa_tur-kitap","8":"pa_yayinevi-remzi-kitabevi","9":"pa_yazar-marshall-b-rosenberg","11":"first","12":"instock","13":"sale","14":"shipping-taxable","15":"purchasable","16":"product-type-simple"},"_links":{"self":[{"href":"https:\/\/roveyayinevi.com.tr\/index.php\/wp-json\/wp\/v2\/product\/763004","targetHints":{"allow":["GET"]}}],"collection":[{"href":"https:\/\/roveyayinevi.com.tr\/index.php\/wp-json\/wp\/v2\/product"}],"about":[{"href":"https:\/\/roveyayinevi.com.tr\/index.php\/wp-json\/wp\/v2\/types\/product"}],"wp:attachment":[{"href":"https:\/\/roveyayinevi.com.tr\/index.php\/wp-json\/wp\/v2\/media?parent=763004"}],"wp:term":[{"taxonomy":"product_brand","embeddable":true,"href":"https:\/\/roveyayinevi.com.tr\/index.php\/wp-json\/wp\/v2\/product_brand?post=763004"},{"taxonomy":"product_cat","embeddable":true,"href":"https:\/\/roveyayinevi.com.tr\/index.php\/wp-json\/wp\/v2\/product_cat?post=763004"},{"taxonomy":"product_tag","embeddable":true,"href":"https:\/\/roveyayinevi.com.tr\/index.php\/wp-json\/wp\/v2\/product_tag?post=763004"}],"curies":[{"name":"wp","href":"https:\/\/api.w.org\/{rel}","templated":true}]}}