{"id":763002,"date":"2025-08-28T10:27:14","date_gmt":"2025-08-28T07:27:14","guid":{"rendered":"https:\/\/roveyayinevi.com.tr\/index.php\/urun\/pratik-maneviyat\/"},"modified":"2026-04-15T03:28:32","modified_gmt":"2026-04-15T00:28:32","slug":"pratik-maneviyat","status":"publish","type":"product","link":"https:\/\/roveyayinevi.com.tr\/index.php\/urun\/pratik-maneviyat\/","title":{"rendered":"Pratik Maneviyat"},"content":{"rendered":"<p>\u015eiddetsiz ileti\u015fim\u2019in manevi temelleri \u00fczerine d\u00fc\u015f\u00fcnceler&#8230; \u0130nsanlar\u0131n, \u015eiddetsiz \u0130leti\u015fim\u2019in temelinde maneviyat\u0131n yatt\u0131\u011f\u0131n\u0131 g\u00f6rmelerini ve bu s\u00fcrecin mekani\u011fini \u00f6\u011frenirken bu bilgiyi ak\u0131lda tutmalar\u0131 \u00f6nemli. Ger\u00e7ekten manevi bir pratik bu; bunun bir ya\u015fam bi\u00e7imi oldu\u011funu g\u00f6stermek gerekiyor.D\u00fcnyada konforlu bir \u015fekilde oturup da \u201cAma ben d\u00fcnyaya yard\u0131m ediyorum, salt benden akan enerji toplumsal d\u00f6n\u00fc\u015f\u00fcme yol a\u00e7acak\u201d dememize izin veren her t\u00fcrl\u00fc maneviyat \u00e7ok endi\u015felendiriyor bizi. Yazar \u015f\u00f6yle diyor:\u201c\u0130nsanlar\u0131 enerji yayman\u0131n g\u00fczel imgesiyle \u00f6ylece oturmaya de\u011fil de ilerlemeye ve d\u00fcnyay\u0131 d\u00f6n\u00fc\u015ft\u00fcrmeye te\u015fvik eden bir maneviyata daha \u00e7ok g\u00fcveniyorum. \u0130nsanlar\u0131n d\u0131\u015far\u0131 \u00e7\u0131k\u0131p bir\u015feyler yaparak o enerjiyi eylemlerine yans\u0131tt\u0131klar\u0131n\u0131 g\u00f6rmek istiyorum. Bu, senin yapt\u0131\u011f\u0131n bir\u015feydir, pratik bir maneviyatt\u0131r.\u201dBu kitap\u00e7\u0131kta, \u015eiddetsiz \u0130leti\u015fim\u2019in manevi temelleri \u00fczerine Marshall Rosenberg\u2019in konuyla ilgili d\u00fc\u015f\u00fcnce ve yakla\u015f\u0131mlar\u0131n\u0131 bulacaks\u0131n\u0131z.<\/p>\n","protected":false},"excerpt":{"rendered":"<p>\u015eiddetsiz ileti\u015fim\u2019in manevi temelleri \u00fczerine d\u00fc\u015f\u00fcnceler&#8230; \u0130nsanlar\u0131n, \u015eiddetsiz \u0130leti\u015fim\u2019in temelinde maneviyat\u0131n yatt\u0131\u011f\u0131n\u0131 g\u00f6rmelerini ve bu s\u00fcrecin mekani\u011fini \u00f6\u011frenirken bu bilgiyi ak\u0131lda tutmalar\u0131 \u00f6nemli. Ger\u00e7ekten manevi bir<span class=\"excerpt-hellip\"> [\u2026]<\/span><\/p>\n","protected":false},"featured_media":0,"template":"","meta":{"_monsterinsights_skip_tracking":false,"_monsterinsights_sitenote_active":false,"_monsterinsights_sitenote_note":"","_monsterinsights_sitenote_category":0},"product_brand":[],"product_cat":[12357],"product_tag":[],"class_list":{"0":"post-763002","1":"product","2":"type-product","3":"status-publish","5":"product_cat-psikoloji","6":"pa_cilt-ciltsiz","7":"pa_tur-kitap","8":"pa_yayinevi-remzi-kitabevi","9":"pa_yazar-marshall-b-rosenberg","11":"first","12":"instock","13":"sale","14":"shipping-taxable","15":"purchasable","16":"product-type-simple"},"_links":{"self":[{"href":"https:\/\/roveyayinevi.com.tr\/index.php\/wp-json\/wp\/v2\/product\/763002","targetHints":{"allow":["GET"]}}],"collection":[{"href":"https:\/\/roveyayinevi.com.tr\/index.php\/wp-json\/wp\/v2\/product"}],"about":[{"href":"https:\/\/roveyayinevi.com.tr\/index.php\/wp-json\/wp\/v2\/types\/product"}],"wp:attachment":[{"href":"https:\/\/roveyayinevi.com.tr\/index.php\/wp-json\/wp\/v2\/media?parent=763002"}],"wp:term":[{"taxonomy":"product_brand","embeddable":true,"href":"https:\/\/roveyayinevi.com.tr\/index.php\/wp-json\/wp\/v2\/product_brand?post=763002"},{"taxonomy":"product_cat","embeddable":true,"href":"https:\/\/roveyayinevi.com.tr\/index.php\/wp-json\/wp\/v2\/product_cat?post=763002"},{"taxonomy":"product_tag","embeddable":true,"href":"https:\/\/roveyayinevi.com.tr\/index.php\/wp-json\/wp\/v2\/product_tag?post=763002"}],"curies":[{"name":"wp","href":"https:\/\/api.w.org\/{rel}","templated":true}]}}