{"id":763001,"date":"2025-08-28T10:27:13","date_gmt":"2025-08-28T07:27:13","guid":{"rendered":"https:\/\/roveyayinevi.com.tr\/index.php\/urun\/ofkenin-sasirtici-amaci\/"},"modified":"2026-04-15T03:28:32","modified_gmt":"2026-04-15T00:28:32","slug":"ofkenin-sasirtici-amaci","status":"publish","type":"product","link":"https:\/\/roveyayinevi.com.tr\/index.php\/urun\/ofkenin-sasirtici-amaci\/","title":{"rendered":"\u00d6fkenin \u015ea\u015f\u0131rt\u0131c\u0131 Amac\u0131"},"content":{"rendered":"<p>\u00d6fke y\u00f6netiminin \u00f6tesindeki arma\u011fan\u0131 ke\u015ffetmek&#8230; Marshall Rosenberg, \u00d6fkenin \u015ea\u015f\u0131rt\u0131c\u0131 Amac\u0131\u2019nda bu konunun hayat\u0131m\u0131zda nas\u0131l bir rol oynayabilece\u011fiyle ilgili bak\u0131\u015f a\u00e7\u0131s\u0131n\u0131 bizlerle payla\u015f\u0131yor. \u00d6fkenin bast\u0131r\u0131lmas\u0131 gereken bir \u015fey oldu\u011fu fikrinden uzakla\u015fmak \u00fczere bizi harekete ge\u00e7iriyor. \u00d6fkeyi, bu tepkiyi tetikleyen kar\u015f\u0131lanmam\u0131\u015f ihtiya\u00e7lar\u0131m\u0131zla ba\u011f kurmaya \u00e7a\u011f\u0131ran bir arma\u011fan olarak g\u00f6r\u00fcyor. Yazar \u00f6fkeyle ilgili yayg\u0131n yanl\u0131\u015f anlamalar\u0131 ortaya koyarken, \u00f6fkemizin bir d\u00fc\u015f\u00fcnce \u00fcr\u00fcn\u00fc oldu\u011funa da dikkat \u00e7ekiyor. \u00d6fke \u00fczerine bir tart\u0131\u015fma \u015eiddetsiz \u0130leti\u015fim\u2019in daha iyi anla\u015f\u0131lmas\u0131n\u0131 kolay yoldan destekliyor; \u00e7\u00fcnk\u00fc bu konu \u015eiddetsiz \u0130leti\u015fim\u2019in bir\u00e7ok anahtar ayr\u0131m\u0131na temas ediyor. Kalpten ya\u015famak, yarg\u0131lardan ar\u0131nm\u0131\u015f g\u00f6zlemler yapmak, duygular\u0131m\u0131z ve ihtiya\u00e7lar\u0131m\u0131zla ilgili netle\u015fmek, net ricalarda bulunmak ve hayat\u0131 zenginle\u015ftiren ba\u011flar\u0131 desteklemek; b\u00fct\u00fcn bunlar \u00f6fkeye nas\u0131l yan\u0131t verdi\u011fimizle ili\u015fkili. Bu kitap\u00e7\u0131kta \u00f6fkeye \u015eiddetsiz \u0130leti\u015fim y\u00f6ntemiyle nas\u0131l yan\u0131t verebilece\u011fimizin ve \u00f6fkeyi hayat\u0131 zenginle\u015ftirme yolunda nas\u0131l kullanabilece\u011fimizin ipu\u00e7lar\u0131n\u0131 bulacaks\u0131n\u0131z.\u00d6fkeyi y\u00f6netmek ve bast\u0131rman\u0131n \u00f6tesinde, bir uyand\u0131rma olarak kabul etmek i\u00e7in keyifli ve ilham dolu okumalar diliyoruz.<\/p>\n","protected":false},"excerpt":{"rendered":"<p>\u00d6fke y\u00f6netiminin \u00f6tesindeki arma\u011fan\u0131 ke\u015ffetmek&#8230; Marshall Rosenberg, \u00d6fkenin \u015ea\u015f\u0131rt\u0131c\u0131 Amac\u0131\u2019nda bu konunun hayat\u0131m\u0131zda nas\u0131l bir rol oynayabilece\u011fiyle ilgili bak\u0131\u015f a\u00e7\u0131s\u0131n\u0131 bizlerle payla\u015f\u0131yor. \u00d6fkenin bast\u0131r\u0131lmas\u0131 gereken bir<span class=\"excerpt-hellip\"> [\u2026]<\/span><\/p>\n","protected":false},"featured_media":0,"template":"","meta":{"_monsterinsights_skip_tracking":false,"_monsterinsights_sitenote_active":false,"_monsterinsights_sitenote_note":"","_monsterinsights_sitenote_category":0},"product_brand":[],"product_cat":[12357],"product_tag":[],"class_list":{"0":"post-763001","1":"product","2":"type-product","3":"status-publish","5":"product_cat-psikoloji","6":"pa_cilt-ciltsiz","7":"pa_tur-kitap","8":"pa_yayinevi-remzi-kitabevi","9":"pa_yazar-marshall-b-rosenberg","11":"first","12":"instock","13":"sale","14":"shipping-taxable","15":"purchasable","16":"product-type-simple"},"_links":{"self":[{"href":"https:\/\/roveyayinevi.com.tr\/index.php\/wp-json\/wp\/v2\/product\/763001","targetHints":{"allow":["GET"]}}],"collection":[{"href":"https:\/\/roveyayinevi.com.tr\/index.php\/wp-json\/wp\/v2\/product"}],"about":[{"href":"https:\/\/roveyayinevi.com.tr\/index.php\/wp-json\/wp\/v2\/types\/product"}],"wp:attachment":[{"href":"https:\/\/roveyayinevi.com.tr\/index.php\/wp-json\/wp\/v2\/media?parent=763001"}],"wp:term":[{"taxonomy":"product_brand","embeddable":true,"href":"https:\/\/roveyayinevi.com.tr\/index.php\/wp-json\/wp\/v2\/product_brand?post=763001"},{"taxonomy":"product_cat","embeddable":true,"href":"https:\/\/roveyayinevi.com.tr\/index.php\/wp-json\/wp\/v2\/product_cat?post=763001"},{"taxonomy":"product_tag","embeddable":true,"href":"https:\/\/roveyayinevi.com.tr\/index.php\/wp-json\/wp\/v2\/product_tag?post=763001"}],"curies":[{"name":"wp","href":"https:\/\/api.w.org\/{rel}","templated":true}]}}