{"id":763000,"date":"2025-08-28T10:27:12","date_gmt":"2025-08-28T07:27:12","guid":{"rendered":"https:\/\/roveyayinevi.com.tr\/index.php\/urun\/kendim-olmak-seni-sevmek\/"},"modified":"2026-04-15T03:28:32","modified_gmt":"2026-04-15T00:28:32","slug":"kendim-olmak-seni-sevmek","status":"publish","type":"product","link":"https:\/\/roveyayinevi.com.tr\/index.php\/urun\/kendim-olmak-seni-sevmek\/","title":{"rendered":"Kendim Olmak Seni Sevmek"},"content":{"rendered":"<p>Ola\u011fan\u00fcst\u00fc ili\u015fkiler i\u00e7in pratik bir rehber&#8230; Kendim Olmak Seni Sevmek, Marshall B. Rosenberg taraf\u0131ndan ger\u00e7ekle\u015ftirilen bir \u015eiddetsiz \u0130leti\u015fim sunumunun metninden olu\u015fuyor. Yazar bu kitap\u00e7\u0131kta, rol oyunlar\u0131 ve tart\u0131\u015fmalar yoluyla; ki\u015fisel b\u00fct\u00fcnl\u00fc\u011f\u00fcm\u00fcz\u00fc ve de\u011ferlerimizi korurken hayat arkada\u015flar\u0131m\u0131z, e\u015flerimiz ve ailemizle sevgi dolu ili\u015fkiler kurmak i\u00e7in \u015e\u0130\u2019yi hayata ge\u00e7irmenin temel y\u00f6nlerinin \u00e7o\u011funa de\u011finiyor.Marshall Rosenberg bu kitap\u00e7\u0131kta evlilikle ilgili \u015f\u00f6yle diyor:\u201c\u015eiddetsiz \u0130leti\u015fim, birbirimizle kalpten verecek \u015fekilde ba\u011flant\u0131 kurmam\u0131z\u0131 sa\u011flayan bir dildir. Yani bu, e\u015finizle \u201cyapman\u0131z gerekti\u011fini\u201d, \u201cy\u00fck\u00fcml\u00fc oldu\u011funuzu\u201d, \u201csizden beklenildi\u011fini\u201d veya \u201cmecbur oldu\u011funuzu\u201d ima eden \u00fcnvanlar y\u00fcz\u00fcnden bir \u015feyler yapm\u0131yorsunuz anlam\u0131na gelir. Su\u00e7luluktan, utan\u00e7tan, bilin\u00e7sizlikten, korkudan, zorunluluktan, g\u00f6revden pes edip de bir \u015feyler yapmazs\u0131n\u0131z. Ben b\u00f6yle bir enerji ile birbirimiz i\u00e7in bir \u015fey yapt\u0131\u011f\u0131m\u0131zda herkesin kaybetti\u011fine inan\u0131yorum. Bu t\u00fcr bir enerjiden verilen bir \u015feyi ald\u0131\u011f\u0131m\u0131zda, di\u011fer ki\u015fi pahas\u0131na yap\u0131ld\u0131\u011f\u0131 i\u00e7in bedelini \u00f6demek zorunda kalaca\u011f\u0131m\u0131z\u0131 biliyoruz.\u201d<\/p>\n","protected":false},"excerpt":{"rendered":"<p>Ola\u011fan\u00fcst\u00fc ili\u015fkiler i\u00e7in pratik bir rehber&#8230; Kendim Olmak Seni Sevmek, Marshall B. Rosenberg taraf\u0131ndan ger\u00e7ekle\u015ftirilen bir \u015eiddetsiz \u0130leti\u015fim sunumunun metninden olu\u015fuyor. Yazar bu kitap\u00e7\u0131kta, rol oyunlar\u0131<span class=\"excerpt-hellip\"> [\u2026]<\/span><\/p>\n","protected":false},"featured_media":0,"template":"","meta":{"_monsterinsights_skip_tracking":false,"_monsterinsights_sitenote_active":false,"_monsterinsights_sitenote_note":"","_monsterinsights_sitenote_category":0},"product_brand":[],"product_cat":[12357],"product_tag":[],"class_list":{"0":"post-763000","1":"product","2":"type-product","3":"status-publish","5":"product_cat-psikoloji","6":"pa_cilt-ciltsiz","7":"pa_tur-kitap","8":"pa_yayinevi-remzi-kitabevi","9":"pa_yazar-marshall-b-rosenberg","11":"first","12":"instock","13":"sale","14":"shipping-taxable","15":"purchasable","16":"product-type-simple"},"_links":{"self":[{"href":"https:\/\/roveyayinevi.com.tr\/index.php\/wp-json\/wp\/v2\/product\/763000","targetHints":{"allow":["GET"]}}],"collection":[{"href":"https:\/\/roveyayinevi.com.tr\/index.php\/wp-json\/wp\/v2\/product"}],"about":[{"href":"https:\/\/roveyayinevi.com.tr\/index.php\/wp-json\/wp\/v2\/types\/product"}],"wp:attachment":[{"href":"https:\/\/roveyayinevi.com.tr\/index.php\/wp-json\/wp\/v2\/media?parent=763000"}],"wp:term":[{"taxonomy":"product_brand","embeddable":true,"href":"https:\/\/roveyayinevi.com.tr\/index.php\/wp-json\/wp\/v2\/product_brand?post=763000"},{"taxonomy":"product_cat","embeddable":true,"href":"https:\/\/roveyayinevi.com.tr\/index.php\/wp-json\/wp\/v2\/product_cat?post=763000"},{"taxonomy":"product_tag","embeddable":true,"href":"https:\/\/roveyayinevi.com.tr\/index.php\/wp-json\/wp\/v2\/product_tag?post=763000"}],"curies":[{"name":"wp","href":"https:\/\/api.w.org\/{rel}","templated":true}]}}