{"id":762999,"date":"2025-08-28T10:27:11","date_gmt":"2025-08-28T07:27:11","guid":{"rendered":"https:\/\/roveyayinevi.com.tr\/index.php\/urun\/cocuklari-sefkatle-yetistirmek\/"},"modified":"2026-04-15T03:28:32","modified_gmt":"2026-04-15T00:28:32","slug":"cocuklari-sefkatle-yetistirmek","status":"publish","type":"product","link":"https:\/\/roveyayinevi.com.tr\/index.php\/urun\/cocuklari-sefkatle-yetistirmek\/","title":{"rendered":"\u00c7ocuklar\u0131 \u015eefkatle Yeti\u015ftirmek"},"content":{"rendered":"<p>\u015eiddetsiz ileti\u015fim yoluyla ebeveynlik&#8230; Bu kitap\u00e7\u0131k \u015eiddetsiz \u0130leti\u015fim yakla\u015f\u0131m\u0131 ve g\u00fcnl\u00fck hayat uygulamalar\u0131 \u00fczerine Marshall Rosenberg\u2019in kendi hayat\u0131ndan verdi\u011fi \u00f6rneklerden olu\u015fuyor. Ba\u015fta ebeveynler olarak \u00e7ocuklarla ilgilenen t\u00fcm yeti\u015fkinler ve kendi \u00e7ocuklu\u011funu \u015eiddetsiz \u0130leti\u015fim bak\u0131\u015f a\u00e7\u0131\u00e7\u0131s\u0131yla onurland\u0131rmak isteyen herkes i\u00e7in ilham kayna\u011f\u0131.Rosenberg kitap\u00e7\u0131\u011f\u0131n bir yerinde \u015f\u00f6yle diyor: \u201cEbeveynlik etmekle ilgili belli bir tedrisattan ge\u00e7mi\u015f oldu\u011fum i\u00e7in, \u00e7ocuklar\u0131n terbiyeli davranmas\u0131n\u0131 sa\u011flaman\u0131n ebeveynin g\u00f6revi oldu\u011funu d\u00fc\u015f\u00fcn\u00fcrd\u00fcm. \u0130\u00e7inde yeti\u015fti\u011fim k\u00fclt\u00fcrde, bir kez kendinizi otorite olarak, \u00f6\u011fretmen ya da ebeveyn olarak tan\u0131mlad\u0131\u011f\u0131n\u0131z anda \u201c\u00e7ocuk\u201d veya \u201c\u00f6\u011frenci\u201d olarak etiketledi\u011finiz ki\u015filerin belli bir \u015fekilde davranmas\u0131n\u0131 sa\u011flamay\u0131 kendi sorumlulu\u011funuz olarak g\u00f6r\u00fcrs\u00fcn\u00fcz.\u015eimdi bunun kendini baltalayan bir hedef oldu\u011funu g\u00f6r\u00fcyorum; \u00e7\u00fcnk\u00fc \u00f6\u011frendim ki, amac\u0131m\u0131z insanlar\u0131 belli bir \u015fekilde davranmaya y\u00f6neltmek oldu\u011funda, onlardan istedi\u011fimiz \u015fey ne olursa olsun, bize diren\u00e7 g\u00f6stermeye meyilli oluyorlar. Bana \u00f6yle geliyor ki, kar\u015f\u0131m\u0131zdaki ki\u015fi iki ya\u015f\u0131nda olsa da bu b\u00f6yle, doksan iki ya\u015f\u0131nda olsa da.\u201d<\/p>\n","protected":false},"excerpt":{"rendered":"<p>\u015eiddetsiz ileti\u015fim yoluyla ebeveynlik&#8230; Bu kitap\u00e7\u0131k \u015eiddetsiz \u0130leti\u015fim yakla\u015f\u0131m\u0131 ve g\u00fcnl\u00fck hayat uygulamalar\u0131 \u00fczerine Marshall Rosenberg\u2019in kendi hayat\u0131ndan verdi\u011fi \u00f6rneklerden olu\u015fuyor. Ba\u015fta ebeveynler olarak \u00e7ocuklarla ilgilenen<span class=\"excerpt-hellip\"> [\u2026]<\/span><\/p>\n","protected":false},"featured_media":0,"template":"","meta":{"_monsterinsights_skip_tracking":false,"_monsterinsights_sitenote_active":false,"_monsterinsights_sitenote_note":"","_monsterinsights_sitenote_category":0},"product_brand":[],"product_cat":[12357],"product_tag":[],"class_list":{"0":"post-762999","1":"product","2":"type-product","3":"status-publish","5":"product_cat-psikoloji","6":"pa_cilt-ciltsiz","7":"pa_tur-kitap","8":"pa_yayinevi-remzi-kitabevi","9":"pa_yazar-marshall-b-rosenberg","11":"first","12":"instock","13":"sale","14":"shipping-taxable","15":"purchasable","16":"product-type-simple"},"_links":{"self":[{"href":"https:\/\/roveyayinevi.com.tr\/index.php\/wp-json\/wp\/v2\/product\/762999","targetHints":{"allow":["GET"]}}],"collection":[{"href":"https:\/\/roveyayinevi.com.tr\/index.php\/wp-json\/wp\/v2\/product"}],"about":[{"href":"https:\/\/roveyayinevi.com.tr\/index.php\/wp-json\/wp\/v2\/types\/product"}],"wp:attachment":[{"href":"https:\/\/roveyayinevi.com.tr\/index.php\/wp-json\/wp\/v2\/media?parent=762999"}],"wp:term":[{"taxonomy":"product_brand","embeddable":true,"href":"https:\/\/roveyayinevi.com.tr\/index.php\/wp-json\/wp\/v2\/product_brand?post=762999"},{"taxonomy":"product_cat","embeddable":true,"href":"https:\/\/roveyayinevi.com.tr\/index.php\/wp-json\/wp\/v2\/product_cat?post=762999"},{"taxonomy":"product_tag","embeddable":true,"href":"https:\/\/roveyayinevi.com.tr\/index.php\/wp-json\/wp\/v2\/product_tag?post=762999"}],"curies":[{"name":"wp","href":"https:\/\/api.w.org\/{rel}","templated":true}]}}