{"id":762998,"date":"2025-08-28T10:27:10","date_gmt":"2025-08-28T07:27:10","guid":{"rendered":"https:\/\/roveyayinevi.com.tr\/index.php\/urun\/aramizdaki-aciyi-geride-birakmak\/"},"modified":"2026-04-15T03:28:32","modified_gmt":"2026-04-15T00:28:32","slug":"aramizdaki-aciyi-geride-birakmak","status":"publish","type":"product","link":"https:\/\/roveyayinevi.com.tr\/index.php\/urun\/aramizdaki-aciyi-geride-birakmak\/","title":{"rendered":"Aram\u0131zdaki Ac\u0131y\u0131 Geride B\u0131rakmak"},"content":{"rendered":"<p>\u00d6d\u00fcn vermeden bar\u0131\u015fmak ve \u015fifaya kavu\u015fmak&#8230; Aram\u0131zdaki Ac\u0131y\u0131 Geride B\u0131rakmak, birbirimizle ili\u015fkilerimizi onarmaya odaklanan; \u015eiddetsiz \u0130leti\u015fim yard\u0131m\u0131yla \u00e7at\u0131\u015fmalar\u0131 anlay\u0131p \u00e7\u00f6zmek, eski yaralar\u0131 \u015fifaya kavu\u015fturmak ve doyurucu ili\u015fkiler geli\u015ftirmek i\u00e7in ihtiyac\u0131m\u0131z olan becerileri bize sunan bir \u00e7al\u0131\u015fma.\u0130ster i\u015f ortam\u0131nda, ister aile i\u00e7inde, ister okulda veya i\u00e7inde bulundu\u011funuz toplulukta olsun, her t\u00fcrl\u00fc \u00e7at\u0131\u015fmal\u0131 ili\u015fkinizde \u015fifaya kavu\u015fmak ve bar\u0131\u015fmak i\u00e7in atabilece\u011finiz ad\u0131mlar\u0131 bu sayfalarda bulacaks\u0131n\u0131z. \u015eiddetsiz \u0130leti\u015fim becerileri, kal\u0131c\u0131 bar\u0131\u015f yapman\u0131z, hatta sorunlar\u0131n meydana gelmesini \u00f6nleyebilmeniz i\u00e7in sizi g\u00fc\u00e7lendirir. Kurulan diyaloglara tan\u0131k olmak ve kalpten dinleyip kalpten konu\u015ftu\u011fumuzda olu\u015fan anlay\u0131\u015f\u0131n yaratt\u0131\u011f\u0131 sihrin tad\u0131n\u0131 \u00e7\u0131karmak m\u00fcmk\u00fcn.<\/p>\n","protected":false},"excerpt":{"rendered":"<p>\u00d6d\u00fcn vermeden bar\u0131\u015fmak ve \u015fifaya kavu\u015fmak&#8230; Aram\u0131zdaki Ac\u0131y\u0131 Geride B\u0131rakmak, birbirimizle ili\u015fkilerimizi onarmaya odaklanan; \u015eiddetsiz \u0130leti\u015fim yard\u0131m\u0131yla \u00e7at\u0131\u015fmalar\u0131 anlay\u0131p \u00e7\u00f6zmek, eski yaralar\u0131 \u015fifaya kavu\u015fturmak ve doyurucu<span class=\"excerpt-hellip\"> [\u2026]<\/span><\/p>\n","protected":false},"featured_media":0,"template":"","meta":{"_monsterinsights_skip_tracking":false,"_monsterinsights_sitenote_active":false,"_monsterinsights_sitenote_note":"","_monsterinsights_sitenote_category":0},"product_brand":[],"product_cat":[12357],"product_tag":[],"class_list":{"0":"post-762998","1":"product","2":"type-product","3":"status-publish","5":"product_cat-psikoloji","6":"pa_cilt-ciltsiz","7":"pa_tur-kitap","8":"pa_yayinevi-remzi-kitabevi","9":"pa_yazar-marshall-b-rosenberg","11":"first","12":"instock","13":"sale","14":"shipping-taxable","15":"purchasable","16":"product-type-simple"},"_links":{"self":[{"href":"https:\/\/roveyayinevi.com.tr\/index.php\/wp-json\/wp\/v2\/product\/762998","targetHints":{"allow":["GET"]}}],"collection":[{"href":"https:\/\/roveyayinevi.com.tr\/index.php\/wp-json\/wp\/v2\/product"}],"about":[{"href":"https:\/\/roveyayinevi.com.tr\/index.php\/wp-json\/wp\/v2\/types\/product"}],"wp:attachment":[{"href":"https:\/\/roveyayinevi.com.tr\/index.php\/wp-json\/wp\/v2\/media?parent=762998"}],"wp:term":[{"taxonomy":"product_brand","embeddable":true,"href":"https:\/\/roveyayinevi.com.tr\/index.php\/wp-json\/wp\/v2\/product_brand?post=762998"},{"taxonomy":"product_cat","embeddable":true,"href":"https:\/\/roveyayinevi.com.tr\/index.php\/wp-json\/wp\/v2\/product_cat?post=762998"},{"taxonomy":"product_tag","embeddable":true,"href":"https:\/\/roveyayinevi.com.tr\/index.php\/wp-json\/wp\/v2\/product_tag?post=762998"}],"curies":[{"name":"wp","href":"https:\/\/api.w.org\/{rel}","templated":true}]}}