{"id":762997,"date":"2025-08-28T10:27:08","date_gmt":"2025-08-28T07:27:08","guid":{"rendered":"https:\/\/roveyayinevi.com.tr\/index.php\/urun\/disney-esrarengiz-kasaba-cizgi-diziden-oykuler-7-ciltli\/"},"modified":"2026-04-15T03:27:51","modified_gmt":"2026-04-15T00:27:51","slug":"disney-esrarengiz-kasaba-cizgi-diziden-oykuler-7-ciltli","status":"publish","type":"product","link":"https:\/\/roveyayinevi.com.tr\/index.php\/urun\/disney-esrarengiz-kasaba-cizgi-diziden-oykuler-7-ciltli\/","title":{"rendered":"Disney &#8211; Esrarengiz Kasaba \u00c7izgi Diziden \u00d6yk\u00fcler 7 (Ciltli)"},"content":{"rendered":"<p>OK \u0130DD\u0130ALI!   Dipper ve Mabel\u2019\u0131n Esrarengiz Kasaba\u2019daki maceralar\u0131 tam gaz devam ediyor. Gideon\u2019\u0131n Kulu\u0308be\u2019ye sahip olmak istemesiyle kasabada i\u015fler kar\u0131\u015facak! Tabii, Gideon bunun i\u00e7in \u00f6nce Kulu\u0308be\u2019nin tapusunu ele ge\u00e7irmeli ama nas\u0131l? Harika Amca Stan\u2019in kasas\u0131n\u0131n \u015fifresini \u00e7\u00f6zmeye Bill Cipher\u2019\u0131n gu\u0308cu\u0308 yetecek mi dersin? \u0130\u015f birli\u011fi yapan Mabel, Dipper ve Soos\u2019un onu alt etmeleri \u00e7ok gu\u0308\u00e7 olmasa gerek! Ancak gu\u0308nu\u0308n sonunda, kasaban\u0131n esas kahraman\u0131n\u0131n kim oldu\u011fu anla\u015f\u0131lacak! Peki, bu kahraman\u0131n gizli bir plan\u0131 olabilir mi?   Esrarengiz Kasaba \u00c7izgi Diziden \u00d6yku\u0308ler Hayal Kanunsuzu, \u00e7ok sevilen Disney animasyon dizisinden uyarland\u0131. \u015eimdi sen de Esrarengiz Kasaba\u2019n\u0131n gizemli du\u0308nyas\u0131nda Dipper ile Mabel\u2019a e\u015flik edebilir, maceradan maceraya ko\u015fan sevgili ikizlerimizin pe\u015flerine tak\u0131labilirsin! <\/p>\n","protected":false},"excerpt":{"rendered":"<p>OK \u0130DD\u0130ALI! Dipper ve Mabel\u2019\u0131n Esrarengiz Kasaba\u2019daki maceralar\u0131 tam gaz devam ediyor. Gideon\u2019\u0131n Kulu\u0308be\u2019ye sahip olmak istemesiyle kasabada i\u015fler kar\u0131\u015facak! Tabii, Gideon bunun i\u00e7in \u00f6nce Kulu\u0308be\u2019nin<span class=\"excerpt-hellip\"> [\u2026]<\/span><\/p>\n","protected":false},"featured_media":0,"template":"","meta":{"_monsterinsights_skip_tracking":false,"_monsterinsights_sitenote_active":false,"_monsterinsights_sitenote_note":"","_monsterinsights_sitenote_category":0},"product_brand":[],"product_cat":[12689,12274],"product_tag":[],"class_list":{"0":"post-762997","1":"product","2":"type-product","3":"status-publish","5":"product_cat-cizgi-roman-cocuk-ve-genclik-kitaplari","6":"product_cat-cocuk-ve-genclik-kitaplari","7":"pa_cilt-ciltli","8":"pa_tur-kitap","9":"pa_yayinevi-beta-kids","10":"pa_yazar-kolektif","12":"first","13":"instock","14":"sale","15":"shipping-taxable","16":"purchasable","17":"product-type-simple"},"_links":{"self":[{"href":"https:\/\/roveyayinevi.com.tr\/index.php\/wp-json\/wp\/v2\/product\/762997","targetHints":{"allow":["GET"]}}],"collection":[{"href":"https:\/\/roveyayinevi.com.tr\/index.php\/wp-json\/wp\/v2\/product"}],"about":[{"href":"https:\/\/roveyayinevi.com.tr\/index.php\/wp-json\/wp\/v2\/types\/product"}],"wp:attachment":[{"href":"https:\/\/roveyayinevi.com.tr\/index.php\/wp-json\/wp\/v2\/media?parent=762997"}],"wp:term":[{"taxonomy":"product_brand","embeddable":true,"href":"https:\/\/roveyayinevi.com.tr\/index.php\/wp-json\/wp\/v2\/product_brand?post=762997"},{"taxonomy":"product_cat","embeddable":true,"href":"https:\/\/roveyayinevi.com.tr\/index.php\/wp-json\/wp\/v2\/product_cat?post=762997"},{"taxonomy":"product_tag","embeddable":true,"href":"https:\/\/roveyayinevi.com.tr\/index.php\/wp-json\/wp\/v2\/product_tag?post=762997"}],"curies":[{"name":"wp","href":"https:\/\/api.w.org\/{rel}","templated":true}]}}