{"id":762995,"date":"2025-08-28T10:27:04","date_gmt":"2025-08-28T07:27:04","guid":{"rendered":"https:\/\/roveyayinevi.com.tr\/index.php\/urun\/disney-esrarengiz-kasaba-cizgi-diziden-oykuler-5-ciltli\/"},"modified":"2026-04-15T03:27:51","modified_gmt":"2026-04-15T00:27:51","slug":"disney-esrarengiz-kasaba-cizgi-diziden-oykuler-5-ciltli","status":"publish","type":"product","link":"https:\/\/roveyayinevi.com.tr\/index.php\/urun\/disney-esrarengiz-kasaba-cizgi-diziden-oykuler-5-ciltli\/","title":{"rendered":"Disney &#8211; Esrarengiz Kasaba \u00c7izgi Diziden \u00d6yk\u00fcler 5 (Ciltli)"},"content":{"rendered":"<p>ABRAKADABRA!   Dipper ve Mabel\u2019\u0131n yaz tatilleri, Esrarengiz Kasaba\u2019daki gizemli olaylar artt\u0131kc\u0327a daha da eg\u0306lenceli bir ha\u0302l al\u0131yor! Soos\u2019un rekor k\u0131rd\u0131g\u0306\u0131 oyun sence hangisi? Mabel, Gizemli Kulu\u0308be\u2019yi yo\u0308netirse ne olur? Bunlar cevaplamas\u0131 zor sorular! Y\u0131l\u0131n en s\u0131cak gu\u0308nu\u0308nde, Esrarengiz Kasaba havuzu da ac\u0327\u0131l\u0131nca is\u0327ler biraz kar\u0131s\u0327acak, bizden so\u0308ylemesi! C\u0327ok sevilen Disney XD animasyon serisinden uyarlanan Esrarengiz Kasaba \u2013 C\u0327izgi Diziden O\u0308yku\u0308ler kitaplar\u0131yla birlikte, Dipper ve Mabel\u2019in heyecan dolu maceralar\u0131na sen de istedig\u0306in zaman ortak olabilirsin! <\/p>\n","protected":false},"excerpt":{"rendered":"<p>ABRAKADABRA! Dipper ve Mabel\u2019\u0131n yaz tatilleri, Esrarengiz Kasaba\u2019daki gizemli olaylar artt\u0131kc\u0327a daha da eg\u0306lenceli bir ha\u0302l al\u0131yor! Soos\u2019un rekor k\u0131rd\u0131g\u0306\u0131 oyun sence hangisi? Mabel, Gizemli Kulu\u0308be\u2019yi<span class=\"excerpt-hellip\"> [\u2026]<\/span><\/p>\n","protected":false},"featured_media":0,"template":"","meta":{"_monsterinsights_skip_tracking":false,"_monsterinsights_sitenote_active":false,"_monsterinsights_sitenote_note":"","_monsterinsights_sitenote_category":0},"product_brand":[],"product_cat":[12689,12274],"product_tag":[],"class_list":{"0":"post-762995","1":"product","2":"type-product","3":"status-publish","5":"product_cat-cizgi-roman-cocuk-ve-genclik-kitaplari","6":"product_cat-cocuk-ve-genclik-kitaplari","7":"pa_cilt-ciltli","8":"pa_tur-kitap","9":"pa_yayinevi-beta-kids","10":"pa_yazar-kolektif","12":"first","13":"instock","14":"sale","15":"shipping-taxable","16":"purchasable","17":"product-type-simple"},"_links":{"self":[{"href":"https:\/\/roveyayinevi.com.tr\/index.php\/wp-json\/wp\/v2\/product\/762995","targetHints":{"allow":["GET"]}}],"collection":[{"href":"https:\/\/roveyayinevi.com.tr\/index.php\/wp-json\/wp\/v2\/product"}],"about":[{"href":"https:\/\/roveyayinevi.com.tr\/index.php\/wp-json\/wp\/v2\/types\/product"}],"wp:attachment":[{"href":"https:\/\/roveyayinevi.com.tr\/index.php\/wp-json\/wp\/v2\/media?parent=762995"}],"wp:term":[{"taxonomy":"product_brand","embeddable":true,"href":"https:\/\/roveyayinevi.com.tr\/index.php\/wp-json\/wp\/v2\/product_brand?post=762995"},{"taxonomy":"product_cat","embeddable":true,"href":"https:\/\/roveyayinevi.com.tr\/index.php\/wp-json\/wp\/v2\/product_cat?post=762995"},{"taxonomy":"product_tag","embeddable":true,"href":"https:\/\/roveyayinevi.com.tr\/index.php\/wp-json\/wp\/v2\/product_tag?post=762995"}],"curies":[{"name":"wp","href":"https:\/\/api.w.org\/{rel}","templated":true}]}}