{"id":762994,"date":"2025-08-28T10:27:02","date_gmt":"2025-08-28T07:27:02","guid":{"rendered":"https:\/\/roveyayinevi.com.tr\/index.php\/urun\/disney-esrarengiz-kasaba-cizgi-diziden-oykuler-4-ciltli\/"},"modified":"2026-04-15T03:27:51","modified_gmt":"2026-04-15T00:27:51","slug":"disney-esrarengiz-kasaba-cizgi-diziden-oykuler-4-ciltli","status":"publish","type":"product","link":"https:\/\/roveyayinevi.com.tr\/index.php\/urun\/disney-esrarengiz-kasaba-cizgi-diziden-oykuler-4-ciltli\/","title":{"rendered":"Disney &#8211; Esrarengiz Kasaba \u00c7izgi Diziden \u00d6yk\u00fcler 4 (Ciltli)"},"content":{"rendered":"<p>NEDEN \u00c7ILDIRMI\u015e G\u0130B\u0130 DAVRANIYORSUN?   Dipper ve Mabel\u2019\u0131n Esrarengiz Kasaba\u2019daki yaz tatilleri giderek gariples\u0327iyor. Gizemli bir bilgisayar kodu, Dipper\u2019\u0131n en sevdig\u0306i ateri oyunu karakteri Rumble McSkirmish\u2019i canland\u0131r\u0131nca, Robbie\u2019yle k\u0131yas\u0131ya do\u0308vu\u0308s\u0327 de kac\u0327\u0131n\u0131lmaz oluyor! Sihirli bir el feneri ise ikizlerin boy yar\u0131s\u0327\u0131na yepyeni bir boyut katacak ancak bu oyunun yan etkileri ikizlerin tahmin ettig\u0306inden c\u0327ok daha bu\u0308yu\u0308k olacak. Yaz Cad\u0131lar Bayram\u0131 Hileka\u0302r\u0131 efsanesini duymus\u0327 muydun? Bu sene Mabel ve Dipper\u2019\u0131 c\u0327ok bu\u0308yu\u0308k bir kars\u0327\u0131las\u0327ma bekliyor. Gizem ikizleri Mabel ve Dipper\u2019\u0131n hareketli maceralar\u0131na Disney Esrarengiz Kasaba: C\u0327izgi Diziden O\u0308yku\u0308ler serisiyle kat\u0131l, eg\u0306lenceyi ka\u00e7\u0131rma! <\/p>\n","protected":false},"excerpt":{"rendered":"<p>NEDEN \u00c7ILDIRMI\u015e G\u0130B\u0130 DAVRANIYORSUN? Dipper ve Mabel\u2019\u0131n Esrarengiz Kasaba\u2019daki yaz tatilleri giderek gariples\u0327iyor. Gizemli bir bilgisayar kodu, Dipper\u2019\u0131n en sevdig\u0306i ateri oyunu karakteri Rumble McSkirmish\u2019i canland\u0131r\u0131nca,<span class=\"excerpt-hellip\"> [\u2026]<\/span><\/p>\n","protected":false},"featured_media":0,"template":"","meta":{"_monsterinsights_skip_tracking":false,"_monsterinsights_sitenote_active":false,"_monsterinsights_sitenote_note":"","_monsterinsights_sitenote_category":0},"product_brand":[],"product_cat":[12689,12274],"product_tag":[],"class_list":{"0":"post-762994","1":"product","2":"type-product","3":"status-publish","5":"product_cat-cizgi-roman-cocuk-ve-genclik-kitaplari","6":"product_cat-cocuk-ve-genclik-kitaplari","7":"pa_cilt-ciltli","8":"pa_tur-kitap","9":"pa_yayinevi-beta-kids","10":"pa_yazar-kolektif","12":"first","13":"instock","14":"sale","15":"shipping-taxable","16":"purchasable","17":"product-type-simple"},"_links":{"self":[{"href":"https:\/\/roveyayinevi.com.tr\/index.php\/wp-json\/wp\/v2\/product\/762994","targetHints":{"allow":["GET"]}}],"collection":[{"href":"https:\/\/roveyayinevi.com.tr\/index.php\/wp-json\/wp\/v2\/product"}],"about":[{"href":"https:\/\/roveyayinevi.com.tr\/index.php\/wp-json\/wp\/v2\/types\/product"}],"wp:attachment":[{"href":"https:\/\/roveyayinevi.com.tr\/index.php\/wp-json\/wp\/v2\/media?parent=762994"}],"wp:term":[{"taxonomy":"product_brand","embeddable":true,"href":"https:\/\/roveyayinevi.com.tr\/index.php\/wp-json\/wp\/v2\/product_brand?post=762994"},{"taxonomy":"product_cat","embeddable":true,"href":"https:\/\/roveyayinevi.com.tr\/index.php\/wp-json\/wp\/v2\/product_cat?post=762994"},{"taxonomy":"product_tag","embeddable":true,"href":"https:\/\/roveyayinevi.com.tr\/index.php\/wp-json\/wp\/v2\/product_tag?post=762994"}],"curies":[{"name":"wp","href":"https:\/\/api.w.org\/{rel}","templated":true}]}}