{"id":762993,"date":"2025-08-28T10:27:00","date_gmt":"2025-08-28T07:27:00","guid":{"rendered":"https:\/\/roveyayinevi.com.tr\/index.php\/urun\/disney-esrarengiz-kasaba-cizgi-diziden-oykuler-3-ciltli\/"},"modified":"2026-04-15T03:27:51","modified_gmt":"2026-04-15T00:27:51","slug":"disney-esrarengiz-kasaba-cizgi-diziden-oykuler-3-ciltli","status":"publish","type":"product","link":"https:\/\/roveyayinevi.com.tr\/index.php\/urun\/disney-esrarengiz-kasaba-cizgi-diziden-oykuler-3-ciltli\/","title":{"rendered":"Disney &#8211; Esrarengiz Kasaba \u00c7izgi Diziden \u00d6yk\u00fcler 3 (Ciltli)"},"content":{"rendered":"<p>S\u0327AS\u0327IRTAN MACERALAR!   Dipper ve Mabel\u2019\u0131n Esrarengiz Kasaba\u2019daki yaz tatilleri tam h\u0131z\u0131yla devam ediyor. Soos ve Wendy ile Harika Amca Stan\u2019in Gizemli Kulu\u0308be\u2019sinde c\u0327al\u0131s\u0327\u0131rken, bir su\u0308ru\u0308 yeni arkadas\u0327 da ediniyorlar. Aralar\u0131nda kimler yok ki&#8230; Paytak ad\u0131nda bir domuz, tarihin tozlu sayfalar\u0131ndan c\u0327\u0131kagelen bir devlet bas\u0327kan\u0131 ve hatta zamanda yolculuk yapan bir gezgin! Anlayacag\u0306\u0131n, Mabel ve Dipper\u2019\u0131n yeni seru\u0308venlerinde eg\u0306lencenin dozu bir an olsun azalmayacak. C\u0327ok sevilen Disney animasyon serisinden uyarlanan Esrarengiz Kasaba \u2013 C\u0327izgi Diziden O\u0308yku\u0308ler kitaplar\u0131yla birlikte, Dipper ve Mabel\u2019\u0131n heyecan dolu maceralar\u0131na sen de istedig\u0306in zaman ortak olabilirsin! <\/p>\n","protected":false},"excerpt":{"rendered":"<p>S\u0327AS\u0327IRTAN MACERALAR! Dipper ve Mabel\u2019\u0131n Esrarengiz Kasaba\u2019daki yaz tatilleri tam h\u0131z\u0131yla devam ediyor. Soos ve Wendy ile Harika Amca Stan\u2019in Gizemli Kulu\u0308be\u2019sinde c\u0327al\u0131s\u0327\u0131rken, bir su\u0308ru\u0308 yeni<span class=\"excerpt-hellip\"> [\u2026]<\/span><\/p>\n","protected":false},"featured_media":0,"template":"","meta":{"_monsterinsights_skip_tracking":false,"_monsterinsights_sitenote_active":false,"_monsterinsights_sitenote_note":"","_monsterinsights_sitenote_category":0},"product_brand":[],"product_cat":[12689,12274],"product_tag":[],"class_list":{"0":"post-762993","1":"product","2":"type-product","3":"status-publish","5":"product_cat-cizgi-roman-cocuk-ve-genclik-kitaplari","6":"product_cat-cocuk-ve-genclik-kitaplari","7":"pa_cilt-ciltli","8":"pa_tur-kitap","9":"pa_yayinevi-beta-kids","10":"pa_yazar-kolektif","12":"first","13":"instock","14":"sale","15":"shipping-taxable","16":"purchasable","17":"product-type-simple"},"_links":{"self":[{"href":"https:\/\/roveyayinevi.com.tr\/index.php\/wp-json\/wp\/v2\/product\/762993","targetHints":{"allow":["GET"]}}],"collection":[{"href":"https:\/\/roveyayinevi.com.tr\/index.php\/wp-json\/wp\/v2\/product"}],"about":[{"href":"https:\/\/roveyayinevi.com.tr\/index.php\/wp-json\/wp\/v2\/types\/product"}],"wp:attachment":[{"href":"https:\/\/roveyayinevi.com.tr\/index.php\/wp-json\/wp\/v2\/media?parent=762993"}],"wp:term":[{"taxonomy":"product_brand","embeddable":true,"href":"https:\/\/roveyayinevi.com.tr\/index.php\/wp-json\/wp\/v2\/product_brand?post=762993"},{"taxonomy":"product_cat","embeddable":true,"href":"https:\/\/roveyayinevi.com.tr\/index.php\/wp-json\/wp\/v2\/product_cat?post=762993"},{"taxonomy":"product_tag","embeddable":true,"href":"https:\/\/roveyayinevi.com.tr\/index.php\/wp-json\/wp\/v2\/product_tag?post=762993"}],"curies":[{"name":"wp","href":"https:\/\/api.w.org\/{rel}","templated":true}]}}