{"id":762992,"date":"2025-08-28T10:26:58","date_gmt":"2025-08-28T07:26:58","guid":{"rendered":"https:\/\/roveyayinevi.com.tr\/index.php\/urun\/disney-esrarengiz-kasaba-cizgi-diziden-oykuler-2-ciltli\/"},"modified":"2026-04-15T03:27:51","modified_gmt":"2026-04-15T00:27:51","slug":"disney-esrarengiz-kasaba-cizgi-diziden-oykuler-2-ciltli","status":"publish","type":"product","link":"https:\/\/roveyayinevi.com.tr\/index.php\/urun\/disney-esrarengiz-kasaba-cizgi-diziden-oykuler-2-ciltli\/","title":{"rendered":"Disney &#8211; Esrarengiz Kasaba \u00c7izgi Diziden \u00d6yk\u00fcler 2 (Ciltli)"},"content":{"rendered":"<p>GI\u0307ZEMLI\u0307 KULU\u0308BE\u2019YE HOS\u0327 GELDI\u0307NI\u0307Z!   Dipper ve Mabel\u2019\u0131n Esrarengiz Kasaba\u2019daki yaz tatili seru\u0308veni daha yeni bas\u0327l\u0131yor. I\u0307kizler, Harika Amca Stan\u2019in Gizemli Kulu\u0308be\u2019sinde c\u0327al\u0131s\u0327mad\u0131klar\u0131 zamanlarda, Soos ve Wendy\u2019yle birlikte kasaba yerlilerinin s\u0131rlar\u0131n\u0131 kes\u0327fetmeye devam ediyorlar. Elbette yeni maceralar\u0131nda onlara, kimisi dost canl\u0131s\u0131, kimisi ise ko\u0308tu\u0308lu\u0308k pes\u0327inde, bir su\u0308ru\u0308 dog\u0306au\u0308stu\u0308 yarat\u0131k es\u0327lik edecek. C\u0327ok sevilen Disney animasyon serisinden uyarlanan Esrarengiz Kasaba \u2013 C\u0327izgi Diziden O\u0308yku\u0308ler kitaplar\u0131yla birlikte, Dipper ve Mabel\u2019in heyecan dolu maceralar\u0131na sen de istedig\u0306in zaman ortak olabilirsin! <\/p>\n","protected":false},"excerpt":{"rendered":"<p>GI\u0307ZEMLI\u0307 KULU\u0308BE\u2019YE HOS\u0327 GELDI\u0307NI\u0307Z! Dipper ve Mabel\u2019\u0131n Esrarengiz Kasaba\u2019daki yaz tatili seru\u0308veni daha yeni bas\u0327l\u0131yor. I\u0307kizler, Harika Amca Stan\u2019in Gizemli Kulu\u0308be\u2019sinde c\u0327al\u0131s\u0327mad\u0131klar\u0131 zamanlarda, Soos ve Wendy\u2019yle<span class=\"excerpt-hellip\"> [\u2026]<\/span><\/p>\n","protected":false},"featured_media":0,"template":"","meta":{"_monsterinsights_skip_tracking":false,"_monsterinsights_sitenote_active":false,"_monsterinsights_sitenote_note":"","_monsterinsights_sitenote_category":0},"product_brand":[],"product_cat":[12689,12274],"product_tag":[],"class_list":{"0":"post-762992","1":"product","2":"type-product","3":"status-publish","5":"product_cat-cizgi-roman-cocuk-ve-genclik-kitaplari","6":"product_cat-cocuk-ve-genclik-kitaplari","7":"pa_cilt-ciltli","8":"pa_tur-kitap","9":"pa_yayinevi-beta-kids","10":"pa_yazar-kolektif","12":"first","13":"instock","14":"sale","15":"shipping-taxable","16":"purchasable","17":"product-type-simple"},"_links":{"self":[{"href":"https:\/\/roveyayinevi.com.tr\/index.php\/wp-json\/wp\/v2\/product\/762992","targetHints":{"allow":["GET"]}}],"collection":[{"href":"https:\/\/roveyayinevi.com.tr\/index.php\/wp-json\/wp\/v2\/product"}],"about":[{"href":"https:\/\/roveyayinevi.com.tr\/index.php\/wp-json\/wp\/v2\/types\/product"}],"wp:attachment":[{"href":"https:\/\/roveyayinevi.com.tr\/index.php\/wp-json\/wp\/v2\/media?parent=762992"}],"wp:term":[{"taxonomy":"product_brand","embeddable":true,"href":"https:\/\/roveyayinevi.com.tr\/index.php\/wp-json\/wp\/v2\/product_brand?post=762992"},{"taxonomy":"product_cat","embeddable":true,"href":"https:\/\/roveyayinevi.com.tr\/index.php\/wp-json\/wp\/v2\/product_cat?post=762992"},{"taxonomy":"product_tag","embeddable":true,"href":"https:\/\/roveyayinevi.com.tr\/index.php\/wp-json\/wp\/v2\/product_tag?post=762992"}],"curies":[{"name":"wp","href":"https:\/\/api.w.org\/{rel}","templated":true}]}}