{"id":762991,"date":"2025-08-28T10:26:56","date_gmt":"2025-08-28T07:26:56","guid":{"rendered":"https:\/\/roveyayinevi.com.tr\/index.php\/urun\/disney-esrarengiz-kasaba-cizgi-diziden-oykuler-1-ciltli\/"},"modified":"2026-04-15T03:27:51","modified_gmt":"2026-04-15T00:27:51","slug":"disney-esrarengiz-kasaba-cizgi-diziden-oykuler-1-ciltli","status":"publish","type":"product","link":"https:\/\/roveyayinevi.com.tr\/index.php\/urun\/disney-esrarengiz-kasaba-cizgi-diziden-oykuler-1-ciltli\/","title":{"rendered":"Disney &#8211; Esrarengiz Kasaba \u00c7izgi Diziden \u00d6yk\u00fcler 1 (Ciltli)"},"content":{"rendered":"<p>MACERA YEN\u0130 BA\u015eLIYOR! Yaz tatili vakti ve 12 ya\u015f\u0131ndaki ikizler Dipper ile Mabel Pines Harika Amca Stan\u2019i ziyaret etmek i\u00e7in Oregon\u2019daki Esrarengiz Kasaba\u2019ya gidiyorlar! G\u00f6r\u00fcn\u00fc\u015fe g\u00f6re ikizler, bu yaz\u0131 amcalar\u0131 Stan\u2019in Gizemli Kul\u00fcbe ad\u0131ndaki turist kapan\u0131nda uslu uslu \u00e7al\u0131\u015farak ge\u00e7irecekler\u2026 Oysa Dipper\u2019\u0131n, Esrarengiz Kasaba orman\u0131nda gizli bir g\u00fcnl\u00fck bulmas\u0131yla i\u015fler de\u011fi\u015fecek ve iki karde\u015f kendilerini maceran\u0131n tam ortas\u0131nda bulacaklar! <\/p>\n","protected":false},"excerpt":{"rendered":"<p>MACERA YEN\u0130 BA\u015eLIYOR! Yaz tatili vakti ve 12 ya\u015f\u0131ndaki ikizler Dipper ile Mabel Pines Harika Amca Stan\u2019i ziyaret etmek i\u00e7in Oregon\u2019daki Esrarengiz Kasaba\u2019ya gidiyorlar! G\u00f6r\u00fcn\u00fc\u015fe g\u00f6re<span class=\"excerpt-hellip\"> [\u2026]<\/span><\/p>\n","protected":false},"featured_media":0,"template":"","meta":{"_monsterinsights_skip_tracking":false,"_monsterinsights_sitenote_active":false,"_monsterinsights_sitenote_note":"","_monsterinsights_sitenote_category":0},"product_brand":[],"product_cat":[12689,12274],"product_tag":[],"class_list":{"0":"post-762991","1":"product","2":"type-product","3":"status-publish","5":"product_cat-cizgi-roman-cocuk-ve-genclik-kitaplari","6":"product_cat-cocuk-ve-genclik-kitaplari","7":"pa_cilt-ciltli","8":"pa_tur-kitap","9":"pa_yayinevi-beta-kids","10":"pa_yazar-kolektif","12":"first","13":"instock","14":"sale","15":"shipping-taxable","16":"purchasable","17":"product-type-simple"},"_links":{"self":[{"href":"https:\/\/roveyayinevi.com.tr\/index.php\/wp-json\/wp\/v2\/product\/762991","targetHints":{"allow":["GET"]}}],"collection":[{"href":"https:\/\/roveyayinevi.com.tr\/index.php\/wp-json\/wp\/v2\/product"}],"about":[{"href":"https:\/\/roveyayinevi.com.tr\/index.php\/wp-json\/wp\/v2\/types\/product"}],"wp:attachment":[{"href":"https:\/\/roveyayinevi.com.tr\/index.php\/wp-json\/wp\/v2\/media?parent=762991"}],"wp:term":[{"taxonomy":"product_brand","embeddable":true,"href":"https:\/\/roveyayinevi.com.tr\/index.php\/wp-json\/wp\/v2\/product_brand?post=762991"},{"taxonomy":"product_cat","embeddable":true,"href":"https:\/\/roveyayinevi.com.tr\/index.php\/wp-json\/wp\/v2\/product_cat?post=762991"},{"taxonomy":"product_tag","embeddable":true,"href":"https:\/\/roveyayinevi.com.tr\/index.php\/wp-json\/wp\/v2\/product_tag?post=762991"}],"curies":[{"name":"wp","href":"https:\/\/api.w.org\/{rel}","templated":true}]}}