{"id":762986,"date":"2025-08-28T10:26:45","date_gmt":"2025-08-28T07:26:45","guid":{"rendered":"https:\/\/roveyayinevi.com.tr\/index.php\/urun\/hukuk-uzerine-makaleler\/"},"modified":"2026-04-15T03:27:50","modified_gmt":"2026-04-15T00:27:50","slug":"hukuk-uzerine-makaleler","status":"publish","type":"product","link":"https:\/\/roveyayinevi.com.tr\/index.php\/urun\/hukuk-uzerine-makaleler\/","title":{"rendered":"Hukuk \u00dczerine Makaleler"},"content":{"rendered":"<p>Bundan \u00fc\u00e7 bu\u00e7uk sene evvel muharrir-i maruf, muhibb-i azizim \u0130smail Gasprinskiy Bey\u2019in tavsiyesiyle Rusya\u2019dan memleketimize tahsil i\u00e7in gelmi\u015f be\u015f M\u00fcsl\u00fcman talebe kabul etmi\u015ftim. \u00dc\u00e7\u00fc K\u0131rg\u0131z memleketinden, ikisi de Kafkasya\u2019dan idiler. Bu efendilere kemal-i hul\u00fbs ve memnuniyetle kendi ikametgah\u0131mda gizlice ve fahr\u00ee olarak ders verir idim. \u015eu Hukuk-\u0131 Esasiyeye Medhal nam\u0131yla ne\u015frolunan makale, o efendilere ale\u2019l-acele imla edilmi\u015f bir derstir. \u201cFeylesof\u201d R\u0131za Tevfik (B\u00f6l\u00fckba\u015f\u0131, 1869-1949), felsefe ve edebiyat alanlar\u0131ndaki eserleri, geni\u015f k\u00fclt\u00fcr\u00fc, derin bilgi birikimi ve sel\u00ees T\u00fcrk\u00e7esiyle me\u015fhur yazarlar\u0131m\u0131zdand\u0131r. R\u0131za Tevfik, II. Me\u015frutiyet\u2019in ilan\u0131ndan \u00f6nce, Gasp\u0131ral\u0131 \u0130smail Bey\u2019in tavsiyesiyle \u0130stanbul\u2019a gelen be\u015f \u00f6\u011frenciye anayasa hukukuna giri\u015f dersleri vermi\u015fti. II. Me\u015frutiyet\u2019in ilk g\u00fcnlerinde ate\u015fli bir hatip olarak ad\u0131n\u0131 geni\u015f kitlelere duyurdu, k\u0131sa bir s\u00fcre sonra \u0130ttihat ve Terakki Cemiyeti saflar\u0131nda Edirne mebusu olarak Meclis-i Mebusan\u2019a girdi ve hukukla ilgili yaz\u0131 dizileri yay\u0131mlad\u0131: John Stuart Mill\u2019in h\u00fcrriyet anlay\u0131\u015f\u0131, Herbert Spencer\u2019\u0131n devlet ve h\u00fcrriyet felsefesi, anayasa hukukuna giri\u015f dersleri. R\u0131za Tevfik, II. Me\u015frutiyet y\u0131llar\u0131nda, ceza hukuku felsefesi ve kad\u0131n haklar\u0131yla ilgili k\u0131sa yaz\u0131lar da yazd\u0131, mahkemelerle ilgili bir m\u00fclakat verdi. Elinizdeki kitap, Feylesof\u2019un pek bilinmeyen bu hukuk metinlerini g\u00fcn y\u00fcz\u00fcne \u00e7\u0131kar\u0131yor. <\/p>\n","protected":false},"excerpt":{"rendered":"<p>Bundan \u00fc\u00e7 bu\u00e7uk sene evvel muharrir-i maruf, muhibb-i azizim \u0130smail Gasprinskiy Bey\u2019in tavsiyesiyle Rusya\u2019dan memleketimize tahsil i\u00e7in gelmi\u015f be\u015f M\u00fcsl\u00fcman talebe kabul etmi\u015ftim. \u00dc\u00e7\u00fc K\u0131rg\u0131z memleketinden,<span class=\"excerpt-hellip\"> [\u2026]<\/span><\/p>\n","protected":false},"featured_media":0,"template":"","meta":{"_monsterinsights_skip_tracking":false,"_monsterinsights_sitenote_active":false,"_monsterinsights_sitenote_note":"","_monsterinsights_sitenote_category":0},"product_brand":[],"product_cat":[13488],"product_tag":[],"class_list":{"0":"post-762986","1":"product","2":"type-product","3":"status-publish","5":"product_cat-toplum-ve-insan","6":"pa_cilt-ciltsiz","7":"pa_tur-kitap","8":"pa_yayinevi-vakifbank-kultur-yayinlari","9":"pa_yazar-riza-tevfik-bolukbasi","11":"first","12":"instock","13":"sale","14":"shipping-taxable","15":"purchasable","16":"product-type-simple"},"_links":{"self":[{"href":"https:\/\/roveyayinevi.com.tr\/index.php\/wp-json\/wp\/v2\/product\/762986","targetHints":{"allow":["GET"]}}],"collection":[{"href":"https:\/\/roveyayinevi.com.tr\/index.php\/wp-json\/wp\/v2\/product"}],"about":[{"href":"https:\/\/roveyayinevi.com.tr\/index.php\/wp-json\/wp\/v2\/types\/product"}],"wp:attachment":[{"href":"https:\/\/roveyayinevi.com.tr\/index.php\/wp-json\/wp\/v2\/media?parent=762986"}],"wp:term":[{"taxonomy":"product_brand","embeddable":true,"href":"https:\/\/roveyayinevi.com.tr\/index.php\/wp-json\/wp\/v2\/product_brand?post=762986"},{"taxonomy":"product_cat","embeddable":true,"href":"https:\/\/roveyayinevi.com.tr\/index.php\/wp-json\/wp\/v2\/product_cat?post=762986"},{"taxonomy":"product_tag","embeddable":true,"href":"https:\/\/roveyayinevi.com.tr\/index.php\/wp-json\/wp\/v2\/product_tag?post=762986"}],"curies":[{"name":"wp","href":"https:\/\/api.w.org\/{rel}","templated":true}]}}