{"id":762981,"date":"2025-08-28T10:26:36","date_gmt":"2025-08-28T07:26:36","guid":{"rendered":"https:\/\/roveyayinevi.com.tr\/index.php\/urun\/mulksuzlestirme-piyasalari\/"},"modified":"2026-04-15T03:27:50","modified_gmt":"2026-04-15T00:27:50","slug":"mulksuzlestirme-piyasalari","status":"publish","type":"product","link":"https:\/\/roveyayinevi.com.tr\/index.php\/urun\/mulksuzlestirme-piyasalari\/","title":{"rendered":"M\u00fclks\u00fczle\u015ftirme  Piyasalar\u0131"},"content":{"rendered":"<p>Piyasa yoksullara yard\u0131m etmeye \u00e7al\u0131\u015ft\u0131\u011f\u0131nda ne olur? Bug\u00fcn d\u00fcnyan\u0131n pek \u00e7ok yerinde neoliberal kalk\u0131nma programlar\u0131 s\u0131radan insanlara refah ve g\u00fc\u00e7lenme arac\u0131 olarak serbest giri\u015fim ara\u00e7lar\u0131n\u0131 sunuyor. Yoksullar\u0131 k\u00fc\u00e7\u00fck \u00f6l\u00e7ekli giri\u015fimcilere d\u00f6n\u00fc\u015ft\u00fcrme planlar\u0131, onlara piyasan\u0131n faydalar\u0131n\u0131 ve k\u00fcreselle\u015fmenin \u00f6d\u00fcllerine eri\u015fme imk\u00e2n\u0131n\u0131 vaat ediyor. Julia Elyachar, bankac\u0131lar\u0131n, sosyal bilimcilerin, STK \u00fcyelerinin, kalk\u0131nma \u00e7al\u0131\u015fanlar\u0131n\u0131n ve devlet yetkililerinin Kahire\u2019deki zanaatk\u00e2rlar\u0131 ve i\u015fsiz gen\u00e7leri mikro giri\u015fimcili\u011fe dayal\u0131 yeni bir piyasa toplumunun \u00f6nc\u00fcleri haline getirme \u00e7abalar\u0131n\u0131 irdeliyor. At\u00f6lye ya\u015fam\u0131na dair titiz etnografisiyle, zanaatk\u00e2rlar\u0131n geleneksel piyasa pratiklerinin M\u0131s\u0131r\u2019daki piyasa ya\u015fam\u0131n\u0131n en canl\u0131 bi\u00e7imleri aras\u0131nda yer ald\u0131\u011f\u0131n\u0131 anlat\u0131yor. Uzun zamand\u0131r geri kalm\u0131\u015fl\u0131kla su\u00e7lanan bu mevcut piyasa pratikleri, sosyal bilimciler ve kalk\u0131nma kurumlar\u0131 taraf\u0131ndan \u201cserbest piyasa\u201dy\u0131 geni\u015fletme deneylerinin hammaddesi olarak benimseniyor. Elyachar, yoksullar\u0131n k\u00fclt\u00fcrel kaynaklar\u0131na ve sosyal a\u011flar\u0131na atfedilen yeni ekonomik de\u011ferin, onlar\u0131n ekonomik, sosyal ve k\u00fclt\u00fcrel olarak m\u00fclks\u00fczle\u015ftirilmelerine yol a\u00e7an daha geni\u015f bir s\u00fcreci k\u00f6r\u00fckledi\u011fini savunuyor.   \u201cM\u00fclks\u00fczle\u015ftirme Piyasalar\u0131 ilk sayfas\u0131ndan itibaren ilginizi \u00e7ekecek bir kitap. \u0130nsanc\u0131l bir dokunu\u015fla keskin akademik analizi harmanl\u0131yor.\u201d \u2013Heidi Morrison, Digest of Middle East Studies <\/p>\n","protected":false},"excerpt":{"rendered":"<p>Piyasa yoksullara yard\u0131m etmeye \u00e7al\u0131\u015ft\u0131\u011f\u0131nda ne olur? Bug\u00fcn d\u00fcnyan\u0131n pek \u00e7ok yerinde neoliberal kalk\u0131nma programlar\u0131 s\u0131radan insanlara refah ve g\u00fc\u00e7lenme arac\u0131 olarak serbest giri\u015fim ara\u00e7lar\u0131n\u0131 sunuyor.<span class=\"excerpt-hellip\"> [\u2026]<\/span><\/p>\n","protected":false},"featured_media":0,"template":"","meta":{"_monsterinsights_skip_tracking":false,"_monsterinsights_sitenote_active":false,"_monsterinsights_sitenote_note":"","_monsterinsights_sitenote_category":0},"product_brand":[],"product_cat":[14841,13043],"product_tag":[],"class_list":{"0":"post-762981","1":"product","2":"type-product","3":"status-publish","5":"product_cat-arastirma-inceleme-kuram","6":"product_cat-ekonomi","7":"pa_cilt-ciltsiz","8":"pa_tur-kitap","9":"pa_yayinevi-alfa-yayinlari","10":"pa_yazar-julia-elyachar","12":"first","13":"instock","14":"sale","15":"shipping-taxable","16":"purchasable","17":"product-type-simple"},"_links":{"self":[{"href":"https:\/\/roveyayinevi.com.tr\/index.php\/wp-json\/wp\/v2\/product\/762981","targetHints":{"allow":["GET"]}}],"collection":[{"href":"https:\/\/roveyayinevi.com.tr\/index.php\/wp-json\/wp\/v2\/product"}],"about":[{"href":"https:\/\/roveyayinevi.com.tr\/index.php\/wp-json\/wp\/v2\/types\/product"}],"wp:attachment":[{"href":"https:\/\/roveyayinevi.com.tr\/index.php\/wp-json\/wp\/v2\/media?parent=762981"}],"wp:term":[{"taxonomy":"product_brand","embeddable":true,"href":"https:\/\/roveyayinevi.com.tr\/index.php\/wp-json\/wp\/v2\/product_brand?post=762981"},{"taxonomy":"product_cat","embeddable":true,"href":"https:\/\/roveyayinevi.com.tr\/index.php\/wp-json\/wp\/v2\/product_cat?post=762981"},{"taxonomy":"product_tag","embeddable":true,"href":"https:\/\/roveyayinevi.com.tr\/index.php\/wp-json\/wp\/v2\/product_tag?post=762981"}],"curies":[{"name":"wp","href":"https:\/\/api.w.org\/{rel}","templated":true}]}}