{"id":762980,"date":"2025-08-28T10:26:35","date_gmt":"2025-08-28T07:26:35","guid":{"rendered":"https:\/\/roveyayinevi.com.tr\/index.php\/urun\/sosyalligin-evrimi\/"},"modified":"2026-04-15T03:27:50","modified_gmt":"2026-04-15T00:27:50","slug":"sosyalligin-evrimi","status":"publish","type":"product","link":"https:\/\/roveyayinevi.com.tr\/index.php\/urun\/sosyalligin-evrimi\/","title":{"rendered":"Sosyalli\u011fin Evrimi"},"content":{"rendered":"<p>\u0130nsan\u0131n kendisinden olarak g\u00f6rd\u00fcklerine kar\u015f\u0131 fazla iyi ve fedak\u00e2rca, \u00f6teki olarak g\u00f6rd\u00fcklerine kar\u015f\u0131 ise ac\u0131mas\u0131zca davran\u0131\u015flar\u0131n\u0131n temelinde, insan do\u011fas\u0131nda kabile i\u00e7g\u00fcd\u00fcs\u00fcn\u00fcn \u015fekillenmesine neden olan evrimsel s\u00fcre\u00e7lerin rol\u00fc var. Kabile i\u00e7g\u00fcd\u00fcs\u00fc, grup se\u00e7ilimiyle \u015fekilleniyor.   Do\u011fal se\u00e7ilim ile evrim kuram\u0131n\u0131 sadece bireysel se\u00e7ilim olarak yorumlad\u0131\u011f\u0131m\u0131zda a\u00e7\u0131klayamad\u0131\u011f\u0131m\u0131z fedak\u00e2rl\u0131k gibi davran\u0131\u015flar\u0131 ancak bu bak\u0131\u015f a\u00e7\u0131s\u0131yla anlayabiliyoruz. Sosyal i\u00e7g\u00fcd\u00fclerin etkisiyle ortaya \u00e7\u0131kan sevgi, a\u015fk, ahlak, fedak\u00e2rl\u0131k, ba\u011flanma, inanma ve \u00f6tekile\u015ftirme gibi davran\u0131\u015f \u015fekillerini a\u00e7\u0131klamak i\u00e7in gittik\u00e7e artan bir \u015fekilde fen bilimlerinden yararlan\u0131yoruz. Bu konuda biyokimya ve genetik gibi alanlar\u0131n yan\u0131 s\u0131ra ileri fonksiyonel beyin g\u00f6r\u00fcnt\u00fcleme y\u00f6ntemleriyle yap\u0131lan ara\u015ft\u0131rmalar da bize \u0131\u015f\u0131k tutuyor.   Bu kitap, canl\u0131lar d\u00fcnyas\u0131ndaki sosyalle\u015fme \u00f6rneklerini de g\u00f6z \u00f6n\u00fcnde tutarak insan\u0131n sosyal evrimini anlat\u0131yor. Evrimsel bak\u0131\u015f a\u00e7\u0131s\u0131n\u0131n sadece biyolojik bilimlerin de\u011fil, sosyal bilimlerin temelinde de \u00f6nemli bir yeri oldu\u011funu unutmayarak evrimsel perspektiften bak\u0131ld\u0131\u011f\u0131nda, insan davran\u0131\u015f\u0131n\u0131 a\u00e7\u0131klama ve anlamland\u0131rabilmenin m\u00fcmk\u00fcn oldu\u011funu g\u00f6steriyor.<\/p>\n","protected":false},"excerpt":{"rendered":"<p>\u0130nsan\u0131n kendisinden olarak g\u00f6rd\u00fcklerine kar\u015f\u0131 fazla iyi ve fedak\u00e2rca, \u00f6teki olarak g\u00f6rd\u00fcklerine kar\u015f\u0131 ise ac\u0131mas\u0131zca davran\u0131\u015flar\u0131n\u0131n temelinde, insan do\u011fas\u0131nda kabile i\u00e7g\u00fcd\u00fcs\u00fcn\u00fcn \u015fekillenmesine neden olan evrimsel s\u00fcre\u00e7lerin<span class=\"excerpt-hellip\"> [\u2026]<\/span><\/p>\n","protected":false},"featured_media":0,"template":"","meta":{"_monsterinsights_skip_tracking":false,"_monsterinsights_sitenote_active":false,"_monsterinsights_sitenote_note":"","_monsterinsights_sitenote_category":0},"product_brand":[],"product_cat":[13005],"product_tag":[],"class_list":{"0":"post-762980","1":"product","2":"type-product","3":"status-publish","5":"product_cat-bilim-muhendislik","6":"pa_cilt-ciltsiz","7":"pa_tur-kitap","8":"pa_yayinevi-alfa-yayinlari","9":"pa_yazar-tamer-kaya","11":"first","12":"instock","13":"sale","14":"shipping-taxable","15":"purchasable","16":"product-type-simple"},"_links":{"self":[{"href":"https:\/\/roveyayinevi.com.tr\/index.php\/wp-json\/wp\/v2\/product\/762980","targetHints":{"allow":["GET"]}}],"collection":[{"href":"https:\/\/roveyayinevi.com.tr\/index.php\/wp-json\/wp\/v2\/product"}],"about":[{"href":"https:\/\/roveyayinevi.com.tr\/index.php\/wp-json\/wp\/v2\/types\/product"}],"wp:attachment":[{"href":"https:\/\/roveyayinevi.com.tr\/index.php\/wp-json\/wp\/v2\/media?parent=762980"}],"wp:term":[{"taxonomy":"product_brand","embeddable":true,"href":"https:\/\/roveyayinevi.com.tr\/index.php\/wp-json\/wp\/v2\/product_brand?post=762980"},{"taxonomy":"product_cat","embeddable":true,"href":"https:\/\/roveyayinevi.com.tr\/index.php\/wp-json\/wp\/v2\/product_cat?post=762980"},{"taxonomy":"product_tag","embeddable":true,"href":"https:\/\/roveyayinevi.com.tr\/index.php\/wp-json\/wp\/v2\/product_tag?post=762980"}],"curies":[{"name":"wp","href":"https:\/\/api.w.org\/{rel}","templated":true}]}}