{"id":762978,"date":"2025-08-28T10:26:32","date_gmt":"2025-08-28T07:26:32","guid":{"rendered":"https:\/\/roveyayinevi.com.tr\/index.php\/urun\/hatirla-ve-unut\/"},"modified":"2026-04-07T03:22:24","modified_gmt":"2026-04-07T00:22:24","slug":"hatirla-ve-unut","status":"publish","type":"product","link":"https:\/\/roveyayinevi.com.tr\/index.php\/urun\/hatirla-ve-unut\/","title":{"rendered":"Hat\u0131rla ve Unut"},"content":{"rendered":"<p>Hayata sadelikle yakla\u015fma yolunda okurlar\u0131na s\u00fcz\u00fclm\u00fc\u015f bir bilgelikle \u0131\u015f\u0131k tutmaya \u00e7abalayan Murat Kaplan, H\u0130\u00c7 ile ba\u015flayan kitap dizisinin ikincisinde, ele ald\u0131\u011f\u0131 \u00e7e\u015fitli konular\u0131 bu kez hat\u0131rlama ve unutma temalar\u0131n\u0131n etraf\u0131na yerle\u015ftiriyor. Hat\u0131rla ve Unut\u2019ta yer alan d\u00fc\u015f\u00fcnce kesitleri bizleri yine kendimiz, hayat\u0131m\u0131z, ba\u015fkalar\u0131yla kurdu\u011fumuz ili\u015fkiler \u00fczerine kafa yormaya ve b\u00f6ylece ar\u0131nmaya \u00e7a\u011f\u0131r\u0131yor. \u201cHayatla y\u00fczle\u015febilmek i\u00e7in hat\u0131rlamaya, yeni deneyimler ya\u015fayabilmek i\u00e7in de y\u00fczle\u015ftiklerimizle vedala\u015fmaya, yani unutmaya ihtiyac\u0131m\u0131z var. Nehirler s\u00fcrekli akt\u0131klar\u0131 i\u00e7in mikrop bar\u0131nd\u0131rmazlar durgun sular gibi. Hat\u0131rlamak ve unutmak da ruhumuzun nehirleridir. \u0130htiyac\u0131n olan\u0131 hat\u0131rla, sonra aks\u0131n gitsin. Yeni hat\u0131rlamalara yer a\u00e7mak i\u00e7in unut. Unut ki gere\u011finden fazla yer kaplamas\u0131n hayat\u0131nda, \u00e7\u00fcr\u00fctmesin ruhunu, y\u00fck olmas\u0131n sana.\u201d <\/p>\n","protected":false},"excerpt":{"rendered":"<p>Hayata sadelikle yakla\u015fma yolunda okurlar\u0131na s\u00fcz\u00fclm\u00fc\u015f bir bilgelikle \u0131\u015f\u0131k tutmaya \u00e7abalayan Murat Kaplan, H\u0130\u00c7 ile ba\u015flayan kitap dizisinin ikincisinde, ele ald\u0131\u011f\u0131 \u00e7e\u015fitli konular\u0131 bu kez hat\u0131rlama<span class=\"excerpt-hellip\"> [\u2026]<\/span><\/p>\n","protected":false},"featured_media":0,"template":"","meta":{"_monsterinsights_skip_tracking":false,"_monsterinsights_sitenote_active":false,"_monsterinsights_sitenote_note":"","_monsterinsights_sitenote_category":0},"product_brand":[],"product_cat":[12364,12376],"product_tag":[],"class_list":{"0":"post-762978","1":"product","2":"type-product","3":"status-publish","5":"product_cat-genel-konular","6":"product_cat-kisisel-gelisim","7":"pa_cilt-ciltsiz","8":"pa_tur-kitap","9":"pa_yayinevi-mona-kitap","10":"pa_yazar-murat-kaplan","12":"first","13":"instock","14":"sale","15":"shipping-taxable","16":"purchasable","17":"product-type-simple"},"_links":{"self":[{"href":"https:\/\/roveyayinevi.com.tr\/index.php\/wp-json\/wp\/v2\/product\/762978","targetHints":{"allow":["GET"]}}],"collection":[{"href":"https:\/\/roveyayinevi.com.tr\/index.php\/wp-json\/wp\/v2\/product"}],"about":[{"href":"https:\/\/roveyayinevi.com.tr\/index.php\/wp-json\/wp\/v2\/types\/product"}],"wp:attachment":[{"href":"https:\/\/roveyayinevi.com.tr\/index.php\/wp-json\/wp\/v2\/media?parent=762978"}],"wp:term":[{"taxonomy":"product_brand","embeddable":true,"href":"https:\/\/roveyayinevi.com.tr\/index.php\/wp-json\/wp\/v2\/product_brand?post=762978"},{"taxonomy":"product_cat","embeddable":true,"href":"https:\/\/roveyayinevi.com.tr\/index.php\/wp-json\/wp\/v2\/product_cat?post=762978"},{"taxonomy":"product_tag","embeddable":true,"href":"https:\/\/roveyayinevi.com.tr\/index.php\/wp-json\/wp\/v2\/product_tag?post=762978"}],"curies":[{"name":"wp","href":"https:\/\/api.w.org\/{rel}","templated":true}]}}