{"id":762973,"date":"2025-08-28T10:26:23","date_gmt":"2025-08-28T07:26:23","guid":{"rendered":"https:\/\/roveyayinevi.com.tr\/index.php\/urun\/farkina-bile-varmadan\/"},"modified":"2026-04-15T03:27:50","modified_gmt":"2026-04-15T00:27:50","slug":"farkina-bile-varmadan","status":"publish","type":"product","link":"https:\/\/roveyayinevi.com.tr\/index.php\/urun\/farkina-bile-varmadan\/","title":{"rendered":"Fark\u0131na Bile Varmadan"},"content":{"rendered":"<p>S\u00f6ylediklerimizin, hissettiklerimizin ve yapt\u0131klar\u0131m\u0131z\u0131n ne kadar\u0131 bilincimizin kontrol\u00fc alt\u0131nda, ne kadar\u0131 de\u011fil? Bilin\u00e7d\u0131\u015f\u0131m\u0131z\u0131n nas\u0131l \u00e7al\u0131\u015ft\u0131\u011f\u0131n\u0131 tam anlam\u0131yla kavrayabilseydik \u2013neyi neden yapt\u0131\u011f\u0131m\u0131z\u0131 bilseydik\u2013 kendimizi daha iyi tan\u0131yabilir miydik? Peki ya bilin\u00e7d\u0131\u015f\u0131m\u0131z\u0131n fl\u00f6rt uygulamalar\u0131n\u0131 kullanmaktan, bir fincan kahve i\u00e7meye, kime oy verece\u011fimizden, ne sat\u0131n ald\u0131\u011f\u0131m\u0131za, nerede ya\u015fad\u0131\u011f\u0131m\u0131zdan, i\u015f g\u00f6r\u00fc\u015fmelerindeki performans\u0131m\u0131za kadar pek \u00e7ok \u015fey \u00fczerinde etkili oldu\u011funu biliyor muydunuz? Bilin\u00e7d\u0131\u015f\u0131 konusunda d\u00fcnyan\u0131n \u00f6nde gelen uzmanlar\u0131ndan biri say\u0131lan Dr. John Bargh, Fark\u0131na Bile Varmadan adl\u0131 kitab\u0131nda i\u015fte bu etkileri mercek alt\u0131na al\u0131yor. New York \u00dcniversitesi ve Yale\u2019deki laboratuvarlar\u0131n\u0131n kap\u0131lar\u0131n\u0131 biz okurlara a\u00e7an Bargh, bilin\u00e7d\u0131\u015f\u0131n\u0131n ebeveynlik, i\u015f d\u00fcnyas\u0131, t\u00fcketici davran\u0131\u015flar\u0131 ve ba\u011f\u0131ml\u0131l\u0131k gibi alanlarda, hedeflerimizi ve motivasyonlar\u0131m\u0131z\u0131 nas\u0131l y\u00f6nlendirdi\u011fini bilimsel deneyler \u0131\u015f\u0131\u011f\u0131nda ortaya koyuyor. Fark\u0131na Bile Varmadan \u015fa\u015f\u0131rt\u0131c\u0131 ve e\u011flenceli a\u00e7\u0131klamalar\u0131n yan\u0131 s\u0131ra, yap\u0131lacaklar listenizdeki maddeleri hat\u0131rlaman\u0131za, daha ak\u0131ll\u0131ca al\u0131\u015fveri\u015f yapman\u0131za ve daha iyi uyuman\u0131za yard\u0131mc\u0131 olacak basit ama etkili ipu\u00e7lar\u0131yla dolu. \u201cBilin\u00e7d\u0131\u015f\u0131m\u0131z\u0131n, eylemlerimizi biz fark\u0131na bile varmadan, nas\u0131l ve ne \u00f6l\u00e7\u00fcde belirleyebildi\u011fine dair ufuk a\u00e7\u0131c\u0131 bir kitap.\u201d \u2013 The Guardian \u201cBilin\u00e7d\u0131\u015f\u0131n\u0131n g\u00fcndelik eylemlerimizdeki rol\u00fcn\u00fc, a\u00e7\u0131k ve anla\u015f\u0131l\u0131r bir \u015fekilde izaha giri\u015fen b\u00fcy\u00fcleyici bir metin. Son zamanlarda yay\u0131mlanm\u0131\u015f en iyi psikoloji kitaplar\u0131ndan biri. Ciddi ama esprili, okumas\u0131 keyifli ve bizleri, eylemlerimiz \u00fczerine tekrar d\u00fc\u015f\u00fcnmeye te\u015fvik ediyor.\u201d \u2013 Ernst Fehr \u201cJohn Bargh bu kitab\u0131yla davran\u0131\u015flar\u0131m\u0131z\u0131n gizemine dair anlay\u0131\u015f\u0131m\u0131z\u0131 bir ad\u0131m \u00f6teye ta\u015f\u0131yor. Zekice yaz\u0131lm\u0131\u015f, ufuk a\u00e7\u0131c\u0131 bir metin.\u201d \u2013 Malcolm Gladwell<\/p>\n","protected":false},"excerpt":{"rendered":"<p>S\u00f6ylediklerimizin, hissettiklerimizin ve yapt\u0131klar\u0131m\u0131z\u0131n ne kadar\u0131 bilincimizin kontrol\u00fc alt\u0131nda, ne kadar\u0131 de\u011fil? Bilin\u00e7d\u0131\u015f\u0131m\u0131z\u0131n nas\u0131l \u00e7al\u0131\u015ft\u0131\u011f\u0131n\u0131 tam anlam\u0131yla kavrayabilseydik \u2013neyi neden yapt\u0131\u011f\u0131m\u0131z\u0131 bilseydik\u2013 kendimizi daha iyi tan\u0131yabilir<span class=\"excerpt-hellip\"> [\u2026]<\/span><\/p>\n","protected":false},"featured_media":0,"template":"","meta":{"_monsterinsights_skip_tracking":false,"_monsterinsights_sitenote_active":false,"_monsterinsights_sitenote_note":"","_monsterinsights_sitenote_category":0},"product_brand":[],"product_cat":[12357],"product_tag":[],"class_list":{"0":"post-762973","1":"product","2":"type-product","3":"status-publish","5":"product_cat-psikoloji","6":"pa_cilt-ciltsiz","7":"pa_tur-kitap","8":"pa_yayinevi-koridor-yayincilik","9":"pa_yazar-john-bargh","11":"first","12":"instock","13":"sale","14":"shipping-taxable","15":"purchasable","16":"product-type-simple"},"_links":{"self":[{"href":"https:\/\/roveyayinevi.com.tr\/index.php\/wp-json\/wp\/v2\/product\/762973","targetHints":{"allow":["GET"]}}],"collection":[{"href":"https:\/\/roveyayinevi.com.tr\/index.php\/wp-json\/wp\/v2\/product"}],"about":[{"href":"https:\/\/roveyayinevi.com.tr\/index.php\/wp-json\/wp\/v2\/types\/product"}],"wp:attachment":[{"href":"https:\/\/roveyayinevi.com.tr\/index.php\/wp-json\/wp\/v2\/media?parent=762973"}],"wp:term":[{"taxonomy":"product_brand","embeddable":true,"href":"https:\/\/roveyayinevi.com.tr\/index.php\/wp-json\/wp\/v2\/product_brand?post=762973"},{"taxonomy":"product_cat","embeddable":true,"href":"https:\/\/roveyayinevi.com.tr\/index.php\/wp-json\/wp\/v2\/product_cat?post=762973"},{"taxonomy":"product_tag","embeddable":true,"href":"https:\/\/roveyayinevi.com.tr\/index.php\/wp-json\/wp\/v2\/product_tag?post=762973"}],"curies":[{"name":"wp","href":"https:\/\/api.w.org\/{rel}","templated":true}]}}