{"id":762970,"date":"2025-08-28T10:26:16","date_gmt":"2025-08-28T07:26:16","guid":{"rendered":"https:\/\/roveyayinevi.com.tr\/index.php\/urun\/ayabakan-cicegi\/"},"modified":"2026-04-15T03:27:50","modified_gmt":"2026-04-15T00:27:50","slug":"ayabakan-cicegi","status":"publish","type":"product","link":"https:\/\/roveyayinevi.com.tr\/index.php\/urun\/ayabakan-cicegi\/","title":{"rendered":"Ayabakan \u00c7i\u00e7e\u011fi"},"content":{"rendered":"<p>Ayabakan \u00c7i\u00e7e\u011fi, boyu k\u0131sa oldu\u011fundan ve \u0131\u015f\u0131\u011f\u0131, g\u00f6zlerini kama\u015ft\u0131rd\u0131\u011f\u0131ndan G\u00fcne\u015f\u2019in anlatt\u0131\u011f\u0131 masallar\u0131 dinleyemiyordu. Bir gece Ay ile tan\u0131\u015ft\u0131 ve hayat\u0131 de\u011fi\u015fti\u2026Merakl\u0131 Yaprak ise daldan d\u00fc\u015ft\u00fckten sonra \u00e7ok merak etti\u011fi d\u00fcnyay\u0131 dola\u015fmaya ba\u015flad\u0131. Az gitti, uz gitti, dere tepe d\u00fcz gitti, peki nereye ula\u015ft\u0131 dersiniz?<\/p>\n","protected":false},"excerpt":{"rendered":"<p>Ayabakan \u00c7i\u00e7e\u011fi, boyu k\u0131sa oldu\u011fundan ve \u0131\u015f\u0131\u011f\u0131, g\u00f6zlerini kama\u015ft\u0131rd\u0131\u011f\u0131ndan G\u00fcne\u015f\u2019in anlatt\u0131\u011f\u0131 masallar\u0131 dinleyemiyordu. Bir gece Ay ile tan\u0131\u015ft\u0131 ve hayat\u0131 de\u011fi\u015fti\u2026Merakl\u0131 Yaprak ise daldan d\u00fc\u015ft\u00fckten sonra<span class=\"excerpt-hellip\"> [\u2026]<\/span><\/p>\n","protected":false},"featured_media":0,"template":"","meta":{"_monsterinsights_skip_tracking":false,"_monsterinsights_sitenote_active":false,"_monsterinsights_sitenote_note":"","_monsterinsights_sitenote_category":0},"product_brand":[],"product_cat":[12274,12284],"product_tag":[],"class_list":{"0":"post-762970","1":"product","2":"type-product","3":"status-publish","5":"product_cat-cocuk-ve-genclik-kitaplari","6":"product_cat-hikayeler","7":"pa_cilt-ciltsiz","8":"pa_tur-kitap","9":"pa_yayinevi-beyaz-balina-yayinlari","10":"pa_yazar-tugba-akgun","12":"first","13":"instock","14":"sale","15":"shipping-taxable","16":"purchasable","17":"product-type-simple"},"_links":{"self":[{"href":"https:\/\/roveyayinevi.com.tr\/index.php\/wp-json\/wp\/v2\/product\/762970","targetHints":{"allow":["GET"]}}],"collection":[{"href":"https:\/\/roveyayinevi.com.tr\/index.php\/wp-json\/wp\/v2\/product"}],"about":[{"href":"https:\/\/roveyayinevi.com.tr\/index.php\/wp-json\/wp\/v2\/types\/product"}],"wp:attachment":[{"href":"https:\/\/roveyayinevi.com.tr\/index.php\/wp-json\/wp\/v2\/media?parent=762970"}],"wp:term":[{"taxonomy":"product_brand","embeddable":true,"href":"https:\/\/roveyayinevi.com.tr\/index.php\/wp-json\/wp\/v2\/product_brand?post=762970"},{"taxonomy":"product_cat","embeddable":true,"href":"https:\/\/roveyayinevi.com.tr\/index.php\/wp-json\/wp\/v2\/product_cat?post=762970"},{"taxonomy":"product_tag","embeddable":true,"href":"https:\/\/roveyayinevi.com.tr\/index.php\/wp-json\/wp\/v2\/product_tag?post=762970"}],"curies":[{"name":"wp","href":"https:\/\/api.w.org\/{rel}","templated":true}]}}