{"id":762968,"date":"2025-08-28T10:26:13","date_gmt":"2025-08-28T07:26:13","guid":{"rendered":"https:\/\/roveyayinevi.com.tr\/index.php\/urun\/cumhuriyet-cocuklarina-siirler\/"},"modified":"2026-04-15T03:27:50","modified_gmt":"2026-04-15T00:27:50","slug":"cumhuriyet-cocuklarina-siirler","status":"publish","type":"product","link":"https:\/\/roveyayinevi.com.tr\/index.php\/urun\/cumhuriyet-cocuklarina-siirler\/","title":{"rendered":"Cumhuriyet \u00c7ocuklar\u0131na \u015eiirler"},"content":{"rendered":"<p>Sevgili \u00c7ocuklar, Bu kitab\u0131 yazarken bazen \u00e7ocuklu\u011fuma gidip sizin gibi hissetmeye \u00e7al\u0131\u015ft\u0131m, bazen de \u00f6\u011fretmenlik duygular\u0131mla sizlere bir \u015feyler \u00f6\u011fretmeyi d\u00fc\u015fledim. Amac\u0131m T\u00fcrk \u00e7ocuklar\u0131na cumhuriyet bilincini kazand\u0131rmak, Atat\u00fcrk&#8217;\u00fcn miras\u0131n\u0131 tan\u0131tmak ve erdemli bir insan olman\u0131n temel ilkelerini \u00f6\u011fretmekti. \u015eiirler, kalbin kap\u0131s\u0131n\u0131 a\u00e7an, \u00f6zg\u00fcrl\u00fc\u011f\u00fc kanatland\u0131ran bestesiz \u015fark\u0131lard\u0131r. \u015eiirin temas\u0131n\u0131 duygu, d\u00fc\u015f\u00fcnce ve hayaller olu\u015fturur. \u015eiir; \u015fairin sesi, hayk\u0131r\u0131\u015f\u0131, bazen de \u00e7\u0131\u011fl\u0131\u011f\u0131 e\u015fli\u011finde s\u00f6zc\u00fcklerin dans\u0131d\u0131r. \u015eimdi, \u015fiir otob\u00fcs\u00fcne binip uzaklara gitme zaman\u0131&#8230; \u015eiirleri sesli okuyun. Ben sizi duyar\u0131m. Okudu\u011funuz her m\u0131sradan keyif alman\u0131z dile\u011fimle\u2026 Hepinizi \u00e7ok seviyorum. Sevgi ve bar\u0131\u015fla kal\u0131n.        Bu kitab\u0131n sayfalar\u0131nda sevgi, aile, do\u011fa, hayvan ve vatan sevgisi gibi bir\u00e7ok de\u011ferli konu hakk\u0131nda \u015fiirler bulacaks\u0131n\u0131z. Her \u015fiirle yeni bir d\u00fcnyaya ad\u0131m atacak ve \u015fiirlerin b\u00fcy\u00fcs\u00fcne kap\u0131lacaks\u0131n\u0131z. <\/p>\n","protected":false},"excerpt":{"rendered":"<p>Sevgili \u00c7ocuklar, Bu kitab\u0131 yazarken bazen \u00e7ocuklu\u011fuma gidip sizin gibi hissetmeye \u00e7al\u0131\u015ft\u0131m, bazen de \u00f6\u011fretmenlik duygular\u0131mla sizlere bir \u015feyler \u00f6\u011fretmeyi d\u00fc\u015fledim. Amac\u0131m T\u00fcrk \u00e7ocuklar\u0131na cumhuriyet bilincini<span class=\"excerpt-hellip\"> [\u2026]<\/span><\/p>\n","protected":false},"featured_media":0,"template":"","meta":{"_monsterinsights_skip_tracking":false,"_monsterinsights_sitenote_active":false,"_monsterinsights_sitenote_note":"","_monsterinsights_sitenote_category":0},"product_brand":[],"product_cat":[12274],"product_tag":[],"class_list":{"0":"post-762968","1":"product","2":"type-product","3":"status-publish","5":"product_cat-cocuk-ve-genclik-kitaplari","6":"pa_cilt-ciltsiz","7":"pa_tur-kitap","8":"pa_yayinevi-ucan-at","9":"pa_yazar-kadriye-altay","11":"first","12":"instock","13":"sale","14":"shipping-taxable","15":"purchasable","16":"product-type-simple"},"_links":{"self":[{"href":"https:\/\/roveyayinevi.com.tr\/index.php\/wp-json\/wp\/v2\/product\/762968","targetHints":{"allow":["GET"]}}],"collection":[{"href":"https:\/\/roveyayinevi.com.tr\/index.php\/wp-json\/wp\/v2\/product"}],"about":[{"href":"https:\/\/roveyayinevi.com.tr\/index.php\/wp-json\/wp\/v2\/types\/product"}],"wp:attachment":[{"href":"https:\/\/roveyayinevi.com.tr\/index.php\/wp-json\/wp\/v2\/media?parent=762968"}],"wp:term":[{"taxonomy":"product_brand","embeddable":true,"href":"https:\/\/roveyayinevi.com.tr\/index.php\/wp-json\/wp\/v2\/product_brand?post=762968"},{"taxonomy":"product_cat","embeddable":true,"href":"https:\/\/roveyayinevi.com.tr\/index.php\/wp-json\/wp\/v2\/product_cat?post=762968"},{"taxonomy":"product_tag","embeddable":true,"href":"https:\/\/roveyayinevi.com.tr\/index.php\/wp-json\/wp\/v2\/product_tag?post=762968"}],"curies":[{"name":"wp","href":"https:\/\/api.w.org\/{rel}","templated":true}]}}