{"id":762967,"date":"2025-08-28T10:26:11","date_gmt":"2025-08-28T07:26:11","guid":{"rendered":"https:\/\/roveyayinevi.com.tr\/index.php\/urun\/sirinler-kayip-koy-yasak-ormana-yolculuk\/"},"modified":"2026-03-23T03:20:44","modified_gmt":"2026-03-23T00:20:44","slug":"sirinler-kayip-koy-yasak-ormana-yolculuk","status":"publish","type":"product","link":"https:\/\/roveyayinevi.com.tr\/index.php\/urun\/sirinler-kayip-koy-yasak-ormana-yolculuk\/","title":{"rendered":"\u015eirinler Kay\u0131p K\u00f6y &#8211; Yasak Ormana Yolculuk"},"content":{"rendered":"<p>UNUTULMAYACAK B\u0130R MACERAYA \u015e\u0130R\u0130NLEMEK \u0130STER M\u0130S\u0130N?   \u015eirinler, gizemli kay\u0131p k\u00f6y\u00fc GArgamel\u2019den kurtarmak i\u00e7in Yasak Orman\u2019\u0131n derinliklerine yolculuk ediyor. Bu zorlu g\u00f6revde \u015eirine, G\u00f6zl\u00fckl\u00fc, Sakar ve G\u00fc\u00e7l\u00fc\u2019ye sen de kat\u0131l! Daha \u00f6nce hi\u00e7 kar\u015f\u0131la\u015fmad\u0131\u011f\u0131m\u0131z k\u0131z \u015eirinler\u2019le dolu \u015eirin Korusu\u2019nu ke\u015ffetmeye var m\u0131s\u0131n? <\/p>\n","protected":false},"excerpt":{"rendered":"<p>UNUTULMAYACAK B\u0130R MACERAYA \u015e\u0130R\u0130NLEMEK \u0130STER M\u0130S\u0130N? \u015eirinler, gizemli kay\u0131p k\u00f6y\u00fc GArgamel\u2019den kurtarmak i\u00e7in Yasak Orman\u2019\u0131n derinliklerine yolculuk ediyor. Bu zorlu g\u00f6revde \u015eirine, G\u00f6zl\u00fckl\u00fc, Sakar ve G\u00fc\u00e7l\u00fc\u2019ye<span class=\"excerpt-hellip\"> [\u2026]<\/span><\/p>\n","protected":false},"featured_media":0,"template":"","meta":{"_monsterinsights_skip_tracking":false,"_monsterinsights_sitenote_active":false,"_monsterinsights_sitenote_note":"","_monsterinsights_sitenote_category":0},"product_brand":[],"product_cat":[12689,12274],"product_tag":[],"class_list":{"0":"post-762967","1":"product","2":"type-product","3":"status-publish","5":"product_cat-cizgi-roman-cocuk-ve-genclik-kitaplari","6":"product_cat-cocuk-ve-genclik-kitaplari","7":"pa_cilt-ciltsiz","8":"pa_tur-kitap","9":"pa_yayinevi-buyulu-fener-yayinlari","10":"pa_yazar-kolektif","12":"first","13":"instock","14":"sale","15":"shipping-taxable","16":"purchasable","17":"product-type-simple"},"_links":{"self":[{"href":"https:\/\/roveyayinevi.com.tr\/index.php\/wp-json\/wp\/v2\/product\/762967","targetHints":{"allow":["GET"]}}],"collection":[{"href":"https:\/\/roveyayinevi.com.tr\/index.php\/wp-json\/wp\/v2\/product"}],"about":[{"href":"https:\/\/roveyayinevi.com.tr\/index.php\/wp-json\/wp\/v2\/types\/product"}],"wp:attachment":[{"href":"https:\/\/roveyayinevi.com.tr\/index.php\/wp-json\/wp\/v2\/media?parent=762967"}],"wp:term":[{"taxonomy":"product_brand","embeddable":true,"href":"https:\/\/roveyayinevi.com.tr\/index.php\/wp-json\/wp\/v2\/product_brand?post=762967"},{"taxonomy":"product_cat","embeddable":true,"href":"https:\/\/roveyayinevi.com.tr\/index.php\/wp-json\/wp\/v2\/product_cat?post=762967"},{"taxonomy":"product_tag","embeddable":true,"href":"https:\/\/roveyayinevi.com.tr\/index.php\/wp-json\/wp\/v2\/product_tag?post=762967"}],"curies":[{"name":"wp","href":"https:\/\/api.w.org\/{rel}","templated":true}]}}