{"id":762966,"date":"2025-08-28T10:26:09","date_gmt":"2025-08-28T07:26:09","guid":{"rendered":"https:\/\/roveyayinevi.com.tr\/index.php\/urun\/sirinler-kayip-koy-sirine-ve-kayip-koy\/"},"modified":"2025-11-21T10:43:35","modified_gmt":"2025-11-21T07:43:35","slug":"sirinler-kayip-koy-sirine-ve-kayip-koy","status":"publish","type":"product","link":"https:\/\/roveyayinevi.com.tr\/index.php\/urun\/sirinler-kayip-koy-sirine-ve-kayip-koy\/","title":{"rendered":"\u015eirinler Kay\u0131p K\u00f6y &#8211; \u015eirine ve Kay\u0131p K\u00f6y"},"content":{"rendered":"<p>\u015e\u0130R\u0130NLER K\u00d6Y\u00dc\u2019NDE HER \u015e\u0130R\u0130N\u2019\u0130N B\u0130R AMACI VAR. \u015e\u0130R\u0130NE HAR\u0130\u00c7\u2026   \u015eirinler K\u00f6y\u00fc\u2019nden \u015eirin Koru\u2019suna uzanan bu macerada mavi dostlar\u0131m\u0131za se de kat\u0131l! Acaba \u015eirine b u yolculukta amac\u0131n\u0131 bulabilecek mi? Ger\u00e7ek bir \u015eirin oldu\u011funu kan\u0131tlayabilecek mi?   Unutma, \u015eirinler\u2019in oldu\u011fu her yerde mutlaka \u015firin bir yol vard\u0131r.   <\/p>\n","protected":false},"excerpt":{"rendered":"<p>\u015e\u0130R\u0130NLER K\u00d6Y\u00dc\u2019NDE HER \u015e\u0130R\u0130N\u2019\u0130N B\u0130R AMACI VAR. \u015e\u0130R\u0130NE HAR\u0130\u00c7\u2026 \u015eirinler K\u00f6y\u00fc\u2019nden \u015eirin Koru\u2019suna uzanan bu macerada mavi dostlar\u0131m\u0131za se de kat\u0131l! Acaba \u015eirine b u yolculukta<span class=\"excerpt-hellip\"> [\u2026]<\/span><\/p>\n","protected":false},"featured_media":0,"template":"","meta":{"_monsterinsights_skip_tracking":false,"_monsterinsights_sitenote_active":false,"_monsterinsights_sitenote_note":"","_monsterinsights_sitenote_category":0},"product_brand":[],"product_cat":[12689,12274],"product_tag":[],"class_list":{"0":"post-762966","1":"product","2":"type-product","3":"status-publish","5":"product_cat-cizgi-roman-cocuk-ve-genclik-kitaplari","6":"product_cat-cocuk-ve-genclik-kitaplari","7":"pa_cilt-ciltsiz","8":"pa_tur-kitap","9":"pa_yayinevi-buyulu-fener-yayinlari","10":"pa_yazar-kolektif","12":"first","13":"instock","14":"sale","15":"shipping-taxable","16":"purchasable","17":"product-type-simple"},"_links":{"self":[{"href":"https:\/\/roveyayinevi.com.tr\/index.php\/wp-json\/wp\/v2\/product\/762966","targetHints":{"allow":["GET"]}}],"collection":[{"href":"https:\/\/roveyayinevi.com.tr\/index.php\/wp-json\/wp\/v2\/product"}],"about":[{"href":"https:\/\/roveyayinevi.com.tr\/index.php\/wp-json\/wp\/v2\/types\/product"}],"wp:attachment":[{"href":"https:\/\/roveyayinevi.com.tr\/index.php\/wp-json\/wp\/v2\/media?parent=762966"}],"wp:term":[{"taxonomy":"product_brand","embeddable":true,"href":"https:\/\/roveyayinevi.com.tr\/index.php\/wp-json\/wp\/v2\/product_brand?post=762966"},{"taxonomy":"product_cat","embeddable":true,"href":"https:\/\/roveyayinevi.com.tr\/index.php\/wp-json\/wp\/v2\/product_cat?post=762966"},{"taxonomy":"product_tag","embeddable":true,"href":"https:\/\/roveyayinevi.com.tr\/index.php\/wp-json\/wp\/v2\/product_tag?post=762966"}],"curies":[{"name":"wp","href":"https:\/\/api.w.org\/{rel}","templated":true}]}}