{"id":762960,"date":"2025-08-28T10:25:58","date_gmt":"2025-08-28T07:25:58","guid":{"rendered":"https:\/\/roveyayinevi.com.tr\/index.php\/urun\/dark-souls-sayi1\/"},"modified":"2026-04-15T03:27:50","modified_gmt":"2026-04-15T00:27:50","slug":"dark-souls-sayi1","status":"publish","type":"product","link":"https:\/\/roveyayinevi.com.tr\/index.php\/urun\/dark-souls-sayi1\/","title":{"rendered":"Dark Souls Say\u0131:1"},"content":{"rendered":"<p>G\u00dcNE\u015e\u0130 \u00d6V \u2013 KARANLIKTAN KORK!   KRALLI\u011eI KAOSA VE \u00d6L\u00dcME S\u00dcR\u00dcKLENEN SAVA\u015e\u00c7I FIRA, KRALLI\u011eINI KURTARMAK I\u0307\u00c7I\u0307N TEHLI\u0307KELI\u0307, SON \u00c7ARE BI\u0307R ARAYI\u015eA GI\u0307RI\u0307YOR.   M\u00dcTTEF\u0130KLER AZ. KAMP ATE\u015eLER\u0130 KOR HALI\u0307NDE YANIYOR. SAYISIZ \u015eEYTAN\u0130 VE MERHAMETS\u0130Z D\u00dc\u015eMAN ORDUSU YOLUNA \u00c7IKIYOR.   SADECE \u0130K\u0130Y\u00dcZL\u00dc BIR K\u00c2H\u0130N\u0130N YARDIMIYLA D\u00dcNYASINA I\u015eI\u011eI GER\u0130 GET\u0130RECEK ALEV\u0130 YEN\u0130DEN YAKAB\u0130L\u0130R&#8230; TAB\u0130\u0130 BU \u00c7ABASI SIRASINDA \u00d6LMEZSE!   B\u00dcY\u00dcK BE\u011eEN\u0130\u0307 TOPLAYAN VE HAYRANLARIN EN SEVDI\u0307\u011eI\u0307 DARK SOULS VI\u0307DEO OYUNLARININ D\u00dcNYASINDA GE\u00c7EN KA\u00c7IRILMAYACAK, YEPYEN\u0130\u0307 BI\u0307R \u00c7I\u0307ZGI\u0307 ROMAN MACERASI. <\/p>\n","protected":false},"excerpt":{"rendered":"<p>G\u00dcNE\u015e\u0130 \u00d6V \u2013 KARANLIKTAN KORK! KRALLI\u011eI KAOSA VE \u00d6L\u00dcME S\u00dcR\u00dcKLENEN SAVA\u015e\u00c7I FIRA, KRALLI\u011eINI KURTARMAK I\u0307\u00c7I\u0307N TEHLI\u0307KELI\u0307, SON \u00c7ARE BI\u0307R ARAYI\u015eA GI\u0307RI\u0307YOR. M\u00dcTTEF\u0130KLER AZ. KAMP ATE\u015eLER\u0130 KOR<span class=\"excerpt-hellip\"> [\u2026]<\/span><\/p>\n","protected":false},"featured_media":0,"template":"","meta":{"_monsterinsights_skip_tracking":false,"_monsterinsights_sitenote_active":false,"_monsterinsights_sitenote_note":"","_monsterinsights_sitenote_category":0},"product_brand":[],"product_cat":[12416,12291],"product_tag":[],"class_list":{"0":"post-762960","1":"product","2":"type-product","3":"status-publish","5":"product_cat-cizgi-roman","6":"product_cat-edebiyat","7":"pa_cilt-ciltsiz","8":"pa_tur-kitap","9":"pa_yayinevi-eksik-parca-yayinlari","10":"pa_yazar-george-mann","12":"first","13":"instock","14":"sale","15":"shipping-taxable","16":"purchasable","17":"product-type-simple"},"_links":{"self":[{"href":"https:\/\/roveyayinevi.com.tr\/index.php\/wp-json\/wp\/v2\/product\/762960","targetHints":{"allow":["GET"]}}],"collection":[{"href":"https:\/\/roveyayinevi.com.tr\/index.php\/wp-json\/wp\/v2\/product"}],"about":[{"href":"https:\/\/roveyayinevi.com.tr\/index.php\/wp-json\/wp\/v2\/types\/product"}],"wp:attachment":[{"href":"https:\/\/roveyayinevi.com.tr\/index.php\/wp-json\/wp\/v2\/media?parent=762960"}],"wp:term":[{"taxonomy":"product_brand","embeddable":true,"href":"https:\/\/roveyayinevi.com.tr\/index.php\/wp-json\/wp\/v2\/product_brand?post=762960"},{"taxonomy":"product_cat","embeddable":true,"href":"https:\/\/roveyayinevi.com.tr\/index.php\/wp-json\/wp\/v2\/product_cat?post=762960"},{"taxonomy":"product_tag","embeddable":true,"href":"https:\/\/roveyayinevi.com.tr\/index.php\/wp-json\/wp\/v2\/product_tag?post=762960"}],"curies":[{"name":"wp","href":"https:\/\/api.w.org\/{rel}","templated":true}]}}