{"id":762959,"date":"2025-08-28T10:25:56","date_gmt":"2025-08-28T07:25:56","guid":{"rendered":"https:\/\/roveyayinevi.com.tr\/index.php\/urun\/100-mikroorganizmayla-dunyanin-hikayesi\/"},"modified":"2026-04-15T03:27:50","modified_gmt":"2026-04-15T00:27:50","slug":"100-mikroorganizmayla-dunyanin-hikayesi","status":"publish","type":"product","link":"https:\/\/roveyayinevi.com.tr\/index.php\/urun\/100-mikroorganizmayla-dunyanin-hikayesi\/","title":{"rendered":"100 Mikroorganizmayla D\u00fcnyan\u0131n Hikayesi"},"content":{"rendered":"<p>A\u015f\u0131n tuz seven bir arke gelecekte n\u00fckleer \u00e7\u00f6p\u00e7\u00fcm\u00fcz olabilir mi?  G\u00f6z hayvanc\u0131\u011f\u0131 uzay\u0131 fethetmemize nas\u0131l yard\u0131m edebilir? D\u00fcnyan\u0131n de\u011fi\u015fen manyetik alanlar\u0131n\u0131 hangi bakteri sayesinde izleyebiliyoruz? Bakteriler, vir\u00fcsler, algler, mantarlar&#8230; Genelde \u00e7\u0131plak g\u00f6zle g\u00f6remesek de akla gelebilecek her yerdeler ve onlar olmadan D\u00fcnya&#8217;da bug\u00fcn bildi\u011fimiz ya\u015fam olmazd\u0131. Kendimizi ne denli \u00f6nemsesek de nihayetinde mikroorganizmalar\u0131n gezegeninde misafiriz sadece. Florian Freistetter ile Helmut Jungwirth onlar\u0131n pe\u015fine d\u00fc\u015ft\u00fcler ve mikroskopun di\u011fer ucunda g\u00f6r\u00fcn\u00fcr hale gelen d\u00fcnyaya daha yak\u0131ndan bakt\u0131lar. Kimi komik kimi tuhaf ama kesinlikle ilgin\u00e7 100 b\u00f6l\u00fcmde bize mikrobiyoloji evrenini a\u00e7\u0131klarken D\u00fcnya\u2019n\u0131n \u015fimdiye pek bilmedi\u011fimiz bu hik\u00e2yesini anlatt\u0131lar. <\/p>\n","protected":false},"excerpt":{"rendered":"<p>A\u015f\u0131n tuz seven bir arke gelecekte n\u00fckleer \u00e7\u00f6p\u00e7\u00fcm\u00fcz olabilir mi? G\u00f6z hayvanc\u0131\u011f\u0131 uzay\u0131 fethetmemize nas\u0131l yard\u0131m edebilir? D\u00fcnyan\u0131n de\u011fi\u015fen manyetik alanlar\u0131n\u0131 hangi bakteri sayesinde izleyebiliyoruz? Bakteriler,<span class=\"excerpt-hellip\"> [\u2026]<\/span><\/p>\n","protected":false},"featured_media":0,"template":"","meta":{"_monsterinsights_skip_tracking":false,"_monsterinsights_sitenote_active":false,"_monsterinsights_sitenote_note":"","_monsterinsights_sitenote_category":0},"product_brand":[],"product_cat":[13829,12274],"product_tag":[],"class_list":{"0":"post-762959","1":"product","2":"type-product","3":"status-publish","5":"product_cat-bilimsel-kitaplar","6":"product_cat-cocuk-ve-genclik-kitaplari","7":"pa_cilt-ciltsiz","8":"pa_tur-kitap","9":"pa_yayinevi-ginko-kitap","10":"pa_yazar-florian-freistetter-helmut-jungwirth","12":"first","13":"instock","14":"sale","15":"shipping-taxable","16":"purchasable","17":"product-type-simple"},"_links":{"self":[{"href":"https:\/\/roveyayinevi.com.tr\/index.php\/wp-json\/wp\/v2\/product\/762959","targetHints":{"allow":["GET"]}}],"collection":[{"href":"https:\/\/roveyayinevi.com.tr\/index.php\/wp-json\/wp\/v2\/product"}],"about":[{"href":"https:\/\/roveyayinevi.com.tr\/index.php\/wp-json\/wp\/v2\/types\/product"}],"wp:attachment":[{"href":"https:\/\/roveyayinevi.com.tr\/index.php\/wp-json\/wp\/v2\/media?parent=762959"}],"wp:term":[{"taxonomy":"product_brand","embeddable":true,"href":"https:\/\/roveyayinevi.com.tr\/index.php\/wp-json\/wp\/v2\/product_brand?post=762959"},{"taxonomy":"product_cat","embeddable":true,"href":"https:\/\/roveyayinevi.com.tr\/index.php\/wp-json\/wp\/v2\/product_cat?post=762959"},{"taxonomy":"product_tag","embeddable":true,"href":"https:\/\/roveyayinevi.com.tr\/index.php\/wp-json\/wp\/v2\/product_tag?post=762959"}],"curies":[{"name":"wp","href":"https:\/\/api.w.org\/{rel}","templated":true}]}}