{"id":762958,"date":"2025-08-28T10:25:54","date_gmt":"2025-08-28T07:25:54","guid":{"rendered":"https:\/\/roveyayinevi.com.tr\/index.php\/urun\/dark-souls-sayi-2\/"},"modified":"2026-04-15T03:27:50","modified_gmt":"2026-04-15T00:27:50","slug":"dark-souls-sayi-2","status":"publish","type":"product","link":"https:\/\/roveyayinevi.com.tr\/index.php\/urun\/dark-souls-sayi-2\/","title":{"rendered":"Dark Souls Say\u0131: 2"},"content":{"rendered":"<p>BU D\u00dcNYANIN SONBAHARINDA TEK G\u00dcVENCE \u00d6L\u00dcMD\u00dcR!   S\u00dcREKLI\u0307 KI\u015eIN H\u00dcK\u00dcM S\u00dcRD\u00dc\u011e\u00dc BI\u0307R \u00c2LEMDE KAPANA KISILMI\u015e, KUTSAL BI\u0307R G\u00d6REVLE BA\u011eLI, SAVA\u015eTA SERTLE\u015eMI\u0307\u015e BI\u0307R SAVA\u015e\u00c7I OLAN ITHVALELI\u0307 ANDRED, KENDI\u0307SI\u0307NDEN \u00c7ALINAN KUTSAL EMANETI\u0307 BULMAK I\u0307\u00c7I\u0307N DONMU\u015e ARAZI\u0307LERDE SAVA\u015eIRKEN KANLI BI\u0307R KURTULU\u015e ARAYI\u015eINA GI\u0307RI\u0307YOR.   BANDAI NAMCO\u2019NUN ELE\u015eT\u0130RMENLERDEN TAM NOT ALAN, \u00c7I\u011eIR A\u00c7AN VI\u0307DEO OYUNU DARK SOULS\u2019UN ARKASINDAK\u0130 EK\u0130PTEN: KI\u015e GAREZ\u0130 DARK SOULS D\u00dcNYASINDAN \u00c7IKIP GELEN \u0130K\u0130NC\u0130 H\u0130K\u00c2YE. <\/p>\n","protected":false},"excerpt":{"rendered":"<p>BU D\u00dcNYANIN SONBAHARINDA TEK G\u00dcVENCE \u00d6L\u00dcMD\u00dcR! S\u00dcREKLI\u0307 KI\u015eIN H\u00dcK\u00dcM S\u00dcRD\u00dc\u011e\u00dc BI\u0307R \u00c2LEMDE KAPANA KISILMI\u015e, KUTSAL BI\u0307R G\u00d6REVLE BA\u011eLI, SAVA\u015eTA SERTLE\u015eMI\u0307\u015e BI\u0307R SAVA\u015e\u00c7I OLAN ITHVALELI\u0307 ANDRED, KENDI\u0307SI\u0307NDEN<span class=\"excerpt-hellip\"> [\u2026]<\/span><\/p>\n","protected":false},"featured_media":0,"template":"","meta":{"_monsterinsights_skip_tracking":false,"_monsterinsights_sitenote_active":false,"_monsterinsights_sitenote_note":"","_monsterinsights_sitenote_category":0},"product_brand":[],"product_cat":[12416,12291],"product_tag":[],"class_list":{"0":"post-762958","1":"product","2":"type-product","3":"status-publish","5":"product_cat-cizgi-roman","6":"product_cat-edebiyat","7":"pa_cilt-ciltsiz","8":"pa_tur-kitap","9":"pa_yayinevi-eksik-parca-yayinlari","10":"pa_yazar-george-mann","12":"first","13":"instock","14":"sale","15":"shipping-taxable","16":"purchasable","17":"product-type-simple"},"_links":{"self":[{"href":"https:\/\/roveyayinevi.com.tr\/index.php\/wp-json\/wp\/v2\/product\/762958","targetHints":{"allow":["GET"]}}],"collection":[{"href":"https:\/\/roveyayinevi.com.tr\/index.php\/wp-json\/wp\/v2\/product"}],"about":[{"href":"https:\/\/roveyayinevi.com.tr\/index.php\/wp-json\/wp\/v2\/types\/product"}],"wp:attachment":[{"href":"https:\/\/roveyayinevi.com.tr\/index.php\/wp-json\/wp\/v2\/media?parent=762958"}],"wp:term":[{"taxonomy":"product_brand","embeddable":true,"href":"https:\/\/roveyayinevi.com.tr\/index.php\/wp-json\/wp\/v2\/product_brand?post=762958"},{"taxonomy":"product_cat","embeddable":true,"href":"https:\/\/roveyayinevi.com.tr\/index.php\/wp-json\/wp\/v2\/product_cat?post=762958"},{"taxonomy":"product_tag","embeddable":true,"href":"https:\/\/roveyayinevi.com.tr\/index.php\/wp-json\/wp\/v2\/product_tag?post=762958"}],"curies":[{"name":"wp","href":"https:\/\/api.w.org\/{rel}","templated":true}]}}