{"id":762957,"date":"2025-08-28T10:25:53","date_gmt":"2025-08-28T07:25:53","guid":{"rendered":"https:\/\/roveyayinevi.com.tr\/index.php\/urun\/soyunma-odasi\/"},"modified":"2026-04-15T03:27:50","modified_gmt":"2026-04-15T00:27:50","slug":"soyunma-odasi","status":"publish","type":"product","link":"https:\/\/roveyayinevi.com.tr\/index.php\/urun\/soyunma-odasi\/","title":{"rendered":"Soyunma Odas\u0131"},"content":{"rendered":"<p>\u201cMetin Hoca, bir yandan futbol endustrisinin ha\u015fin, baya\u011f\u0131 ve insaniyetsiz dunyas\u0131nda var olmaya \u00e7al\u0131\u015f\u0131rken, bir yandan da o sa\u011f\u0131r dunyaya ba\u015fka turlu bir \u015feyin ihtimalini f\u0131s\u0131ldamaya \u00e7abalay\u0131\u015f\u0131yla, kat\u0131 savunmayla iyimserli\u011fe ge\u00e7it vermeyen berbat bir sahada umuda ince ara paslar atmas\u0131yla, bir gizli senaryo yaz\u0131yor asl\u0131nda.\u201dTan\u0131l Bora D\u00fcnyan\u0131n hemen her yerinde, dunyan\u0131n en kolay i\u015fi gibi g\u00f6zuken bir meslek: Futbolculuk! Dunyan\u0131n hemen her yerinde, dunyan\u0131n en kolay i\u015fi gibi g\u00f6zuken bir meslek: Teknik direkt\u00f6rluk!\u00dcmit Metin Y\u0131ld\u0131z, hem futbolcu hem teknik direkt\u00f6r olarak uzun y\u0131llard\u0131r i\u00e7inde bulundu\u011fu futbol ortam\u0131n\u0131, turlu renkleriyle g\u00f6zler \u00f6nune seriyor: Ku\u00e7uk bir \u00e7ocu\u011fun buyuk heveslerinden yar\u0131da kalan \u201cy\u0131ld\u0131z\u201d olma hayallerine, berbat antrenman ko\u015fullar\u0131ndan lanetli formalara ve \u015fikeli ma\u00e7lara, zor taraftara sahip \u015fehirlerde teknik direkt\u00f6rluk yapmaktan tek bir penalt\u0131 vuru\u015fuyla bir ust lige yukselme \u015fans\u0131n\u0131n ka\u00e7\u0131r\u0131lmas\u0131na, sadece sol ayakl\u0131 futbolculardan kurulu bir tak\u0131m hayalinden Sergen Yal\u00e7\u0131n\u2019la \u00e7al\u0131\u015fmaya\u2026Dunyan\u0131n hemen yer yerinde, dunyan\u0131n en kolay i\u015fi gibi g\u00f6zuken futbolculu\u011fun, teknik direkt\u00f6rlu\u011fun arkas\u0131nda yatan buyuk zorluklar\u0131, \u00e7eli\u015fkileri bamba\u015fka bir g\u00f6zle kaleme alan \u201cMetin Hoca\u201d, hayat\u0131 futbol uzerinden, futboluysa hayat uzerinden anlat\u0131yor. \u00dcstelik Soyunma Odas\u0131 futbolun yak\u0131c\u0131 yanlar\u0131yla romantizmi, fanteziyle ger\u00e7e\u011fi zaman zaman \u00f6yle ustal\u0131kla i\u00e7 i\u00e7e ge\u00e7iriyor ki, edebi bir zevkle de okutuyor kendini.Farkl\u0131 bir futbol insan\u0131ndan, farkl\u0131 bir kitap\u2026 <\/p>\n","protected":false},"excerpt":{"rendered":"<p>\u201cMetin Hoca, bir yandan futbol endustrisinin ha\u015fin, baya\u011f\u0131 ve insaniyetsiz dunyas\u0131nda var olmaya \u00e7al\u0131\u015f\u0131rken, bir yandan da o sa\u011f\u0131r dunyaya ba\u015fka turlu bir \u015feyin ihtimalini f\u0131s\u0131ldamaya<span class=\"excerpt-hellip\"> [\u2026]<\/span><\/p>\n","protected":false},"featured_media":0,"template":"","meta":{"_monsterinsights_skip_tracking":false,"_monsterinsights_sitenote_active":false,"_monsterinsights_sitenote_note":"","_monsterinsights_sitenote_category":0},"product_brand":[],"product_cat":[15563,15564],"product_tag":[],"class_list":{"0":"post-762957","1":"product","2":"type-product","3":"status-publish","5":"product_cat-hobi","6":"product_cat-spor","7":"pa_cilt-ciltsiz","8":"pa_tur-kitap","9":"pa_yayinevi-iletisim-yayinlari","10":"pa_yazar-umit-metin-yildiz","12":"first","13":"instock","14":"sale","15":"shipping-taxable","16":"purchasable","17":"product-type-simple"},"_links":{"self":[{"href":"https:\/\/roveyayinevi.com.tr\/index.php\/wp-json\/wp\/v2\/product\/762957","targetHints":{"allow":["GET"]}}],"collection":[{"href":"https:\/\/roveyayinevi.com.tr\/index.php\/wp-json\/wp\/v2\/product"}],"about":[{"href":"https:\/\/roveyayinevi.com.tr\/index.php\/wp-json\/wp\/v2\/types\/product"}],"wp:attachment":[{"href":"https:\/\/roveyayinevi.com.tr\/index.php\/wp-json\/wp\/v2\/media?parent=762957"}],"wp:term":[{"taxonomy":"product_brand","embeddable":true,"href":"https:\/\/roveyayinevi.com.tr\/index.php\/wp-json\/wp\/v2\/product_brand?post=762957"},{"taxonomy":"product_cat","embeddable":true,"href":"https:\/\/roveyayinevi.com.tr\/index.php\/wp-json\/wp\/v2\/product_cat?post=762957"},{"taxonomy":"product_tag","embeddable":true,"href":"https:\/\/roveyayinevi.com.tr\/index.php\/wp-json\/wp\/v2\/product_tag?post=762957"}],"curies":[{"name":"wp","href":"https:\/\/api.w.org\/{rel}","templated":true}]}}