{"id":762955,"date":"2025-08-28T10:25:49","date_gmt":"2025-08-28T07:25:49","guid":{"rendered":"https:\/\/roveyayinevi.com.tr\/index.php\/urun\/evi-anlamak\/"},"modified":"2026-04-15T03:27:50","modified_gmt":"2026-04-15T00:27:50","slug":"evi-anlamak","status":"publish","type":"product","link":"https:\/\/roveyayinevi.com.tr\/index.php\/urun\/evi-anlamak\/","title":{"rendered":"Evi Anlamak"},"content":{"rendered":"<p>&#8220;Dedemin in\u015fa etti\u011fi hayatl\u0131 (avlulu) bir evde do\u011fdum, ilkokul birinci s\u0131n\u0131ftan sonra lojmana ta\u015f\u0131nd\u0131k. Ortaokula ba\u015flad\u0131\u011f\u0131mda ise, kentin periferisinde bir apartmanda ya\u015f\u0131yordum art\u0131k. \u00dcniversite s\u0131nav\u0131n\u0131 kazanarak \u0130stanbul\u2019da bir yurt odas\u0131nda ya\u015famaya ba\u015flad\u0131m; mezun oldum ve \u00c7apa\u2019da karde\u015fimle ya\u015fad\u0131\u011f\u0131m\u0131z bir evimiz oldu. Be\u015f y\u0131l\u0131n sonunda Urfa\u2019ya d\u00f6nu\u015f yapt\u0131m ve ailemle tekrar bir apartman\u0131n dubleks kat\u0131nda ya\u015famaya ba\u015flad\u0131m.\u201dZemzem Ta\u015fguzen Polat, mimarl\u0131k tecrubesini ve sosyal teori bilgisini, kendi hayat\u0131ndan canl\u0131 g\u00f6zlemlerle tartarak, ev denen koca dunyan\u0131n i\u00e7ine dal\u0131yor. Bir deneyim mek\u00e2n\u0131 olarak, bir hayat olarak eve bak\u0131yor. Evin nas\u0131l bir \u201ci\u00e7\u201d oldu\u011funu ve ayn\u0131 zamanda nas\u0131l d\u0131\u015far\u0131ya a\u00e7\u0131lman\u0131n yerine d\u00f6nu\u015ftu\u011funu, evin s\u0131n\u0131rlar\u0131n\u0131 du\u015funuyor.Evi Anlamak, evin mimarisinin, ev duzeninin, ev tasavvurunun d\u00f6n\u00fc\u015f\u00fcm\u00fc hakk\u0131nda bir kitap. Elbette ayn\u0131 zamanda mahalle ili\u015fkilerinin, kom\u015fulu\u011fun ve kentle\u015fmenin d\u00f6n\u00fc\u015f\u00fcm\u00fc hakk\u0131nda\u2026Zemzem Ta\u015fguzen Polat, \u201cyitirilen ev\u201d nostaljileri, \u201cideal ev\u201dhayalleri aras\u0131nda, ger\u00e7ek evlerin i\u00e7inde, bilme merak\u0131 kadar, ya\u015fam heyecan\u0131yla ve yer yer edebi bir duyguyla dola\u015f\u0131yor.<\/p>\n","protected":false},"excerpt":{"rendered":"<p>&#8220;Dedemin in\u015fa etti\u011fi hayatl\u0131 (avlulu) bir evde do\u011fdum, ilkokul birinci s\u0131n\u0131ftan sonra lojmana ta\u015f\u0131nd\u0131k. Ortaokula ba\u015flad\u0131\u011f\u0131mda ise, kentin periferisinde bir apartmanda ya\u015f\u0131yordum art\u0131k. \u00dcniversite s\u0131nav\u0131n\u0131 kazanarak<span class=\"excerpt-hellip\"> [\u2026]<\/span><\/p>\n","protected":false},"featured_media":0,"template":"","meta":{"_monsterinsights_skip_tracking":false,"_monsterinsights_sitenote_active":false,"_monsterinsights_sitenote_note":"","_monsterinsights_sitenote_category":0},"product_brand":[],"product_cat":[12777,12291],"product_tag":[],"class_list":{"0":"post-762955","1":"product","2":"type-product","3":"status-publish","5":"product_cat-deneme","6":"product_cat-edebiyat","7":"pa_cilt-ciltsiz","8":"pa_tur-kitap","9":"pa_yayinevi-iletisim-yayinlari","10":"pa_yazar-zemzem-tasguzen-polat","12":"first","13":"instock","14":"sale","15":"shipping-taxable","16":"purchasable","17":"product-type-simple"},"_links":{"self":[{"href":"https:\/\/roveyayinevi.com.tr\/index.php\/wp-json\/wp\/v2\/product\/762955","targetHints":{"allow":["GET"]}}],"collection":[{"href":"https:\/\/roveyayinevi.com.tr\/index.php\/wp-json\/wp\/v2\/product"}],"about":[{"href":"https:\/\/roveyayinevi.com.tr\/index.php\/wp-json\/wp\/v2\/types\/product"}],"wp:attachment":[{"href":"https:\/\/roveyayinevi.com.tr\/index.php\/wp-json\/wp\/v2\/media?parent=762955"}],"wp:term":[{"taxonomy":"product_brand","embeddable":true,"href":"https:\/\/roveyayinevi.com.tr\/index.php\/wp-json\/wp\/v2\/product_brand?post=762955"},{"taxonomy":"product_cat","embeddable":true,"href":"https:\/\/roveyayinevi.com.tr\/index.php\/wp-json\/wp\/v2\/product_cat?post=762955"},{"taxonomy":"product_tag","embeddable":true,"href":"https:\/\/roveyayinevi.com.tr\/index.php\/wp-json\/wp\/v2\/product_tag?post=762955"}],"curies":[{"name":"wp","href":"https:\/\/api.w.org\/{rel}","templated":true}]}}