{"id":762950,"date":"2025-08-28T10:25:39","date_gmt":"2025-08-28T07:25:39","guid":{"rendered":"https:\/\/roveyayinevi.com.tr\/index.php\/urun\/yasak-meyve\/"},"modified":"2026-04-15T03:27:50","modified_gmt":"2026-04-15T00:27:50","slug":"yasak-meyve","status":"publish","type":"product","link":"https:\/\/roveyayinevi.com.tr\/index.php\/urun\/yasak-meyve\/","title":{"rendered":"Yasak Meyve"},"content":{"rendered":"<p>Hayat\u0131n kimilerine g\u00f6re daha ac\u0131mas\u0131z davrand\u0131\u011f\u0131 bir avu\u00e7 insan\u0131n ya\u015fam\u0131 er ya da ge\u00e7 kesi\u015fir. Ya\u015fam piyesinde, bir ama\u00e7 i\u00e7in payla\u015ft\u0131r\u0131lan rolleri oynamaksa fanilerin ka\u00e7\u0131n\u0131lmazl\u0131\u011f\u0131d\u0131r. Yasak Meyve, ki\u015filik bozuklu\u011funa sahip bir k\u0131z\u0131n \u201cs\u0131radan\u201d olana uyum sa\u011flama m\u00fccadelesidir. Ya\u015fama g\u00fcd\u00fcs\u00fc eti, kemi\u011fini terk eden birinin tutundu\u011fu c\u0131l\u0131z ve titrek umudun m\u00fccadelesi.Yasak Meyve, do\u011fum ve \u00f6l\u00fcm aras\u0131ndaki esnek \u00e7izgide, hayat\u0131n aleladeli\u011fini kabullenmeyerek s\u0131n\u0131rlar\u0131n d\u0131\u015f\u0131nda ya\u015famay\u0131 dileyen Ecrin\u2019in potansiyelinin hikayesidir. E\u015fsizin s\u0131radana ula\u015fma \u00e7abas\u0131n\u0131n beyhudeli\u011fini Ecrin\u2019den dinle, ge\u00e7mi\u015fin kirini bir g\u00f6lge gibi ta\u015f\u0131man\u0131n a\u011f\u0131rl\u0131\u011f\u0131n\u0131 Aras anlats\u0131n sana. Kendi de\u011ferine ba\u015fkalar\u0131n\u0131n sadaka gibi verdi\u011fi sevgiden pay bi\u00e7meyi Sayra\u2019dan, en yak\u0131n olmak istedi\u011fine ad\u0131m dahi atamamay\u0131 Kutay\u2019dan, h\u0131rs\u0131n talim etti\u011fi yolda y\u00fcr\u00fcyen insan\u0131n deforme olmas\u0131n\u0131 Ya\u011f\u0131z\u2019dan \u00f6\u011fren.Yolun sonuna gelindi\u011finde as\u0131l meselenin var\u0131lan yer de\u011fil, yolculu\u011fun kendisi oldu\u011funu benden \u00f6\u011fren.<\/p>\n","protected":false},"excerpt":{"rendered":"<p>Hayat\u0131n kimilerine g\u00f6re daha ac\u0131mas\u0131z davrand\u0131\u011f\u0131 bir avu\u00e7 insan\u0131n ya\u015fam\u0131 er ya da ge\u00e7 kesi\u015fir. Ya\u015fam piyesinde, bir ama\u00e7 i\u00e7in payla\u015ft\u0131r\u0131lan rolleri oynamaksa fanilerin ka\u00e7\u0131n\u0131lmazl\u0131\u011f\u0131d\u0131r. Yasak<span class=\"excerpt-hellip\"> [\u2026]<\/span><\/p>\n","protected":false},"featured_media":0,"template":"","meta":{"_monsterinsights_skip_tracking":false,"_monsterinsights_sitenote_active":false,"_monsterinsights_sitenote_note":"","_monsterinsights_sitenote_category":0},"product_brand":[],"product_cat":[12291,12711],"product_tag":[],"class_list":{"0":"post-762950","1":"product","2":"type-product","3":"status-publish","5":"product_cat-edebiyat","6":"product_cat-roman-oyku","7":"pa_cilt-ciltsiz","8":"pa_tur-kitap","9":"pa_yayinevi-perseus","10":"pa_yazar-irem-uzunay","12":"first","13":"instock","14":"sale","15":"shipping-taxable","16":"purchasable","17":"product-type-simple"},"_links":{"self":[{"href":"https:\/\/roveyayinevi.com.tr\/index.php\/wp-json\/wp\/v2\/product\/762950","targetHints":{"allow":["GET"]}}],"collection":[{"href":"https:\/\/roveyayinevi.com.tr\/index.php\/wp-json\/wp\/v2\/product"}],"about":[{"href":"https:\/\/roveyayinevi.com.tr\/index.php\/wp-json\/wp\/v2\/types\/product"}],"wp:attachment":[{"href":"https:\/\/roveyayinevi.com.tr\/index.php\/wp-json\/wp\/v2\/media?parent=762950"}],"wp:term":[{"taxonomy":"product_brand","embeddable":true,"href":"https:\/\/roveyayinevi.com.tr\/index.php\/wp-json\/wp\/v2\/product_brand?post=762950"},{"taxonomy":"product_cat","embeddable":true,"href":"https:\/\/roveyayinevi.com.tr\/index.php\/wp-json\/wp\/v2\/product_cat?post=762950"},{"taxonomy":"product_tag","embeddable":true,"href":"https:\/\/roveyayinevi.com.tr\/index.php\/wp-json\/wp\/v2\/product_tag?post=762950"}],"curies":[{"name":"wp","href":"https:\/\/api.w.org\/{rel}","templated":true}]}}