{"id":762949,"date":"2025-08-28T10:25:37","date_gmt":"2025-08-28T07:25:37","guid":{"rendered":"https:\/\/roveyayinevi.com.tr\/index.php\/urun\/kivilcimlarin-dansi\/"},"modified":"2026-04-15T03:27:50","modified_gmt":"2026-04-15T00:27:50","slug":"kivilcimlarin-dansi","status":"publish","type":"product","link":"https:\/\/roveyayinevi.com.tr\/index.php\/urun\/kivilcimlarin-dansi\/","title":{"rendered":"K\u0131v\u0131lc\u0131mlar\u0131n Dans\u0131"},"content":{"rendered":"<p>Yetimhanenin kal\u0131n duvarlar\u0131n\u0131n ard\u0131ndan, hastanenin demir kap\u0131lar\u0131n\u0131n arkas\u0131nda s\u0131k\u0131\u015f\u0131p kalan Derin&#8217;in tek dostlar\u0131 hayvanlar olmu\u015ftur. Yaln\u0131zl\u0131\u011f\u0131n\u0131 payla\u015fabilece\u011fi bir arkada\u015f \u00f6zlemiyle ge\u00e7en g\u00fcnlerinde, r\u00fczg\u00e2rl\u0131 bir gecede hayat\u0131 tamamen de\u011fi\u015fir. Bilinmeyen bir yerde kendine gelen Derin, ba\u015flang\u0131\u00e7ta olduk\u00e7a \u00fcrkse de, k\u0131sa s\u00fcrede yaln\u0131zl\u0131\u011f\u0131na \u00e7are olacak dostlar edinir.Dostlu\u011fun ve affetmenin anlam\u0131n\u0131 ke\u015ffedecek olan Derin i\u00e7in hayat yeni ba\u015fl\u0131yordur. Tek hayali \u00f6zg\u00fcr olmakken daha b\u00fcy\u00fck bir kapana m\u0131 k\u0131s\u0131lacakt\u0131r? Hakk\u0131ndaki ger\u00e7ekleri \u00f6\u011frenince her \u015fey eskisi gibi olabilecek midir? Ge\u00e7mi\u015fine olan merak\u0131 her \u015feyin \u00f6n\u00fcne ge\u00e7ince o da di\u011ferleri gibi k\u0131v\u0131lc\u0131mlar\u0131 izlemeye ba\u015flar. \u0130\u00e7indeki g\u00fcc\u00fc ke\u015ffetmek ve benli\u011fini bulabilmek i\u00e7in k\u0131v\u0131lc\u0131mlar\u0131n dans\u0131na odaklanmas\u0131 gerekiyordur.Sevgili okuyucu, e\u011fer sen de kim oldu\u011funu \u00f6\u011frenmek istiyorsan durma, k\u0131v\u0131lc\u0131mlar\u0131 takip et! Bu fantastik yolculukta Derin&#8217;le birlikte \u00f6zg\u00fcrl\u00fc\u011f\u00fcn, dostlu\u011fun ve kendini bulman\u0131n anlam\u0131n\u0131 ke\u015ffedeceksin. Kendini bulma yolculu\u011funda her sayfa seni biraz daha derinlere g\u00f6t\u00fcrecek. Haz\u0131r m\u0131s\u0131n? K\u0131v\u0131lc\u0131mlar seni bekliyor.<\/p>\n","protected":false},"excerpt":{"rendered":"<p>Yetimhanenin kal\u0131n duvarlar\u0131n\u0131n ard\u0131ndan, hastanenin demir kap\u0131lar\u0131n\u0131n arkas\u0131nda s\u0131k\u0131\u015f\u0131p kalan Derin&#8217;in tek dostlar\u0131 hayvanlar olmu\u015ftur. Yaln\u0131zl\u0131\u011f\u0131n\u0131 payla\u015fabilece\u011fi bir arkada\u015f \u00f6zlemiyle ge\u00e7en g\u00fcnlerinde, r\u00fczg\u00e2rl\u0131 bir gecede hayat\u0131<span class=\"excerpt-hellip\"> [\u2026]<\/span><\/p>\n","protected":false},"featured_media":0,"template":"","meta":{"_monsterinsights_skip_tracking":false,"_monsterinsights_sitenote_active":false,"_monsterinsights_sitenote_note":"","_monsterinsights_sitenote_category":0},"product_brand":[],"product_cat":[12291,14777],"product_tag":[],"class_list":{"0":"post-762949","1":"product","2":"type-product","3":"status-publish","5":"product_cat-edebiyat","6":"product_cat-fantastik","7":"pa_cilt-ciltsiz","8":"pa_tur-kitap","9":"pa_yayinevi-perseus","10":"pa_yazar-simge-isik","12":"first","13":"instock","14":"sale","15":"shipping-taxable","16":"purchasable","17":"product-type-simple"},"_links":{"self":[{"href":"https:\/\/roveyayinevi.com.tr\/index.php\/wp-json\/wp\/v2\/product\/762949","targetHints":{"allow":["GET"]}}],"collection":[{"href":"https:\/\/roveyayinevi.com.tr\/index.php\/wp-json\/wp\/v2\/product"}],"about":[{"href":"https:\/\/roveyayinevi.com.tr\/index.php\/wp-json\/wp\/v2\/types\/product"}],"wp:attachment":[{"href":"https:\/\/roveyayinevi.com.tr\/index.php\/wp-json\/wp\/v2\/media?parent=762949"}],"wp:term":[{"taxonomy":"product_brand","embeddable":true,"href":"https:\/\/roveyayinevi.com.tr\/index.php\/wp-json\/wp\/v2\/product_brand?post=762949"},{"taxonomy":"product_cat","embeddable":true,"href":"https:\/\/roveyayinevi.com.tr\/index.php\/wp-json\/wp\/v2\/product_cat?post=762949"},{"taxonomy":"product_tag","embeddable":true,"href":"https:\/\/roveyayinevi.com.tr\/index.php\/wp-json\/wp\/v2\/product_tag?post=762949"}],"curies":[{"name":"wp","href":"https:\/\/api.w.org\/{rel}","templated":true}]}}