{"id":762947,"date":"2025-08-28T10:25:34","date_gmt":"2025-08-28T07:25:34","guid":{"rendered":"https:\/\/roveyayinevi.com.tr\/index.php\/urun\/turkiye-odalar-ve-borsalar-birligi-tarihi-1952-2001-cilt-1\/"},"modified":"2026-04-15T03:27:50","modified_gmt":"2026-04-15T00:27:50","slug":"turkiye-odalar-ve-borsalar-birligi-tarihi-1952-2001-cilt-1","status":"publish","type":"product","link":"https:\/\/roveyayinevi.com.tr\/index.php\/urun\/turkiye-odalar-ve-borsalar-birligi-tarihi-1952-2001-cilt-1\/","title":{"rendered":"T\u00fcrkiye Odalar ve Borsalar Birli\u011fi Tarihi 1952-2001 Cilt 1"},"content":{"rendered":"<p>\u0130\u00e7indekiler :        1. DEMOKRAT PART\u0130 D\u00d6NEM\u0130      2. 27 MAYIS 1960 DARBES\u0130 VE SONRASI D\u00d6NEM (1960-1965)      3. ADALET PART\u0130S\u0130 D\u00d6NEM\u0130 (1965-1979)      4. MEHMET YAZAR\u2019IN TOBB BA\u015eKANLI\u011eI (1979-1985)      5. ERS\u0130N FARALYALI\u2019NIN TOBB BA\u015eKANLI\u011eI      6. AL\u0130 CO\u015eKUN\u2019UN TOBB BA\u015eKANLI\u011eI (1986-1990)      7. YALIM EREZ D\u00d6NEM\u0130 (I)      8. RONA YIRCALI\u2019NIN TOBB BA\u015eKANLI\u011eI (1991-1992)      9. YALIM EREZ D\u00d6NEM\u0130 (II)      10. FUAT M\u0130RAS TOBB BA\u015eKANLI\u011eI (1996-2001) <\/p>\n","protected":false},"excerpt":{"rendered":"<p>\u0130\u00e7indekiler : 1. DEMOKRAT PART\u0130 D\u00d6NEM\u0130 2. 27 MAYIS 1960 DARBES\u0130 VE SONRASI D\u00d6NEM (1960-1965) 3. ADALET PART\u0130S\u0130 D\u00d6NEM\u0130 (1965-1979) 4. MEHMET YAZAR\u2019IN TOBB BA\u015eKANLI\u011eI (1979-1985)<span class=\"excerpt-hellip\"> [\u2026]<\/span><\/p>\n","protected":false},"featured_media":0,"template":"","meta":{"_monsterinsights_skip_tracking":false,"_monsterinsights_sitenote_active":false,"_monsterinsights_sitenote_note":"","_monsterinsights_sitenote_category":0},"product_brand":[],"product_cat":[12337],"product_tag":[],"class_list":{"0":"post-762947","1":"product","2":"type-product","3":"status-publish","5":"product_cat-politika-siyaset","6":"pa_cilt-ciltsiz","7":"pa_tur-kitap","8":"pa_yayinevi-gazi-kitabevi","9":"pa_yazar-huseyin-cavusoglu","11":"first","12":"instock","13":"sale","14":"shipping-taxable","15":"purchasable","16":"product-type-simple"},"_links":{"self":[{"href":"https:\/\/roveyayinevi.com.tr\/index.php\/wp-json\/wp\/v2\/product\/762947","targetHints":{"allow":["GET"]}}],"collection":[{"href":"https:\/\/roveyayinevi.com.tr\/index.php\/wp-json\/wp\/v2\/product"}],"about":[{"href":"https:\/\/roveyayinevi.com.tr\/index.php\/wp-json\/wp\/v2\/types\/product"}],"wp:attachment":[{"href":"https:\/\/roveyayinevi.com.tr\/index.php\/wp-json\/wp\/v2\/media?parent=762947"}],"wp:term":[{"taxonomy":"product_brand","embeddable":true,"href":"https:\/\/roveyayinevi.com.tr\/index.php\/wp-json\/wp\/v2\/product_brand?post=762947"},{"taxonomy":"product_cat","embeddable":true,"href":"https:\/\/roveyayinevi.com.tr\/index.php\/wp-json\/wp\/v2\/product_cat?post=762947"},{"taxonomy":"product_tag","embeddable":true,"href":"https:\/\/roveyayinevi.com.tr\/index.php\/wp-json\/wp\/v2\/product_tag?post=762947"}],"curies":[{"name":"wp","href":"https:\/\/api.w.org\/{rel}","templated":true}]}}