{"id":762944,"date":"2025-08-28T10:25:29","date_gmt":"2025-08-28T07:25:29","guid":{"rendered":"https:\/\/roveyayinevi.com.tr\/index.php\/urun\/benim-cilgin-aktivite-kitabim-sari-kitap\/"},"modified":"2026-04-15T03:27:49","modified_gmt":"2026-04-15T00:27:49","slug":"benim-cilgin-aktivite-kitabim-sari-kitap","status":"publish","type":"product","link":"https:\/\/roveyayinevi.com.tr\/index.php\/urun\/benim-cilgin-aktivite-kitabim-sari-kitap\/","title":{"rendered":"Benim \u00c7\u0131lg\u0131n Aktivite Kitab\u0131m &#8211; Sar\u0131 Kitap"},"content":{"rendered":"<p>\u201cBenim \u00c7\u0131lg\u0131n Aktivite Kitab\u0131m Serisi\u201d \u00e7ocu\u011funuzun ya\u015fama dair detaylar\u0131 e\u011flenerek fark etmesine ve \u00f6\u011frenmesine yard\u0131mc\u0131 olmas\u0131 i\u00e7in haz\u0131rland\u0131. Her bir kitap farkl\u0131 konu ve e\u011flenceli aktiviteler ile dolu. \u00c7ocu\u011funuz kitaplardaki aktiviteleri \u00e7\u00f6zmeye \u00e7al\u0131\u015f\u0131rken \u00e7ok e\u011flenecek. <\/p>\n","protected":false},"excerpt":{"rendered":"<p>\u201cBenim \u00c7\u0131lg\u0131n Aktivite Kitab\u0131m Serisi\u201d \u00e7ocu\u011funuzun ya\u015fama dair detaylar\u0131 e\u011flenerek fark etmesine ve \u00f6\u011frenmesine yard\u0131mc\u0131 olmas\u0131 i\u00e7in haz\u0131rland\u0131. Her bir kitap farkl\u0131 konu ve e\u011flenceli aktiviteler<span class=\"excerpt-hellip\"> [\u2026]<\/span><\/p>\n","protected":false},"featured_media":0,"template":"","meta":{"_monsterinsights_skip_tracking":false,"_monsterinsights_sitenote_active":false,"_monsterinsights_sitenote_note":"","_monsterinsights_sitenote_category":0},"product_brand":[],"product_cat":[12274,15842],"product_tag":[],"class_list":{"0":"post-762944","1":"product","2":"type-product","3":"status-publish","5":"product_cat-cocuk-ve-genclik-kitaplari","6":"product_cat-egitici-kitaplar","7":"pa_cilt-ciltsiz","8":"pa_tur-kitap","9":"pa_yayinevi-parilti-yayinlari","10":"pa_yazar-barbaros-ozcan","12":"first","13":"instock","14":"sale","15":"shipping-taxable","16":"purchasable","17":"product-type-simple"},"_links":{"self":[{"href":"https:\/\/roveyayinevi.com.tr\/index.php\/wp-json\/wp\/v2\/product\/762944","targetHints":{"allow":["GET"]}}],"collection":[{"href":"https:\/\/roveyayinevi.com.tr\/index.php\/wp-json\/wp\/v2\/product"}],"about":[{"href":"https:\/\/roveyayinevi.com.tr\/index.php\/wp-json\/wp\/v2\/types\/product"}],"wp:attachment":[{"href":"https:\/\/roveyayinevi.com.tr\/index.php\/wp-json\/wp\/v2\/media?parent=762944"}],"wp:term":[{"taxonomy":"product_brand","embeddable":true,"href":"https:\/\/roveyayinevi.com.tr\/index.php\/wp-json\/wp\/v2\/product_brand?post=762944"},{"taxonomy":"product_cat","embeddable":true,"href":"https:\/\/roveyayinevi.com.tr\/index.php\/wp-json\/wp\/v2\/product_cat?post=762944"},{"taxonomy":"product_tag","embeddable":true,"href":"https:\/\/roveyayinevi.com.tr\/index.php\/wp-json\/wp\/v2\/product_tag?post=762944"}],"curies":[{"name":"wp","href":"https:\/\/api.w.org\/{rel}","templated":true}]}}