{"id":762941,"date":"2025-08-28T10:25:23","date_gmt":"2025-08-28T07:25:23","guid":{"rendered":"https:\/\/roveyayinevi.com.tr\/index.php\/urun\/intikam-icin-binlerce-tarif\/"},"modified":"2026-04-15T03:27:49","modified_gmt":"2026-04-15T00:27:49","slug":"intikam-icin-binlerce-tarif","status":"publish","type":"product","link":"https:\/\/roveyayinevi.com.tr\/index.php\/urun\/intikam-icin-binlerce-tarif\/","title":{"rendered":"\u0130ntikam \u0130\u00e7in Binlerce Tarif"},"content":{"rendered":"<p>Adamantine Garland\u2019\u0131n yiyecek ve \u015farapla empatik bir ba\u011flant\u0131s\u0131, aromalar, tatlar ve malzemeler konusunda sihirli bir alg\u0131s\u0131 var. Kraliyet saray\u0131n\u0131n paha bi\u00e7ilmez m\u00fclk\u00fc olan Ada adaletsizli\u011fe, kan d\u00f6k\u00fclmesine ve kendi kaderini \u00e7izmeye \u00e7al\u0131\u015farak terkedilene kadar Be\u015f Tanr\u0131\u2019ya ve Verdania h\u00fck\u00fcmdarlar\u0131na hizmet ediyordu. Gizemli suikast\u00e7\u0131lar, y\u0131llarca sakland\u0131ktan sonra onu ortaya \u00e7\u0131kard\u0131\u011f\u0131nda art\u0131k serseri bir \u015fef olan Ada ve b\u00fcy\u00fckannesi canlar\u0131n\u0131 kurtarmak i\u00e7in ka\u00e7arlar, ancak kendilerini beklenmedik bir m\u00fcttefike do\u011fru giden bir yolda bulurlar. Tuhaf bir sarayda yabanc\u0131 bir prenses olan Solenn, bilmeden Ada\u2019yla epik bir hediyeden daha fazlas\u0131n\u0131, kan\u0131 payla\u015f\u0131yorlar. Yeni ke\u015ffetti\u011fi b\u00fcy\u00fcl\u00fc alg\u0131s\u0131yla ni\u015fanl\u0131s\u0131 olan prensi \u00f6ld\u00fcrmeye y\u00f6nelik bir komplonun fark\u0131na var\u0131r. Bu, rakip \u00fclke Albion\u2019daki d\u00fc\u015fman g\u00fc\u00e7lerin \u00e7at\u0131\u015fma yaratmaya y\u00f6nelik bir hilesinin par\u00e7as\u0131d\u0131r ve Solenn bu su\u00e7u \u00fcstlenmeye haz\u0131rd\u0131r. Ada ve Solenn\u2019in yollar\u0131 kesi\u015firken bir anne ve uzun s\u00fcredir kay\u0131p olan k\u0131z\u0131 ortak bir ama\u00e7 do\u011frultusunda yeniden bir araya gelir ve Ada\u2019n\u0131n ge\u00e7mi\u015finden gelen intikam pe\u015findeki karanl\u0131k bir d\u00fc\u015fmana kar\u015f\u0131 birle\u015fir. Peki nas\u0131l fedak\u00e2rl\u0131klar yap\u0131lmal\u0131? G\u00fc\u00e7l\u00fc Tanr\u0131lar, patlamak \u00fczere olan bir sava\u015fta taraf se\u00e7ti\u011finde umut var m\u0131d\u0131r? <\/p>\n","protected":false},"excerpt":{"rendered":"<p>Adamantine Garland\u2019\u0131n yiyecek ve \u015farapla empatik bir ba\u011flant\u0131s\u0131, aromalar, tatlar ve malzemeler konusunda sihirli bir alg\u0131s\u0131 var. Kraliyet saray\u0131n\u0131n paha bi\u00e7ilmez m\u00fclk\u00fc olan Ada adaletsizli\u011fe, kan<span class=\"excerpt-hellip\"> [\u2026]<\/span><\/p>\n","protected":false},"featured_media":0,"template":"","meta":{"_monsterinsights_skip_tracking":false,"_monsterinsights_sitenote_active":false,"_monsterinsights_sitenote_note":"","_monsterinsights_sitenote_category":0},"product_brand":[],"product_cat":[12291,14777],"product_tag":[],"class_list":{"0":"post-762941","1":"product","2":"type-product","3":"status-publish","5":"product_cat-edebiyat","6":"product_cat-fantastik","7":"pa_cilt-ciltsiz","8":"pa_tur-kitap","9":"pa_yayinevi-artemis-yayinlari","10":"pa_yazar-beth-cato","12":"first","13":"instock","14":"sale","15":"shipping-taxable","16":"purchasable","17":"product-type-simple"},"_links":{"self":[{"href":"https:\/\/roveyayinevi.com.tr\/index.php\/wp-json\/wp\/v2\/product\/762941","targetHints":{"allow":["GET"]}}],"collection":[{"href":"https:\/\/roveyayinevi.com.tr\/index.php\/wp-json\/wp\/v2\/product"}],"about":[{"href":"https:\/\/roveyayinevi.com.tr\/index.php\/wp-json\/wp\/v2\/types\/product"}],"wp:attachment":[{"href":"https:\/\/roveyayinevi.com.tr\/index.php\/wp-json\/wp\/v2\/media?parent=762941"}],"wp:term":[{"taxonomy":"product_brand","embeddable":true,"href":"https:\/\/roveyayinevi.com.tr\/index.php\/wp-json\/wp\/v2\/product_brand?post=762941"},{"taxonomy":"product_cat","embeddable":true,"href":"https:\/\/roveyayinevi.com.tr\/index.php\/wp-json\/wp\/v2\/product_cat?post=762941"},{"taxonomy":"product_tag","embeddable":true,"href":"https:\/\/roveyayinevi.com.tr\/index.php\/wp-json\/wp\/v2\/product_tag?post=762941"}],"curies":[{"name":"wp","href":"https:\/\/api.w.org\/{rel}","templated":true}]}}