{"id":762940,"date":"2025-08-28T10:25:21","date_gmt":"2025-08-28T07:25:21","guid":{"rendered":"https:\/\/roveyayinevi.com.tr\/index.php\/urun\/enola-holmes-mycroftun-tehlikeli-oyunu\/"},"modified":"2026-04-15T03:27:49","modified_gmt":"2026-04-15T00:27:49","slug":"enola-holmes-mycroftun-tehlikeli-oyunu","status":"publish","type":"product","link":"https:\/\/roveyayinevi.com.tr\/index.php\/urun\/enola-holmes-mycroftun-tehlikeli-oyunu\/","title":{"rendered":"Enola Holmes &#8211; Mycroft\u2019un Tehlikeli Oyunu"},"content":{"rendered":"<p>Enola Holmes Filminin Resmi Grafik Roman\u0131   Enola kendisine ait bir \u015feyi almak i\u00e7in Mycroft&#8217;un odas\u0131na gizlice girdi\u011finde abisinin gizemli bir grup taraf\u0131ndan ka\u00e7\u0131r\u0131ld\u0131\u011f\u0131na tan\u0131k olmu\u015ftu. Mycroft&#8217;u kurtarmak i\u00e7in Londra yeralt\u0131 d\u00fcnyas\u0131n\u0131n derinliklerine giren Enola abisini ararken \u00e7ok daha b\u00fcy\u00fck bir gizem a\u011f\u0131n\u0131n ilmeklerini teker teker \u00e7\u00f6zecekti. Lord Tewkesburry ve Shag isimli bir sokak \u00e7ocu\u011funun da yard\u0131mlar\u0131yla anar\u015fist bir \u00f6rg\u00fct\u00fcn hain planlar\u0131n\u0131 engellemek ona kalm\u0131\u015ft\u0131.   \u201cHayranlar\u0131n Enola&#8217;n\u0131n hik\u00e2yesine tam da filmin b\u0131rakt\u0131\u011f\u0131yerden devam edebilecek olmas\u0131na bay\u0131ld\u0131m. Bu grafik roman m\u00fckemmel g\u00f6r\u00fcn\u00fcyor!\u201d    \u2013Millie Bobby Brown, Enola Holmes karakterini canland\u0131ran aktris     \u201cHem filmin hayranlar\u0131 hem de yeni okurlar bu heyecan dolu ve zeki maceraya kendilerini kapt\u0131racaklar. Enola harika bir karakter ve Viktorya d\u00f6nemi Londra&#8217;s\u0131n\u0131n uyand\u0131rd\u0131\u011f\u0131 his \u00e7ok ba\u015fka.\u201d    \u2013Paul Cornell, Elementary ve Doctor Who&#8217;nun senaristi   Veliaht Prens Jasimir\u2019in ac\u0131mas\u0131z Krali\u00e7e\u2019nin elinden kurtulmak i\u00e7in kendine \u00f6lm\u00fc\u015f s\u00fcs\u00fc verdi\u011fini \u00f6\u011frenen Fie onun o soylu Anka bo\u011faz\u0131n\u0131 orac\u0131kta kesmeye haz\u0131rd\u0131. Ama Prens tac\u0131n\u0131 geri almas\u0131na yard\u0131m etmeleri kar\u015f\u0131l\u0131\u011f\u0131nda, tahta \u00e7\u0131kt\u0131\u011f\u0131nda Kargalar\u0131 himayesi alt\u0131na alaca\u011f\u0131n\u0131 vaat edince i\u015fler de\u011fi\u015fecekti.   Kurnaz bir Muhaf\u0131z Atmaca sava\u015f\u00e7\u0131 Tavin b\u00fcy\u00fcyle Prens\u2019in g\u00f6r\u00fcn\u00fc\u015f\u00fcne b\u00fcr\u00fcnerek ve her ad\u0131m\u0131n\u0131 g\u00f6lge gibi takip ederek Jas\u2019in hayat\u0131n\u0131 hep kendininkinin \u00f6n\u00fcne koymu\u015ftu. Yollar\u0131 Kargalarla kesi\u015fti\u011finde ilk kez kendisi i\u00e7in bir \u015fey istemeye ba\u015flayacakt\u0131. Ancak sava\u015f kap\u0131dayd\u0131 ve Tavin\u2019in saklad\u0131\u011f\u0131 s\u0131rlar geldikleri yol ayr\u0131m\u0131nda hayati \u00f6nem ta\u015f\u0131yordu.  <\/p>\n","protected":false},"excerpt":{"rendered":"<p>Enola Holmes Filminin Resmi Grafik Roman\u0131 Enola kendisine ait bir \u015feyi almak i\u00e7in Mycroft&#8217;un odas\u0131na gizlice girdi\u011finde abisinin gizemli bir grup taraf\u0131ndan ka\u00e7\u0131r\u0131ld\u0131\u011f\u0131na tan\u0131k olmu\u015ftu. Mycroft&#8217;u<span class=\"excerpt-hellip\"> [\u2026]<\/span><\/p>\n","protected":false},"featured_media":0,"template":"","meta":{"_monsterinsights_skip_tracking":false,"_monsterinsights_sitenote_active":false,"_monsterinsights_sitenote_note":"","_monsterinsights_sitenote_category":0},"product_brand":[],"product_cat":[12416,12291],"product_tag":[],"class_list":{"0":"post-762940","1":"product","2":"type-product","3":"status-publish","5":"product_cat-cizgi-roman","6":"product_cat-edebiyat","7":"pa_cilt-ciltsiz","8":"pa_tur-kitap","9":"pa_yayinevi-indigo-kitap","10":"pa_yazar-mickey-george","12":"first","13":"instock","14":"sale","15":"shipping-taxable","16":"purchasable","17":"product-type-simple"},"_links":{"self":[{"href":"https:\/\/roveyayinevi.com.tr\/index.php\/wp-json\/wp\/v2\/product\/762940","targetHints":{"allow":["GET"]}}],"collection":[{"href":"https:\/\/roveyayinevi.com.tr\/index.php\/wp-json\/wp\/v2\/product"}],"about":[{"href":"https:\/\/roveyayinevi.com.tr\/index.php\/wp-json\/wp\/v2\/types\/product"}],"wp:attachment":[{"href":"https:\/\/roveyayinevi.com.tr\/index.php\/wp-json\/wp\/v2\/media?parent=762940"}],"wp:term":[{"taxonomy":"product_brand","embeddable":true,"href":"https:\/\/roveyayinevi.com.tr\/index.php\/wp-json\/wp\/v2\/product_brand?post=762940"},{"taxonomy":"product_cat","embeddable":true,"href":"https:\/\/roveyayinevi.com.tr\/index.php\/wp-json\/wp\/v2\/product_cat?post=762940"},{"taxonomy":"product_tag","embeddable":true,"href":"https:\/\/roveyayinevi.com.tr\/index.php\/wp-json\/wp\/v2\/product_tag?post=762940"}],"curies":[{"name":"wp","href":"https:\/\/api.w.org\/{rel}","templated":true}]}}