{"id":762939,"date":"2025-08-28T10:25:20","date_gmt":"2025-08-28T07:25:20","guid":{"rendered":"https:\/\/roveyayinevi.com.tr\/index.php\/urun\/mesruiyet-krizi\/"},"modified":"2026-04-15T03:27:49","modified_gmt":"2026-04-15T00:27:49","slug":"mesruiyet-krizi","status":"publish","type":"product","link":"https:\/\/roveyayinevi.com.tr\/index.php\/urun\/mesruiyet-krizi\/","title":{"rendered":"Me\u015fruiyet Krizi"},"content":{"rendered":"<p>Ju\u0308rgen Habermas, bu kitapta c\u0327ag\u0306das\u0327 Bat\u0131 toplumlar\u0131n\u0131n gelis\u0327iminin alt\u0131nda yatan derin gerilimleri ve kriz eg\u0306ilimlerini inceliyor. Modern devletlerin kars\u0327\u0131las\u0327t\u0131g\u0306\u0131 mes\u0327ruiyet sorunlar\u0131na dair gu\u0308c\u0327lu\u0308 bir analiz sunuyor. Ayr\u0131ca Bat\u0131 toplumlar\u0131n\u0131n kapitalizmle ilis\u0327kili ekonomik dalgalanmalar\u0131 dengelemeyi bir dereceye kadar bas\u0327ard\u0131g\u0306\u0131n\u0131 ancak bunun dig\u0306er alanlarda yeni bir dizi kriz eg\u0306ilimi yaratt\u0131g\u0306\u0131n\u0131 savunuyor. C\u0327ag\u0306das\u0327 sosyal ve siyasi analizin klasiklerinden biri olarak kabul edilen Mes\u0327ruiyet Krizi; s\u0131n\u0131f c\u0327at\u0131s\u0327mas\u0131n\u0131n azalmas\u0131, yerles\u0327ik siyasi kurumlara yo\u0308nelik hayal k\u0131r\u0131kl\u0131klar\u0131 ve refah devletinin krizleri gibi gu\u0308ncel tart\u0131s\u0327malar\u0131 merkezine alan bir dizi konuya \u0131s\u0327\u0131k tutuyor. Gec\u0327 kapitalizmin kriz do\u0308ngu\u0308su\u0308 bag\u0306lam\u0131nda gitgide daha fazla ihtiyac\u0327 duydug\u0306u anlam u\u0308retimi ve mes\u0327ruiyete dair eksiklikler kitab\u0131n odak noktas\u0131n\u0131 olus\u0327turuyor. Habermas\u2019\u0131n genis\u0327 bir yaz\u0131n\u0131 da ele alarak ortaya koydug\u0306u Mes\u0327ruiyet Krizi, sosyoloji, siyaset ve genel olarak sosyal bilimler ilgilileri ic\u0327in esasl\u0131 bir kaynak nitelig\u0306i tas\u0327\u0131yor.<\/p>\n","protected":false},"excerpt":{"rendered":"<p>Ju\u0308rgen Habermas, bu kitapta c\u0327ag\u0306das\u0327 Bat\u0131 toplumlar\u0131n\u0131n gelis\u0327iminin alt\u0131nda yatan derin gerilimleri ve kriz eg\u0306ilimlerini inceliyor. Modern devletlerin kars\u0327\u0131las\u0327t\u0131g\u0306\u0131 mes\u0327ruiyet sorunlar\u0131na dair gu\u0308c\u0327lu\u0308 bir analiz sunuyor.<span class=\"excerpt-hellip\"> [\u2026]<\/span><\/p>\n","protected":false},"featured_media":0,"template":"","meta":{"_monsterinsights_skip_tracking":false,"_monsterinsights_sitenote_active":false,"_monsterinsights_sitenote_note":"","_monsterinsights_sitenote_category":0},"product_brand":[],"product_cat":[12304,13650],"product_tag":[],"class_list":{"0":"post-762939","1":"product","2":"type-product","3":"status-publish","5":"product_cat-tarih","6":"product_cat-turk-tarihi-arastirmalari","7":"pa_cilt-ciltsiz","8":"pa_tur-kitap","9":"pa_yayinevi-albaraka-yayinlari","10":"pa_yazar-jurgen-habermas","12":"first","13":"instock","14":"sale","15":"shipping-taxable","16":"purchasable","17":"product-type-simple"},"_links":{"self":[{"href":"https:\/\/roveyayinevi.com.tr\/index.php\/wp-json\/wp\/v2\/product\/762939","targetHints":{"allow":["GET"]}}],"collection":[{"href":"https:\/\/roveyayinevi.com.tr\/index.php\/wp-json\/wp\/v2\/product"}],"about":[{"href":"https:\/\/roveyayinevi.com.tr\/index.php\/wp-json\/wp\/v2\/types\/product"}],"wp:attachment":[{"href":"https:\/\/roveyayinevi.com.tr\/index.php\/wp-json\/wp\/v2\/media?parent=762939"}],"wp:term":[{"taxonomy":"product_brand","embeddable":true,"href":"https:\/\/roveyayinevi.com.tr\/index.php\/wp-json\/wp\/v2\/product_brand?post=762939"},{"taxonomy":"product_cat","embeddable":true,"href":"https:\/\/roveyayinevi.com.tr\/index.php\/wp-json\/wp\/v2\/product_cat?post=762939"},{"taxonomy":"product_tag","embeddable":true,"href":"https:\/\/roveyayinevi.com.tr\/index.php\/wp-json\/wp\/v2\/product_tag?post=762939"}],"curies":[{"name":"wp","href":"https:\/\/api.w.org\/{rel}","templated":true}]}}