{"id":762938,"date":"2025-08-28T10:25:19","date_gmt":"2025-08-28T07:25:19","guid":{"rendered":"https:\/\/roveyayinevi.com.tr\/index.php\/urun\/gazzali-ve-modern-evrim-paradigmasi\/"},"modified":"2026-04-15T03:27:49","modified_gmt":"2026-04-15T00:27:49","slug":"gazzali-ve-modern-evrim-paradigmasi","status":"publish","type":"product","link":"https:\/\/roveyayinevi.com.tr\/index.php\/urun\/gazzali-ve-modern-evrim-paradigmasi\/","title":{"rendered":"Gazzali ve Modern Evrim Paradigmas\u0131"},"content":{"rendered":"<p>Gazza\u0302li\u0302 ve Modern Evrim Paradigmas\u0131, okuyucuyu I\u0307sla\u0302m ve evrim hakk\u0131nda bu\u0308tu\u0308ncu\u0308l ve eris\u0327ilebilir bir ac\u0327\u0131klamayla donatmaya c\u0327al\u0131s\u0327maktad\u0131r. Okuyucuya, Mu\u0308slu\u0308man yarat\u0131l\u0131s\u0327c\u0327\u0131lar ile evrimciler aras\u0131nda su\u0308regelen diyalogda rol oynayan farkl\u0131 deg\u0306is\u0327kenler konusunda rehberlik etmektedir.Shoaib Ahmed Malik, bu c\u0327al\u0131s\u0327mada tart\u0131s\u0327may\u0131 Orta C\u0327ag\u0306\u2019\u0131n tan\u0131nm\u0131s\u0327 ve sayg\u0131n I\u0307sla\u0302m du\u0308s\u0327u\u0308nu\u0308ru\u0308 Gazza\u0302li\u0302\u2019nin (1058-1111) merceg\u0306inden ele almaktad\u0131r. Eserde, Gazza\u0302li\u0302\u2019nin Su\u0308nni\u0302 kela\u0302m\u0131n o\u0308zel bir kolu olan Es\u0327\u2019ari\u0302 bir kela\u0302mc\u0131 olarak anlas\u0327\u0131lmas\u0131n\u0131 sag\u0306lamakla birlikte onun metafizik ve hermeno\u0308tik fikirleri \u0131s\u0327\u0131g\u0306\u0131nda, Neo-Darwinci evrimin kabul edilip edilemeyeceg\u0306i veya ne kadar kabul edilebileceg\u0306i aras\u0327t\u0131r\u0131lmaktad\u0131r.Dr. Shoaib Ahmed Malik\u2019in bu eseri, 2022 y\u0131l\u0131nda Uluslararas\u0131 Bilim ve Din Toplulug\u0306u (International Society for Science and Religion) taraf\u0131ndan bilim ve din u\u0308zerine yaz\u0131lm\u0131s\u0327 en iyi akademik kitap o\u0308du\u0308lu\u0308ne lay\u0131k go\u0308ru\u0308ldu\u0308. Eser; bilim ve din, teoloji, din felsefesi gibi bas\u0327l\u0131klarda I\u0307sla\u0302m c\u0327al\u0131s\u0327malar\u0131 yu\u0308ru\u0308ten akademisyenler ic\u0327in o\u0308nemli bir kaynak nitelig\u0306i tas\u0327\u0131yor.<\/p>\n","protected":false},"excerpt":{"rendered":"<p>Gazza\u0302li\u0302 ve Modern Evrim Paradigmas\u0131, okuyucuyu I\u0307sla\u0302m ve evrim hakk\u0131nda bu\u0308tu\u0308ncu\u0308l ve eris\u0327ilebilir bir ac\u0327\u0131klamayla donatmaya c\u0327al\u0131s\u0327maktad\u0131r. Okuyucuya, Mu\u0308slu\u0308man yarat\u0131l\u0131s\u0327c\u0327\u0131lar ile evrimciler aras\u0131nda su\u0308regelen diyalogda rol<span class=\"excerpt-hellip\"> [\u2026]<\/span><\/p>\n","protected":false},"featured_media":0,"template":"","meta":{"_monsterinsights_skip_tracking":false,"_monsterinsights_sitenote_active":false,"_monsterinsights_sitenote_note":"","_monsterinsights_sitenote_category":0},"product_brand":[],"product_cat":[12718,12719],"product_tag":[],"class_list":{"0":"post-762938","1":"product","2":"type-product","3":"status-publish","5":"product_cat-din","6":"product_cat-islam","7":"pa_cilt-ciltsiz","8":"pa_tur-kitap","9":"pa_yayinevi-albaraka-yayinlari","10":"pa_yazar-shoaib-ahmed-malik","12":"first","13":"instock","14":"sale","15":"shipping-taxable","16":"purchasable","17":"product-type-simple"},"_links":{"self":[{"href":"https:\/\/roveyayinevi.com.tr\/index.php\/wp-json\/wp\/v2\/product\/762938","targetHints":{"allow":["GET"]}}],"collection":[{"href":"https:\/\/roveyayinevi.com.tr\/index.php\/wp-json\/wp\/v2\/product"}],"about":[{"href":"https:\/\/roveyayinevi.com.tr\/index.php\/wp-json\/wp\/v2\/types\/product"}],"wp:attachment":[{"href":"https:\/\/roveyayinevi.com.tr\/index.php\/wp-json\/wp\/v2\/media?parent=762938"}],"wp:term":[{"taxonomy":"product_brand","embeddable":true,"href":"https:\/\/roveyayinevi.com.tr\/index.php\/wp-json\/wp\/v2\/product_brand?post=762938"},{"taxonomy":"product_cat","embeddable":true,"href":"https:\/\/roveyayinevi.com.tr\/index.php\/wp-json\/wp\/v2\/product_cat?post=762938"},{"taxonomy":"product_tag","embeddable":true,"href":"https:\/\/roveyayinevi.com.tr\/index.php\/wp-json\/wp\/v2\/product_tag?post=762938"}],"curies":[{"name":"wp","href":"https:\/\/api.w.org\/{rel}","templated":true}]}}