{"id":762937,"date":"2025-08-28T10:25:17","date_gmt":"2025-08-28T07:25:17","guid":{"rendered":"https:\/\/roveyayinevi.com.tr\/index.php\/urun\/neyzen-tevfik-butun-siirleri\/"},"modified":"2025-08-31T20:41:22","modified_gmt":"2025-08-31T17:41:22","slug":"neyzen-tevfik-butun-siirleri","status":"publish","type":"product","link":"https:\/\/roveyayinevi.com.tr\/index.php\/urun\/neyzen-tevfik-butun-siirleri\/","title":{"rendered":"Neyzen Tevfik B\u00fct\u00fcn \u015eiirleri"},"content":{"rendered":"<p>Bir u\u00e7tan bir uca cesaretle dokunan reng\u00e2renk bir T\u00fcrk\u00e7e\u2026 Derinlerden kanaya kanata \u00fcflenen hakik\u00ee bir a\u015fk nefesi\u2026 Varolu\u015fun, belki de \u015fiirde ebedi y\u00fckseli\u015fidir bu. Ve Neyzen Tevfik\u2026 Kendisini de b\u00f6ylece \u015fiirle\u015ftirir\u2026 Sarho\u015fken ay\u0131klardan daha ay\u0131k bir deha. T\u0131marhanede, gecenin bir bu\u00e7u\u011funda \u015fiir yazarken ak\u0131ll\u0131lardan daha ak\u0131ll\u0131 bir uyan\u0131k\u2026 G\u00f6nl\u00fcn\u00fcn meyhanesi t\u00fcm s\u00f6zc\u00fckleri t\u0131rnak i\u00e7ine ald\u0131r\u0131r: Dinleyen her zerreye bin bir hit\u00e2b\u0131m var benim, K\u00e2in\u00e2t isminde Hi\u00e7\u2019ten bir kit\u00e2b\u0131m var benim! Ya hit\u00e2b\u0131mdan okursun, ya kit\u00e2b\u0131mdan beni, Yazd\u0131\u011f\u0131m efs\u00e2nede on alt\u0131 b\u00e2b\u0131m var benim! Hey\u2019etimde m\u00fcttefik ma\u011frible ma\u015fr\u0131k, veche yok; Gayr-i mer\u2019\u00ee zerrede bin \u00e2fit\u00e2b\u0131m var benim! H\u00fcsn-i mutlak bir yudumda kendini gayb eyledi, G\u00f6nl\u00fcm\u00fcn humh\u00e2nesinde b\u00f6yle n\u00e2b\u0131m var benim! Varl\u0131\u011f\u0131mdan intih\u00e2s\u0131zl\u0131k terenn\u00fcm eyleyen Bezm-i h\u00ee\u00e7\u00eede adem adl\u0131 reb\u00e2b\u0131m var benim! Ne\u015fvemiz b\u00ee-ibtid\u00e2d\u0131r, i\u015fvemiz b\u00ee-intih\u00e2, B\u00f6yle bir s\u00e2k\u00eeye candan intis\u00e2b\u0131m var benim! Meyve-i memn\u00fb\u2019adan \u00e7ekmi\u015f bizim p\u00eer-i mug\u0101n, Neyzen\u2019im, g\u00f6nl\u00fcmde bin bir k\u00fcp \u015far\u00e2b\u0131m var benim<\/p>\n","protected":false},"excerpt":{"rendered":"<p>Bir u\u00e7tan bir uca cesaretle dokunan reng\u00e2renk bir T\u00fcrk\u00e7e\u2026 Derinlerden kanaya kanata \u00fcflenen hakik\u00ee bir a\u015fk nefesi\u2026 Varolu\u015fun, belki de \u015fiirde ebedi y\u00fckseli\u015fidir bu. Ve Neyzen<span class=\"excerpt-hellip\"> [\u2026]<\/span><\/p>\n","protected":false},"featured_media":0,"template":"","meta":{"_monsterinsights_skip_tracking":false,"_monsterinsights_sitenote_active":false,"_monsterinsights_sitenote_note":"","_monsterinsights_sitenote_category":0},"product_brand":[],"product_cat":[12291,12509],"product_tag":[],"class_list":{"0":"post-762937","1":"product","2":"type-product","3":"status-publish","5":"product_cat-edebiyat","6":"product_cat-siir","7":"pa_cilt-ciltsiz","8":"pa_tur-kitap","9":"pa_yayinevi-kapi-yayinlari","10":"pa_yazar-neyzen-tevfik","12":"first","13":"instock","14":"sale","15":"shipping-taxable","16":"purchasable","17":"product-type-simple"},"_links":{"self":[{"href":"https:\/\/roveyayinevi.com.tr\/index.php\/wp-json\/wp\/v2\/product\/762937","targetHints":{"allow":["GET"]}}],"collection":[{"href":"https:\/\/roveyayinevi.com.tr\/index.php\/wp-json\/wp\/v2\/product"}],"about":[{"href":"https:\/\/roveyayinevi.com.tr\/index.php\/wp-json\/wp\/v2\/types\/product"}],"wp:attachment":[{"href":"https:\/\/roveyayinevi.com.tr\/index.php\/wp-json\/wp\/v2\/media?parent=762937"}],"wp:term":[{"taxonomy":"product_brand","embeddable":true,"href":"https:\/\/roveyayinevi.com.tr\/index.php\/wp-json\/wp\/v2\/product_brand?post=762937"},{"taxonomy":"product_cat","embeddable":true,"href":"https:\/\/roveyayinevi.com.tr\/index.php\/wp-json\/wp\/v2\/product_cat?post=762937"},{"taxonomy":"product_tag","embeddable":true,"href":"https:\/\/roveyayinevi.com.tr\/index.php\/wp-json\/wp\/v2\/product_tag?post=762937"}],"curies":[{"name":"wp","href":"https:\/\/api.w.org\/{rel}","templated":true}]}}