{"id":762936,"date":"2025-08-28T10:25:15","date_gmt":"2025-08-28T07:25:15","guid":{"rendered":"https:\/\/roveyayinevi.com.tr\/index.php\/urun\/nuke-turkiye\/"},"modified":"2026-02-03T03:30:19","modified_gmt":"2026-02-03T00:30:19","slug":"nuke-turkiye","status":"publish","type":"product","link":"https:\/\/roveyayinevi.com.tr\/index.php\/urun\/nuke-turkiye\/","title":{"rendered":"\u2018Nuke\u2019  T\u00fcrkiye"},"content":{"rendered":"<p>\u201cOr\u2019da Kimse Var M\u0131?\u201d serisi azg\u0131n i\u015ftahlar\u0131n besledi\u011fi cehaleti \u015fehvetle ba\u011fr\u0131na basan T\u00fcrkiye toplumunun k\u0131yd\u0131\u011f\u0131 bir ayd\u0131n\u0131n, G\u00fcnay Rodoplu\u2019nun \u00f6yk\u00fcs\u00fc.   Serinin birinci kitab\u0131, Viva La Muerte! Ya\u015fas\u0131n \u00d6l\u00fcm!, h\u0131zla yabanc\u0131la\u015fan T\u00fcrkiye toplumunda bir haymatlos gibi ya\u015famak zorunda kalan Rodoplu\u2019nun, ezilmesini, pasifize edilmesini anlat\u0131r.   \u201cBu toplumda \u2018biliyor\u2019 olmak mutlak surette bir haks\u0131zl\u0131\u011fa maruz kalmak demektir. \u00c7\u00fcnk\u00fc bilgi bor\u00e7land\u0131r\u0131r, \u2018anlamak\u2019 zorunda b\u0131rak\u0131r. Cahil, ac\u0131ma duygusu uyand\u0131r\u0131r. Y\u0131k\u0131c\u0131l\u0131\u011f\u0131 ba\u011f\u0131\u015flan\u0131r. Bu, onlar\u0131n l\u00fcks\u00fcd\u00fcr. Oysa ayd\u0131n, bilgilenmek gibi bir su\u00e7tan m\u00fcebbeten mahk\u00fbm edilmi\u015ftir. Bast\u0131\u011f\u0131 yerde ot bitmeyen cahili vicdan\u0131n\u0131n demir parmaklar\u0131 aras\u0131ndan seyreder,\u201d diyen Alev Alatl\u0131, ikinci kitap, \u2018Nuke\u2019 T\u00fcrkiye!\u2019de cehaletin sadece bizim toplumumuza \u00f6zg\u00fc olmad\u0131\u011f\u0131n\u0131 anlat\u0131yor.   \u201cT\u00fcrk ayd\u0131n\u0131, iki cephede sava\u015f\u0131r. Sadece kendi toplumunun hoyratl\u0131\u011f\u0131 ile de\u011fil, Bat\u0131\u2019n\u0131n hemen her zaman \u015fiddetle sonu\u00e7lanan kendini be\u011fenmi\u015fli\u011fi ile de u\u011fra\u015fmak zorundad\u0131r. Bu bak\u0131mdan, sadece T\u00fcrkiye\u2019de de\u011fil, Bat\u0131\u2019da da haymatlostur! D\u00fcnya \u00fczerindeki iktidar\u0131n\u0131 koruma gayreti i\u00e7indeki Bat\u0131, cahiliyeyi \u00f6yle bir hamiyetle dayat\u0131r ki, elvermemek, katledilmek demektir.\u201d <\/p>\n","protected":false},"excerpt":{"rendered":"<p>\u201cOr\u2019da Kimse Var M\u0131?\u201d serisi azg\u0131n i\u015ftahlar\u0131n besledi\u011fi cehaleti \u015fehvetle ba\u011fr\u0131na basan T\u00fcrkiye toplumunun k\u0131yd\u0131\u011f\u0131 bir ayd\u0131n\u0131n, G\u00fcnay Rodoplu\u2019nun \u00f6yk\u00fcs\u00fc. Serinin birinci kitab\u0131, Viva La Muerte!<span class=\"excerpt-hellip\"> [\u2026]<\/span><\/p>\n","protected":false},"featured_media":0,"template":"","meta":{"_monsterinsights_skip_tracking":false,"_monsterinsights_sitenote_active":false,"_monsterinsights_sitenote_note":"","_monsterinsights_sitenote_category":0},"product_brand":[],"product_cat":[12291,18202],"product_tag":[],"class_list":{"0":"post-762936","1":"product","2":"type-product","3":"status-publish","5":"product_cat-edebiyat","6":"product_cat-hikaye","7":"pa_cilt-ciltsiz","8":"pa_tur-kitap","9":"pa_yayinevi-kapi-yayinlari","10":"pa_yazar-alev-alatli","12":"first","13":"instock","14":"sale","15":"shipping-taxable","16":"purchasable","17":"product-type-simple"},"_links":{"self":[{"href":"https:\/\/roveyayinevi.com.tr\/index.php\/wp-json\/wp\/v2\/product\/762936","targetHints":{"allow":["GET"]}}],"collection":[{"href":"https:\/\/roveyayinevi.com.tr\/index.php\/wp-json\/wp\/v2\/product"}],"about":[{"href":"https:\/\/roveyayinevi.com.tr\/index.php\/wp-json\/wp\/v2\/types\/product"}],"wp:attachment":[{"href":"https:\/\/roveyayinevi.com.tr\/index.php\/wp-json\/wp\/v2\/media?parent=762936"}],"wp:term":[{"taxonomy":"product_brand","embeddable":true,"href":"https:\/\/roveyayinevi.com.tr\/index.php\/wp-json\/wp\/v2\/product_brand?post=762936"},{"taxonomy":"product_cat","embeddable":true,"href":"https:\/\/roveyayinevi.com.tr\/index.php\/wp-json\/wp\/v2\/product_cat?post=762936"},{"taxonomy":"product_tag","embeddable":true,"href":"https:\/\/roveyayinevi.com.tr\/index.php\/wp-json\/wp\/v2\/product_tag?post=762936"}],"curies":[{"name":"wp","href":"https:\/\/api.w.org\/{rel}","templated":true}]}}