{"id":762934,"date":"2025-08-28T10:25:11","date_gmt":"2025-08-28T07:25:11","guid":{"rendered":"https:\/\/roveyayinevi.com.tr\/index.php\/urun\/besiktas-efsanesi\/"},"modified":"2026-04-15T03:27:49","modified_gmt":"2026-04-15T00:27:49","slug":"besiktas-efsanesi","status":"publish","type":"product","link":"https:\/\/roveyayinevi.com.tr\/index.php\/urun\/besiktas-efsanesi\/","title":{"rendered":"Be\u015fikta\u015f Efsanesi"},"content":{"rendered":"<p>\u201c\u0130stanbul\u2019un \u00fc\u00e7 bu\u0308yu\u0308kleri aras\u0131nda BJK\u2019n\u0131n \u00f6zel bir yeri vard\u0131r. Fenerbah\u00e7e Cumhuriyeti\u2019nin, Galatasaray Aristokrasisi\u2019nin yan\u0131nda sadece &#8216;Halk\u0131n Tak\u0131m\u0131\u2019d\u0131r.&#8217; Mu\u0308tevaz\u0131d\u0131r. Renkleri g\u00fczeldir Be\u015fikta\u015f\u2019\u0131n. Beyaz ile siyah\u0131n uyumu, emek ve efendilik kadar gu\u0308zel, ya\u015fam ve \u00f6lu\u0308m kadar ger\u00e7ektir.\u201d Ahmet \u00d6zdemiro\u011flu g\u00f6n\u00fcl verdi\u011fi tak\u0131m\u0131n kurulu\u015fundan g\u00fcn\u00fcm\u00fcze tarihini, efsanele\u015fmi\u015f oyuncular\u0131n\u0131 ve semtiyle, taraftar\u0131yla yaratt\u0131\u011f\u0131 k\u00fclt\u00fcr\u00fc kaleme al\u0131yor Be\u015fikta\u015f Efsanesi\u2019nde. Baba Hakk\u0131&#8217;s\u0131, Vedat Okyar&#8217;\u0131, S\u00fcleyman Seba&#8217;s\u0131, Metin-Ali-Feyyaz&#8217;\u0131 ve daha nice siyah beyaza sevdal\u0131 fig\u00fcr\u00fcyle, Be\u015fikta\u015f&#8217;\u0131n niye &#8220;\u00fc\u00e7 b\u00fcy\u00fckler&#8221; aras\u0131nda oldu\u011funu bu kitab\u0131 okuyunca \u00e7ok daha iyi anlayacaks\u0131n\u0131z.  \u201cBazen vefal\u0131 taraftarlar\u0131m\u0131zdan yan\u0131ma gelip &#8216;Sen bizim efsanemizsin!&#8217; diyenler \u00e7\u0131kar, sa\u011f olsunlar. Onlara hep ayn\u0131 cu\u0308mleyi s\u00f6ylerim: Efsane olan, Be\u015fikta\u015f\u2019t\u0131r! \u0130\u015fte bu g\u00f6rkemli efsanenin emekle, efendilikle, gayretle, sab\u0131rla ve tart\u0131\u015fmas\u0131z du\u0308nyan\u0131n en gu\u0308zel taraftar\u0131n\u0131n verdi\u011fi destekle \u00f6ru\u0308lmu\u0308\u015f hik\u00e2yesini anlat\u0131yor okudu\u011funuz kitap.\u201d \u2013 Metin Tekin <\/p>\n","protected":false},"excerpt":{"rendered":"<p>\u201c\u0130stanbul\u2019un \u00fc\u00e7 bu\u0308yu\u0308kleri aras\u0131nda BJK\u2019n\u0131n \u00f6zel bir yeri vard\u0131r. Fenerbah\u00e7e Cumhuriyeti\u2019nin, Galatasaray Aristokrasisi\u2019nin yan\u0131nda sadece &#8216;Halk\u0131n Tak\u0131m\u0131\u2019d\u0131r.&#8217; Mu\u0308tevaz\u0131d\u0131r. Renkleri g\u00fczeldir Be\u015fikta\u015f\u2019\u0131n. Beyaz ile siyah\u0131n uyumu, emek<span class=\"excerpt-hellip\"> [\u2026]<\/span><\/p>\n","protected":false},"featured_media":0,"template":"","meta":{"_monsterinsights_skip_tracking":false,"_monsterinsights_sitenote_active":false,"_monsterinsights_sitenote_note":"","_monsterinsights_sitenote_category":0},"product_brand":[],"product_cat":[15563,15564],"product_tag":[],"class_list":{"0":"post-762934","1":"product","2":"type-product","3":"status-publish","5":"product_cat-hobi","6":"product_cat-spor","7":"pa_cilt-ciltsiz","8":"pa_tur-kitap","9":"pa_yayinevi-ithaki-yayinlari","10":"pa_yazar-ahmet-ozdemiroglu","12":"first","13":"instock","14":"sale","15":"shipping-taxable","16":"purchasable","17":"product-type-simple"},"_links":{"self":[{"href":"https:\/\/roveyayinevi.com.tr\/index.php\/wp-json\/wp\/v2\/product\/762934","targetHints":{"allow":["GET"]}}],"collection":[{"href":"https:\/\/roveyayinevi.com.tr\/index.php\/wp-json\/wp\/v2\/product"}],"about":[{"href":"https:\/\/roveyayinevi.com.tr\/index.php\/wp-json\/wp\/v2\/types\/product"}],"wp:attachment":[{"href":"https:\/\/roveyayinevi.com.tr\/index.php\/wp-json\/wp\/v2\/media?parent=762934"}],"wp:term":[{"taxonomy":"product_brand","embeddable":true,"href":"https:\/\/roveyayinevi.com.tr\/index.php\/wp-json\/wp\/v2\/product_brand?post=762934"},{"taxonomy":"product_cat","embeddable":true,"href":"https:\/\/roveyayinevi.com.tr\/index.php\/wp-json\/wp\/v2\/product_cat?post=762934"},{"taxonomy":"product_tag","embeddable":true,"href":"https:\/\/roveyayinevi.com.tr\/index.php\/wp-json\/wp\/v2\/product_tag?post=762934"}],"curies":[{"name":"wp","href":"https:\/\/api.w.org\/{rel}","templated":true}]}}