{"id":762926,"date":"2025-08-28T10:24:55","date_gmt":"2025-08-28T07:24:55","guid":{"rendered":"https:\/\/roveyayinevi.com.tr\/index.php\/urun\/borodino-trampetcisi\/"},"modified":"2026-04-15T03:27:49","modified_gmt":"2026-04-15T00:27:49","slug":"borodino-trampetcisi","status":"publish","type":"product","link":"https:\/\/roveyayinevi.com.tr\/index.php\/urun\/borodino-trampetcisi\/","title":{"rendered":"Borodino Trampet\u00e7isi"},"content":{"rendered":"<p>\u0130mparator, gen\u00e7 trampet\u00e7i Vincent\u2019a g\u00fcl\u00fcmsedi. Zaten herkes ona g\u00fcl\u00fcmserdi&#8230;   Napolyon\u2019un korkun\u00e7 Rusya seferinin karanl\u0131k evreninde umudun varl\u0131\u011f\u0131n\u0131 s\u00fcrd\u00fcrebilen tek bir ki\u015finin, b\u00fcy\u00fck ordu kendi k\u0131yametine ilerlerken \u00e7evresindeki herkesin korudu\u011fu ve \u00fczerine titredi\u011fi son masumiyet kal\u0131nt\u0131s\u0131n\u0131n epik hik\u00e2yesi.   Bu muhte\u015fem \u00f6yk\u00fcy\u00fc, bir m\u00fczenin koridorlar\u0131nda geziyor gibi her biri sanat eseri olan karelerle takip edeceksiniz. <\/p>\n","protected":false},"excerpt":{"rendered":"<p>\u0130mparator, gen\u00e7 trampet\u00e7i Vincent\u2019a g\u00fcl\u00fcmsedi. Zaten herkes ona g\u00fcl\u00fcmserdi&#8230; Napolyon\u2019un korkun\u00e7 Rusya seferinin karanl\u0131k evreninde umudun varl\u0131\u011f\u0131n\u0131 s\u00fcrd\u00fcrebilen tek bir ki\u015finin, b\u00fcy\u00fck ordu kendi k\u0131yametine ilerlerken<span class=\"excerpt-hellip\"> [\u2026]<\/span><\/p>\n","protected":false},"featured_media":0,"template":"","meta":{"_monsterinsights_skip_tracking":false,"_monsterinsights_sitenote_active":false,"_monsterinsights_sitenote_note":"","_monsterinsights_sitenote_category":0},"product_brand":[],"product_cat":[12416,12291],"product_tag":[],"class_list":{"0":"post-762926","1":"product","2":"type-product","3":"status-publish","5":"product_cat-cizgi-roman","6":"product_cat-edebiyat","7":"pa_cilt-ciltsiz","8":"pa_tur-kitap","9":"pa_yayinevi-kara-karga-yayinlari","10":"pa_yazar-simon-spruyt","12":"first","13":"instock","14":"sale","15":"shipping-taxable","16":"purchasable","17":"product-type-simple"},"_links":{"self":[{"href":"https:\/\/roveyayinevi.com.tr\/index.php\/wp-json\/wp\/v2\/product\/762926","targetHints":{"allow":["GET"]}}],"collection":[{"href":"https:\/\/roveyayinevi.com.tr\/index.php\/wp-json\/wp\/v2\/product"}],"about":[{"href":"https:\/\/roveyayinevi.com.tr\/index.php\/wp-json\/wp\/v2\/types\/product"}],"wp:attachment":[{"href":"https:\/\/roveyayinevi.com.tr\/index.php\/wp-json\/wp\/v2\/media?parent=762926"}],"wp:term":[{"taxonomy":"product_brand","embeddable":true,"href":"https:\/\/roveyayinevi.com.tr\/index.php\/wp-json\/wp\/v2\/product_brand?post=762926"},{"taxonomy":"product_cat","embeddable":true,"href":"https:\/\/roveyayinevi.com.tr\/index.php\/wp-json\/wp\/v2\/product_cat?post=762926"},{"taxonomy":"product_tag","embeddable":true,"href":"https:\/\/roveyayinevi.com.tr\/index.php\/wp-json\/wp\/v2\/product_tag?post=762926"}],"curies":[{"name":"wp","href":"https:\/\/api.w.org\/{rel}","templated":true}]}}