{"id":762924,"date":"2025-08-28T10:24:51","date_gmt":"2025-08-28T07:24:51","guid":{"rendered":"https:\/\/roveyayinevi.com.tr\/index.php\/urun\/dinozor-agaci\/"},"modified":"2026-04-15T03:27:49","modified_gmt":"2026-04-15T00:27:49","slug":"dinozor-agaci","status":"publish","type":"product","link":"https:\/\/roveyayinevi.com.tr\/index.php\/urun\/dinozor-agaci\/","title":{"rendered":"Dinozor A\u011fac\u0131"},"content":{"rendered":"<p>Dinozorlar zaman\u0131n\u0131 g\u00f6rm\u00fc\u015f bir a\u011fac\u0131n tohumu nas\u0131l b\u00fcy\u00fcr? Minicik bir tohum, nas\u0131l kocaman bir a\u011fa\u00e7 olur? Dinozor A\u011fac\u0131, i\u015fte bu d\u00f6n\u00fc\u015f\u00fcm\u00fcn hik\u00e2yesini anlat\u0131yor.<\/p>\n","protected":false},"excerpt":{"rendered":"<p>Dinozorlar zaman\u0131n\u0131 g\u00f6rm\u00fc\u015f bir a\u011fac\u0131n tohumu nas\u0131l b\u00fcy\u00fcr? Minicik bir tohum, nas\u0131l kocaman bir a\u011fa\u00e7 olur? Dinozor A\u011fac\u0131, i\u015fte bu d\u00f6n\u00fc\u015f\u00fcm\u00fcn hik\u00e2yesini anlat\u0131yor.<\/p>\n","protected":false},"featured_media":0,"template":"","meta":{"_monsterinsights_skip_tracking":false,"_monsterinsights_sitenote_active":false,"_monsterinsights_sitenote_note":"","_monsterinsights_sitenote_category":0},"product_brand":[],"product_cat":[12274,12284],"product_tag":[],"class_list":{"0":"post-762924","1":"product","2":"type-product","3":"status-publish","5":"product_cat-cocuk-ve-genclik-kitaplari","6":"product_cat-hikayeler","7":"pa_cilt-ciltsiz","8":"pa_tur-kitap","9":"pa_yayinevi-final-kultur-sanat-yayinlari","10":"pa_yazar-ebru-akkas-kuseyri","12":"first","13":"instock","14":"sale","15":"shipping-taxable","16":"purchasable","17":"product-type-simple"},"_links":{"self":[{"href":"https:\/\/roveyayinevi.com.tr\/index.php\/wp-json\/wp\/v2\/product\/762924","targetHints":{"allow":["GET"]}}],"collection":[{"href":"https:\/\/roveyayinevi.com.tr\/index.php\/wp-json\/wp\/v2\/product"}],"about":[{"href":"https:\/\/roveyayinevi.com.tr\/index.php\/wp-json\/wp\/v2\/types\/product"}],"wp:attachment":[{"href":"https:\/\/roveyayinevi.com.tr\/index.php\/wp-json\/wp\/v2\/media?parent=762924"}],"wp:term":[{"taxonomy":"product_brand","embeddable":true,"href":"https:\/\/roveyayinevi.com.tr\/index.php\/wp-json\/wp\/v2\/product_brand?post=762924"},{"taxonomy":"product_cat","embeddable":true,"href":"https:\/\/roveyayinevi.com.tr\/index.php\/wp-json\/wp\/v2\/product_cat?post=762924"},{"taxonomy":"product_tag","embeddable":true,"href":"https:\/\/roveyayinevi.com.tr\/index.php\/wp-json\/wp\/v2\/product_tag?post=762924"}],"curies":[{"name":"wp","href":"https:\/\/api.w.org\/{rel}","templated":true}]}}