{"id":762923,"date":"2025-08-28T10:24:49","date_gmt":"2025-08-28T07:24:49","guid":{"rendered":"https:\/\/roveyayinevi.com.tr\/index.php\/urun\/gitmiyorum\/"},"modified":"2026-04-15T03:27:49","modified_gmt":"2026-04-15T00:27:49","slug":"gitmiyorum","status":"publish","type":"product","link":"https:\/\/roveyayinevi.com.tr\/index.php\/urun\/gitmiyorum\/","title":{"rendered":"Gitmiyorum!"},"content":{"rendered":"<p>Gitmek istemiyorum.  Ama \u00e7ok e\u011fleneceksin! Do\u011fum g\u00fcn\u00fc partisine gitmek istemeyen minik kahraman\u0131m\u0131z, babas\u0131n\u0131n deste\u011fiyle harika bir g\u00fcn ge\u00e7iriyor. Bu seri, g\u00fcndelik ya\u015famdan \u00f6rnekler e\u015fli\u011finde, zorluklar kar\u015f\u0131s\u0131nda endi\u015fe, \u00f6fke ve \u00fcz\u00fcnt\u00fc ya\u015fayan \u00e7ocuklar\u0131n nas\u0131l desteklenebilece\u011fini g\u00f6sterirken miniklere ve b\u00fcy\u00fcklere yol g\u00f6steriyor.<\/p>\n","protected":false},"excerpt":{"rendered":"<p>Gitmek istemiyorum. Ama \u00e7ok e\u011fleneceksin! Do\u011fum g\u00fcn\u00fc partisine gitmek istemeyen minik kahraman\u0131m\u0131z, babas\u0131n\u0131n deste\u011fiyle harika bir g\u00fcn ge\u00e7iriyor. Bu seri, g\u00fcndelik ya\u015famdan \u00f6rnekler e\u015fli\u011finde, zorluklar kar\u015f\u0131s\u0131nda<span class=\"excerpt-hellip\"> [\u2026]<\/span><\/p>\n","protected":false},"featured_media":0,"template":"","meta":{"_monsterinsights_skip_tracking":false,"_monsterinsights_sitenote_active":false,"_monsterinsights_sitenote_note":"","_monsterinsights_sitenote_category":0},"product_brand":[],"product_cat":[12274,12284],"product_tag":[],"class_list":{"0":"post-762923","1":"product","2":"type-product","3":"status-publish","5":"product_cat-cocuk-ve-genclik-kitaplari","6":"product_cat-hikayeler","7":"pa_cilt-ciltsiz","8":"pa_tur-kitap","9":"pa_yayinevi-is-bankasi-kultur-yayinlari","10":"pa_yazar-nelly-buchet","12":"first","13":"instock","14":"sale","15":"shipping-taxable","16":"purchasable","17":"product-type-simple"},"_links":{"self":[{"href":"https:\/\/roveyayinevi.com.tr\/index.php\/wp-json\/wp\/v2\/product\/762923","targetHints":{"allow":["GET"]}}],"collection":[{"href":"https:\/\/roveyayinevi.com.tr\/index.php\/wp-json\/wp\/v2\/product"}],"about":[{"href":"https:\/\/roveyayinevi.com.tr\/index.php\/wp-json\/wp\/v2\/types\/product"}],"wp:attachment":[{"href":"https:\/\/roveyayinevi.com.tr\/index.php\/wp-json\/wp\/v2\/media?parent=762923"}],"wp:term":[{"taxonomy":"product_brand","embeddable":true,"href":"https:\/\/roveyayinevi.com.tr\/index.php\/wp-json\/wp\/v2\/product_brand?post=762923"},{"taxonomy":"product_cat","embeddable":true,"href":"https:\/\/roveyayinevi.com.tr\/index.php\/wp-json\/wp\/v2\/product_cat?post=762923"},{"taxonomy":"product_tag","embeddable":true,"href":"https:\/\/roveyayinevi.com.tr\/index.php\/wp-json\/wp\/v2\/product_tag?post=762923"}],"curies":[{"name":"wp","href":"https:\/\/api.w.org\/{rel}","templated":true}]}}